{"id":243022,"date":"2023-05-10T16:05:16","date_gmt":"2023-05-10T16:05:16","guid":{"rendered":"https:\/\/bold-cartwright.3-19-126-172.plesk.page\/recursos-do-filme\/"},"modified":"2025-04-29T17:02:20","modified_gmt":"2025-04-29T17:02:20","slug":"recursos-do-filme","status":"publish","type":"page","link":"https:\/\/theletterfilm.org\/pt-br\/recursos-do-filme\/","title":{"rendered":"Recursos do filme"},"content":{"rendered":"<p>[et_pb_section fb_built=&#8221;1&#8243; custom_padding_last_edited=&#8221;on|phone&#8221; _builder_version=&#8221;4.20.0&#8243; use_background_color_gradient=&#8221;on&#8221; background_color_gradient_direction=&#8221;90deg&#8221; background_color_gradient_stops=&#8221;rgba(0,0,0,0.47) 0%|rgba(255,255,255,0) 68%&#8221; background_color_gradient_overlays_image=&#8221;on&#8221; background_image=&#8221;https:\/\/www1.theletterfilm.org\/wp-content\/uploads\/2023\/05\/After-pope-meeting-4.jpg&#8221; parallax=&#8221;on&#8221; parallax_method=&#8221;off&#8221; height_tablet=&#8221;&#8221; height_phone=&#8221;&#8221; height_last_edited=&#8221;on|desktop&#8221; custom_padding_tablet=&#8221;5vh||||false|false&#8221; custom_padding_phone=&#8221;50px||0px||false|false&#8221; background_last_edited=&#8221;on|phone&#8221; parallax_phone=&#8221;off&#8221; global_colors_info=&#8221;{}&#8221; custom_css_main_element_last_edited=&#8221;on|desktop&#8221;][et_pb_row column_structure=&#8221;2_5,3_5&#8243; custom_padding_last_edited=&#8221;on|tablet&#8221; _builder_version=&#8221;4.16&#8243; width_tablet=&#8221;80%&#8221; width_phone=&#8221;80%&#8221; width_last_edited=&#8221;on|phone&#8221; custom_padding=&#8221;120px||||false|false&#8221; custom_padding_tablet=&#8221;50px||||false|false&#8221; custom_padding_phone=&#8221;50px||||false|false&#8221; animation_style=&#8221;slide&#8221; animation_direction=&#8221;bottom&#8221; animation_duration=&#8221;2000ms&#8221; animation_intensity_slide=&#8221;3%&#8221; global_colors_info=&#8221;{}&#8221;][et_pb_column type=&#8221;2_5&#8243; _builder_version=&#8221;4.16&#8243; custom_padding=&#8221;|||&#8221; global_colors_info=&#8221;{}&#8221; custom_padding__hover=&#8221;|||&#8221;][et_pb_text _builder_version=&#8221;4.20.0&#8243; text_font=&#8221;Herr Von Muellerhoff||||||||&#8221; text_text_color=&#8221;rgba(255,255,255,0.6)&#8221; text_font_size=&#8221;70px&#8221; custom_margin=&#8221;||10px||false|false&#8221; text_text_color_tablet=&#8221;#FFFFFF&#8221; text_text_color_phone=&#8221;#FFFFFF&#8221; text_text_color_last_edited=&#8221;on|phone&#8221; text_font_size_tablet=&#8221;52px&#8221; text_font_size_phone=&#8221;36px&#8221; text_font_size_last_edited=&#8221;on|phone&#8221; global_colors_info=&#8221;{}&#8221;]<\/p>\n<p>A Carta,<\/p>\n<p>[\/et_pb_text][et_pb_text _builder_version=&#8221;4.20.0&#8243; header_font=&#8221;|800||on|||||&#8221; header_text_align=&#8221;left&#8221; header_text_color=&#8221;#ffffff&#8221; header_font_size=&#8221;68px&#8221; header_line_height=&#8221;1.2em&#8221; max_width_tablet=&#8221;&#8221; max_width_phone=&#8221;&#8221; max_width_last_edited=&#8221;on|desktop&#8221; module_alignment=&#8221;center&#8221; custom_margin=&#8221;||10px&#8221; header_font_size_tablet=&#8221;48px&#8221; header_font_size_phone=&#8221;30px&#8221; header_font_size_last_edited=&#8221;on|phone&#8221; global_colors_info=&#8221;{}&#8221;]<\/p>\n<h1>Recursos do filme<\/h1>\n<p>[\/et_pb_text][et_pb_text _builder_version=&#8221;4.20.0&#8243; text_font=&#8221;Lora||||||||&#8221; text_text_color=&#8221;#FFFFFF&#8221; locked=&#8221;off&#8221; global_colors_info=&#8221;{}&#8221;]Sejam todos bem-vindos \u00e0 nossa p\u00e1gina de recursos do filme! Aqui voc\u00ea pode encontrar todas as ferramentas necess\u00e1rias para viver plenamente a experi\u00eancia de \u201cA Carta\u201d e expandir sua comunidade. Seu pa\u00eds n\u00e3o est\u00e1 na lista? Sem problemas! <a style=\"text-decoration: underline;\" href=\"https:\/\/drive.google.com\/drive\/folders\/1H4i3GCAcPsIROxuIR0T4WZhwBYNGGhj_\" target=\"_blank\" rel=\"noopener\">Estes recursos est\u00e3o dispon\u00edveis para todos.<\/a> D\u00ea uma olhada e junte-se a n\u00f3s para explorar as hist\u00f3rias n\u00e3o contadas por tr\u00e1s de uma das cartas mais importantes da hist\u00f3ria.<\/p>\n<p>N\u00e3o \u00e9 cat\u00f3lico? N\u00e3o importa qual for a sua f\u00e9, todos podem apreciar a poderosa hist\u00f3ria por tr\u00e1s de \u201cA Carta\u201d. Para ajudar voc\u00ea a fazer a experi\u00eancia completa, reunimos recursos para todos os espectadores. Acesse-os <a style=\"text-decoration: underline;\" href=\"https:\/\/drive.google.com\/drive\/folders\/1y3nuDlRw6azcFnVR8UWVoBEQScSHFrFR\" target=\"_blank\" rel=\"noopener\">aqui<\/a>.[\/et_pb_text][\/et_pb_column][et_pb_column type=&#8221;3_5&#8243; _builder_version=&#8221;4.16&#8243; custom_padding=&#8221;|||&#8221; global_colors_info=&#8221;{}&#8221; custom_padding__hover=&#8221;|||&#8221;][\/et_pb_column][\/et_pb_row][\/et_pb_section][et_pb_section fb_built=&#8221;1&#8243; _builder_version=&#8221;4.16&#8243; background_color=&#8221;rgba(255,255,255,0)&#8221; background_size=&#8221;initial&#8221; background_position=&#8221;center_left&#8221; custom_padding=&#8221;||0px||false|false&#8221; global_colors_info=&#8221;{}&#8221;][et_pb_row column_structure=&#8221;3_5,2_5&#8243; _builder_version=&#8221;4.20.0&#8243; custom_padding=&#8221;||23px|||&#8221; animation_style=&#8221;slide&#8221; animation_direction=&#8221;bottom&#8221; animation_duration=&#8221;800ms&#8221; animation_delay=&#8221;200ms&#8221; animation_intensity_slide=&#8221;3%&#8221; global_colors_info=&#8221;{}&#8221;][et_pb_column type=&#8221;3_5&#8243; _builder_version=&#8221;4.20.0&#8243; custom_padding=&#8221;0px||||false|false&#8221; custom_padding_tablet=&#8221;50px||||false|false&#8221; custom_padding_phone=&#8221;0px||||false|false&#8221; custom_padding_last_edited=&#8221;on|phone&#8221; global_colors_info=&#8221;{}&#8221; custom_padding__hover=&#8221;|||&#8221;][et_pb_text _builder_version=&#8221;4.20.0&#8243; header_font=&#8221;||||||||&#8221; header_2_font=&#8221;Libre Baskerville|800|||||||&#8221; header_2_text_color=&#8221;#3a1d1d&#8221; header_2_font_size=&#8221;56px&#8221; custom_margin=&#8221;||15px&#8221; header_2_font_size_tablet=&#8221;&#8221; header_2_font_size_phone=&#8221;34px&#8221; header_2_font_size_last_edited=&#8221;on|phone&#8221; global_colors_info=&#8221;{}&#8221;]<\/p>\n<h2>Recursos<\/h2>\n<p>[\/et_pb_text][et_pb_divider color=&#8221;gcid-1c56ed07-9c3c-4423-acce-df85d285aa40&#8243; divider_style=&#8221;dotted&#8221; divider_weight=&#8221;12px&#8221; _builder_version=&#8221;4.17.4&#8243; max_width=&#8221;14%&#8221; custom_padding=&#8221;25px||||false|false&#8221; global_colors_info=&#8221;{%22gcid-1c56ed07-9c3c-4423-acce-df85d285aa40%22:%91%22color%22%93}&#8221;][\/et_pb_divider][\/et_pb_column][et_pb_column type=&#8221;2_5&#8243; _builder_version=&#8221;4.16&#8243; custom_padding=&#8221;|||&#8221; global_colors_info=&#8221;{}&#8221; custom_padding__hover=&#8221;|||&#8221;][\/et_pb_column][\/et_pb_row][\/et_pb_section][et_pb_section fb_built=&#8221;1&#8243; _builder_version=&#8221;4.20.0&#8243; _module_preset=&#8221;default&#8221; custom_padding=&#8221;0px||60px||false|false&#8221; global_module=&#8221;243054&#8243; saved_tabs=&#8221;all&#8221; global_colors_info=&#8221;{}&#8221;][et_pb_row _builder_version=&#8221;4.20.0&#8243; _module_preset=&#8221;default&#8221; global_colors_info=&#8221;{}&#8221;][et_pb_column type=&#8221;4_4&#8243; _builder_version=&#8221;4.20.0&#8243; _module_preset=&#8221;default&#8221; global_colors_info=&#8221;{}&#8221;][difl_iconlist list_view_type=&#8221;inline&#8221; list_item_equal_width=&#8221;on&#8221; list_item_vertical_alignment=&#8221;center&#8221; list_item_elements_align=&#8221;on&#8221; list_item_content_max_width=&#8221;100%&#8221; list_item_per_column_tablet=&#8221;&#8221; list_item_per_column_phone=&#8221;1&#8243; list_item_per_column_last_edited=&#8221;on|phone&#8221; _builder_version=&#8221;4.20.0&#8243; _module_preset=&#8221;default&#8221; width=&#8221;100%&#8221; module_alignment=&#8221;left&#8221; border_radii_child_wrapper_element=&#8221;on|5px|5px|5px|5px&#8221; border_width_all_child_wrapper_element=&#8221;1px&#8221; border_color_all_child_wrapper_element=&#8221;#e8e8e8&#8243; box_shadow_style_child_wrapper_element=&#8221;preset1&#8243; box_shadow_horizontal_child_wrapper_element=&#8221;3px&#8221; box_shadow_vertical_child_wrapper_element=&#8221;5px&#8221; box_shadow_blur_child_wrapper_element=&#8221;12px&#8221; box_shadow_spread_child_wrapper_element=&#8221;-7px&#8221; global_colors_info=&#8221;{}&#8221;][difl_iconlistitem list_item_title=&#8221;Brasil&#8221; list_item_icon_type=&#8221;image&#8221; list_item_image=&#8221;https:\/\/www1.theletterfilm.org\/wp-content\/uploads\/2023\/05\/brazil.png&#8221; list_item_title_url=&#8221;https:\/\/drive.google.com\/drive\/folders\/1d-cyPNW1jEhP7gGJcV0oN57wLBW310Pk?usp=share_link&#8221; list_item_title_url_new_window=&#8221;on&#8221; _builder_version=&#8221;4.20.0&#8243; link_option_url=&#8221;https:\/\/drive.google.com\/drive\/folders\/1d-cyPNW1jEhP7gGJcV0oN57wLBW310Pk?usp=share_link&#8221; link_option_url_new_window=&#8221;on&#8221; global_colors_info=&#8221;{}&#8221;][\/difl_iconlistitem][\/difl_iconlist][\/et_pb_column][\/et_pb_row][\/et_pb_section]<\/p>\n","protected":false},"excerpt":{"rendered":"<p>A Carta,Recursos do filmeSejam todos bem-vindos \u00e0 nossa p\u00e1gina de recursos do filme! Aqui voc\u00ea pode encontrar todas as ferramentas necess\u00e1rias para viver plenamente a experi\u00eancia de \u201cA Carta\u201d e expandir sua comunidade. Seu pa\u00eds n\u00e3o est\u00e1 na lista? Sem problemas! Estes recursos est\u00e3o dispon\u00edveis para todos. D\u00ea uma olhada e junte-se a n\u00f3s para [&hellip;]<\/p>\n","protected":false},"author":3,"featured_media":0,"parent":0,"menu_order":0,"comment_status":"closed","ping_status":"closed","template":"","meta":{"_et_pb_use_builder":"on","_et_pb_old_content":"","_et_gb_content_width":"","footnotes":""},"class_list":["post-243022","page","type-page","status-publish","hentry"],"yoast_head":"<!-- This site is optimized with the Yoast SEO plugin v27.3 - https:\/\/yoast.com\/product\/yoast-seo-wordpress\/ -->\n<title>Recursos do filme - The Letter<\/title>\n<meta name=\"robots\" content=\"index, follow, max-snippet:-1, max-image-preview:large, max-video-preview:-1\" \/>\n<link rel=\"canonical\" href=\"https:\/\/theletterfilm.org\/pt-br\/recursos-do-filme\/\" \/>\n<meta property=\"og:locale\" content=\"pt_BR\" \/>\n<meta property=\"og:type\" content=\"article\" \/>\n<meta property=\"og:title\" content=\"Recursos do filme - The Letter\" \/>\n<meta property=\"og:description\" content=\"A Carta,Recursos do filmeSejam todos bem-vindos \u00e0 nossa p\u00e1gina de recursos do filme! Aqui voc\u00ea pode encontrar todas as ferramentas necess\u00e1rias para viver plenamente a experi\u00eancia de \u201cA Carta\u201d e expandir sua comunidade. Seu pa\u00eds n\u00e3o est\u00e1 na lista? Sem problemas! Estes recursos est\u00e3o dispon\u00edveis para todos. D\u00ea uma olhada e junte-se a n\u00f3s para [&hellip;]\" \/>\n<meta property=\"og:url\" content=\"https:\/\/theletterfilm.org\/pt-br\/recursos-do-filme\/\" \/>\n<meta property=\"og:site_name\" content=\"The Letter\" \/>\n<meta property=\"article:publisher\" content=\"https:\/\/www.facebook.com\/profile.php?id=100085611172060\" \/>\n<meta property=\"article:modified_time\" content=\"2025-04-29T17:02:20+00:00\" \/>\n<meta property=\"og:image\" content=\"https:\/\/theletterfilm.org\/wp-content\/uploads\/2022\/11\/the-letter-socialmedia-share.jpg\" \/>\n\t<meta property=\"og:image:width\" content=\"1200\" \/>\n\t<meta property=\"og:image:height\" content=\"630\" \/>\n\t<meta property=\"og:image:type\" content=\"image\/jpeg\" \/>\n<meta name=\"twitter:card\" content=\"summary_large_image\" \/>\n<meta name=\"twitter:label1\" content=\"Est. tempo de leitura\" \/>\n\t<meta name=\"twitter:data1\" content=\"5 minutos\" \/>\n<script type=\"application\/ld+json\" class=\"yoast-schema-graph\">{\"@context\":\"https:\\\/\\\/schema.org\",\"@graph\":[{\"@type\":\"WebPage\",\"@id\":\"https:\\\/\\\/theletterfilm.org\\\/pt-br\\\/recursos-do-filme\\\/\",\"url\":\"https:\\\/\\\/theletterfilm.org\\\/pt-br\\\/recursos-do-filme\\\/\",\"name\":\"Recursos do filme - The Letter\",\"isPartOf\":{\"@id\":\"https:\\\/\\\/theletterfilm.org\\\/#website\"},\"datePublished\":\"2023-05-10T16:05:16+00:00\",\"dateModified\":\"2025-04-29T17:02:20+00:00\",\"breadcrumb\":{\"@id\":\"https:\\\/\\\/theletterfilm.org\\\/pt-br\\\/recursos-do-filme\\\/#breadcrumb\"},\"inLanguage\":\"pt-BR\",\"potentialAction\":[{\"@type\":\"ReadAction\",\"target\":[\"https:\\\/\\\/theletterfilm.org\\\/pt-br\\\/recursos-do-filme\\\/\"]}]},{\"@type\":\"BreadcrumbList\",\"@id\":\"https:\\\/\\\/theletterfilm.org\\\/pt-br\\\/recursos-do-filme\\\/#breadcrumb\",\"itemListElement\":[{\"@type\":\"ListItem\",\"position\":1,\"name\":\"Home\",\"item\":\"https:\\\/\\\/theletterfilm.org\\\/pt-br\\\/\"},{\"@type\":\"ListItem\",\"position\":2,\"name\":\"Recursos do filme\"}]},{\"@type\":\"WebSite\",\"@id\":\"https:\\\/\\\/theletterfilm.org\\\/#website\",\"url\":\"https:\\\/\\\/theletterfilm.org\\\/\",\"name\":\"The Letter\",\"description\":\"Act Now\",\"publisher\":{\"@id\":\"https:\\\/\\\/theletterfilm.org\\\/#organization\"},\"potentialAction\":[{\"@type\":\"SearchAction\",\"target\":{\"@type\":\"EntryPoint\",\"urlTemplate\":\"https:\\\/\\\/theletterfilm.org\\\/?s={search_term_string}\"},\"query-input\":{\"@type\":\"PropertyValueSpecification\",\"valueRequired\":true,\"valueName\":\"search_term_string\"}}],\"inLanguage\":\"pt-BR\"},{\"@type\":\"Organization\",\"@id\":\"https:\\\/\\\/theletterfilm.org\\\/#organization\",\"name\":\"The Letter Film\",\"url\":\"https:\\\/\\\/theletterfilm.org\\\/\",\"logo\":{\"@type\":\"ImageObject\",\"inLanguage\":\"pt-BR\",\"@id\":\"https:\\\/\\\/theletterfilm.org\\\/#\\\/schema\\\/logo\\\/image\\\/\",\"url\":\"https:\\\/\\\/www1.theletterfilm.org\\\/wp-content\\\/uploads\\\/2020\\\/09\\\/EN_Letter0.png\",\"contentUrl\":\"https:\\\/\\\/www1.theletterfilm.org\\\/wp-content\\\/uploads\\\/2020\\\/09\\\/EN_Letter0.png\",\"width\":854,\"height\":214,\"caption\":\"The Letter Film\"},\"image\":{\"@id\":\"https:\\\/\\\/theletterfilm.org\\\/#\\\/schema\\\/logo\\\/image\\\/\"},\"sameAs\":[\"https:\\\/\\\/www.facebook.com\\\/profile.php?id=100085611172060\"]}]}<\/script>\n<!-- \/ Yoast SEO plugin. -->","yoast_head_json":{"title":"Recursos do filme - The Letter","robots":{"index":"index","follow":"follow","max-snippet":"max-snippet:-1","max-image-preview":"max-image-preview:large","max-video-preview":"max-video-preview:-1"},"canonical":"https:\/\/theletterfilm.org\/pt-br\/recursos-do-filme\/","og_locale":"pt_BR","og_type":"article","og_title":"Recursos do filme - The Letter","og_description":"A Carta,Recursos do filmeSejam todos bem-vindos \u00e0 nossa p\u00e1gina de recursos do filme! Aqui voc\u00ea pode encontrar todas as ferramentas necess\u00e1rias para viver plenamente a experi\u00eancia de \u201cA Carta\u201d e expandir sua comunidade. Seu pa\u00eds n\u00e3o est\u00e1 na lista? Sem problemas! Estes recursos est\u00e3o dispon\u00edveis para todos. D\u00ea uma olhada e junte-se a n\u00f3s para [&hellip;]","og_url":"https:\/\/theletterfilm.org\/pt-br\/recursos-do-filme\/","og_site_name":"The Letter","article_publisher":"https:\/\/www.facebook.com\/profile.php?id=100085611172060","article_modified_time":"2025-04-29T17:02:20+00:00","og_image":[{"width":1200,"height":630,"url":"https:\/\/theletterfilm.org\/wp-content\/uploads\/2022\/11\/the-letter-socialmedia-share.jpg","type":"image\/jpeg"}],"twitter_card":"summary_large_image","twitter_misc":{"Est. tempo de leitura":"5 minutos"},"schema":{"@context":"https:\/\/schema.org","@graph":[{"@type":"WebPage","@id":"https:\/\/theletterfilm.org\/pt-br\/recursos-do-filme\/","url":"https:\/\/theletterfilm.org\/pt-br\/recursos-do-filme\/","name":"Recursos do filme - The Letter","isPartOf":{"@id":"https:\/\/theletterfilm.org\/#website"},"datePublished":"2023-05-10T16:05:16+00:00","dateModified":"2025-04-29T17:02:20+00:00","breadcrumb":{"@id":"https:\/\/theletterfilm.org\/pt-br\/recursos-do-filme\/#breadcrumb"},"inLanguage":"pt-BR","potentialAction":[{"@type":"ReadAction","target":["https:\/\/theletterfilm.org\/pt-br\/recursos-do-filme\/"]}]},{"@type":"BreadcrumbList","@id":"https:\/\/theletterfilm.org\/pt-br\/recursos-do-filme\/#breadcrumb","itemListElement":[{"@type":"ListItem","position":1,"name":"Home","item":"https:\/\/theletterfilm.org\/pt-br\/"},{"@type":"ListItem","position":2,"name":"Recursos do filme"}]},{"@type":"WebSite","@id":"https:\/\/theletterfilm.org\/#website","url":"https:\/\/theletterfilm.org\/","name":"The Letter","description":"Act Now","publisher":{"@id":"https:\/\/theletterfilm.org\/#organization"},"potentialAction":[{"@type":"SearchAction","target":{"@type":"EntryPoint","urlTemplate":"https:\/\/theletterfilm.org\/?s={search_term_string}"},"query-input":{"@type":"PropertyValueSpecification","valueRequired":true,"valueName":"search_term_string"}}],"inLanguage":"pt-BR"},{"@type":"Organization","@id":"https:\/\/theletterfilm.org\/#organization","name":"The Letter Film","url":"https:\/\/theletterfilm.org\/","logo":{"@type":"ImageObject","inLanguage":"pt-BR","@id":"https:\/\/theletterfilm.org\/#\/schema\/logo\/image\/","url":"https:\/\/www1.theletterfilm.org\/wp-content\/uploads\/2020\/09\/EN_Letter0.png","contentUrl":"https:\/\/www1.theletterfilm.org\/wp-content\/uploads\/2020\/09\/EN_Letter0.png","width":854,"height":214,"caption":"The Letter Film"},"image":{"@id":"https:\/\/theletterfilm.org\/#\/schema\/logo\/image\/"},"sameAs":["https:\/\/www.facebook.com\/profile.php?id=100085611172060"]}]}},"_links":{"self":[{"href":"https:\/\/theletterfilm.org\/pt-br\/wp-json\/wp\/v2\/pages\/243022","targetHints":{"allow":["GET"]}}],"collection":[{"href":"https:\/\/theletterfilm.org\/pt-br\/wp-json\/wp\/v2\/pages"}],"about":[{"href":"https:\/\/theletterfilm.org\/pt-br\/wp-json\/wp\/v2\/types\/page"}],"author":[{"embeddable":true,"href":"https:\/\/theletterfilm.org\/pt-br\/wp-json\/wp\/v2\/users\/3"}],"replies":[{"embeddable":true,"href":"https:\/\/theletterfilm.org\/pt-br\/wp-json\/wp\/v2\/comments?post=243022"}],"version-history":[{"count":1,"href":"https:\/\/theletterfilm.org\/pt-br\/wp-json\/wp\/v2\/pages\/243022\/revisions"}],"predecessor-version":[{"id":243652,"href":"https:\/\/theletterfilm.org\/pt-br\/wp-json\/wp\/v2\/pages\/243022\/revisions\/243652"}],"wp:attachment":[{"href":"https:\/\/theletterfilm.org\/pt-br\/wp-json\/wp\/v2\/media?parent=243022"}],"curies":[{"name":"wp","href":"https:\/\/api.w.org\/{rel}","templated":true}]}}