{"id":241239,"date":"2022-11-02T09:56:17","date_gmt":"2022-11-02T09:56:17","guid":{"rendered":"https:\/\/bold-cartwright.3-19-126-172.plesk.page\/assista-o-filme\/"},"modified":"2025-05-07T15:25:51","modified_gmt":"2025-05-07T15:25:51","slug":"assista-o-filme","status":"publish","type":"page","link":"https:\/\/theletterfilm.org\/pt-br\/assista-o-filme\/","title":{"rendered":"Assista o filme"},"content":{"rendered":"<p>[et_pb_section fb_built=&#8221;1&#8243; _builder_version=&#8221;4.16&#8243; background_color=&#8221;rgba(255,255,255,0)&#8221; background_size=&#8221;initial&#8221; background_position=&#8221;center_left&#8221; custom_padding=&#8221;||0px||false|false&#8221; global_colors_info=&#8221;{}&#8221;][et_pb_row column_structure=&#8221;1_2,1_2&#8243; _builder_version=&#8221;4.16&#8243; custom_padding=&#8221;||11px|||&#8221; animation_style=&#8221;slide&#8221; animation_direction=&#8221;bottom&#8221; animation_duration=&#8221;800ms&#8221; animation_delay=&#8221;200ms&#8221; animation_intensity_slide=&#8221;3%&#8221; global_colors_info=&#8221;{}&#8221;][et_pb_column type=&#8221;1_2&#8243; _builder_version=&#8221;4.16&#8243; custom_padding=&#8221;100px||||false|false&#8221; custom_padding_tablet=&#8221;50px||||false|false&#8221; custom_padding_phone=&#8221;0px||||false|false&#8221; custom_padding_last_edited=&#8221;on|phone&#8221; global_colors_info=&#8221;{}&#8221; custom_padding__hover=&#8221;|||&#8221;][et_pb_text _builder_version=&#8221;4.18.1&#8243; text_font=&#8221;Herr Von Muellerhoff||||||||&#8221; text_text_color=&#8221;gcid-1c56ed07-9c3c-4423-acce-df85d285aa40&#8243; text_font_size=&#8221;60px&#8221; custom_margin=&#8221;||18px||false|false&#8221; custom_margin_tablet=&#8221;||50px||false|false&#8221; custom_margin_phone=&#8221;||25px||false|false&#8221; custom_margin_last_edited=&#8221;on|phone&#8221; text_font_size_tablet=&#8221;68px&#8221; text_font_size_phone=&#8221;48px&#8221; text_font_size_last_edited=&#8221;on|phone&#8221; global_colors_info=&#8221;{%22gcid-1c56ed07-9c3c-4423-acce-df85d285aa40%22:%91%22text_text_color%22%93}&#8221;]<\/p>\n<p>A Carta,<\/p>\n<p>[\/et_pb_text][et_pb_text _builder_version=&#8221;4.18.1&#8243; header_font=&#8221;||||||||&#8221; header_2_font=&#8221;Libre Baskerville|800|||||||&#8221; header_2_text_color=&#8221;#3a1d1d&#8221; header_2_font_size=&#8221;56px&#8221; custom_margin=&#8221;||15px&#8221; header_2_font_size_tablet=&#8221;&#8221; header_2_font_size_phone=&#8221;34px&#8221; header_2_font_size_last_edited=&#8221;on|phone&#8221; global_colors_info=&#8221;{}&#8221;]<\/p>\n<h2>Um futuro melhor est\u00e1 em nossas m\u00e3os.<\/h2>\n<p>[\/et_pb_text][et_pb_divider color=&#8221;gcid-1c56ed07-9c3c-4423-acce-df85d285aa40&#8243; divider_style=&#8221;dotted&#8221; divider_weight=&#8221;12px&#8221; _builder_version=&#8221;4.17.4&#8243; max_width=&#8221;20%&#8221; custom_padding=&#8221;25px||||false|false&#8221; global_colors_info=&#8221;{%22gcid-1c56ed07-9c3c-4423-acce-df85d285aa40%22:%91%22color%22%93}&#8221;][\/et_pb_divider][et_pb_text _builder_version=&#8221;4.18.1&#8243; text_font=&#8221;Lora||||||||&#8221; global_colors_info=&#8221;{}&#8221;]<\/p>\n<p>A Carta<span style=\"font-weight: 400;\">conta a hist\u00f3ria de uma viagem a Roma dos l\u00edderes da linha de frente para discutir a carta enc\u00edclica &#8220;Laudato Si&#8221; com o Papa Francisco. O di\u00e1logo exclusivo com o Papa, inclu\u00eddo no filme, oferece uma vis\u00e3o reveladora sobre a hist\u00f3ria pessoal do Papa Francisco e hist\u00f3rias nunca vistas desde que ele se tornou Bispo de Roma.<\/span><\/p>\n<p>[\/et_pb_text][et_pb_text _builder_version=&#8221;4.18.1&#8243; link_font=&#8221;|700|||||||&#8221; link_text_color=&#8221;gcid-1c56ed07-9c3c-4423-acce-df85d285aa40&#8243; link_option_url=&#8221;#watch&#8221; global_colors_info=&#8221;{%22gcid-1c56ed07-9c3c-4423-acce-df85d285aa40%22:%91%22link_text_color%22%93}&#8221;]<\/p>\n<p>Assista agora<\/p>\n<p>[\/et_pb_text][\/et_pb_column][et_pb_column type=&#8221;1_2&#8243; _builder_version=&#8221;4.16&#8243; custom_padding=&#8221;|||&#8221; global_colors_info=&#8221;{}&#8221; custom_padding__hover=&#8221;|||&#8221;][et_pb_image src=&#8221;https:\/\/www1.theletterfilm.org\/wp-content\/uploads\/2022\/10\/Banner-vertical.png&#8221; title_text=&#8221;Banner-vertical&#8221; url=&#8221;#watch&#8221; align=&#8221;center&#8221; _builder_version=&#8221;4.18.1&#8243; _module_preset=&#8221;default&#8221; height=&#8221;602px&#8221; height_tablet=&#8221;602px&#8221; height_phone=&#8221;602px&#8221; height_last_edited=&#8221;on|tablet&#8221; max_height_tablet=&#8221;&#8221; max_height_phone=&#8221;&#8221; max_height_last_edited=&#8221;on|desktop&#8221; global_colors_info=&#8221;{}&#8221; transform_styles__hover_enabled=&#8221;on|hover&#8221; transform_scale__hover_enabled=&#8221;on|hover&#8221; transform_translate__hover_enabled=&#8221;on|desktop&#8221; transform_rotate__hover_enabled=&#8221;on|desktop&#8221; transform_skew__hover_enabled=&#8221;on|desktop&#8221; transform_origin__hover_enabled=&#8221;on|desktop&#8221; transform_scale__hover=&#8221;108%|108%&#8221;][\/et_pb_image][\/et_pb_column][\/et_pb_row][\/et_pb_section][et_pb_section fb_built=&#8221;1&#8243; custom_padding_last_edited=&#8221;on|phone&#8221; _builder_version=&#8221;4.16&#8243; _module_preset=&#8221;default&#8221; custom_padding=&#8221;13px||11px|||&#8221; custom_padding_tablet=&#8221;&#8221; custom_padding_phone=&#8221;0px||||false|false&#8221; global_colors_info=&#8221;{}&#8221;][et_pb_row _builder_version=&#8221;4.16&#8243; _module_preset=&#8221;default&#8221; global_colors_info=&#8221;{}&#8221;][et_pb_column type=&#8221;4_4&#8243; _builder_version=&#8221;4.16&#8243; _module_preset=&#8221;default&#8221; global_colors_info=&#8221;{}&#8221;][et_pb_text _builder_version=&#8221;4.18.1&#8243; header_font=&#8221;||||||||&#8221; header_2_font=&#8221;|800|||||||&#8221; header_2_text_align=&#8221;center&#8221; header_2_text_color=&#8221;#3a1d1d&#8221; header_2_font_size=&#8221;56px&#8221; custom_margin=&#8221;||15px&#8221; header_2_font_size_tablet=&#8221;&#8221; header_2_font_size_phone=&#8221;34px&#8221; header_2_font_size_last_edited=&#8221;on|phone&#8221; global_colors_info=&#8221;{}&#8221;]<\/p>\n<h2>Assista agora<\/h2>\n<p>[\/et_pb_text][et_pb_divider color=&#8221;gcid-1c56ed07-9c3c-4423-acce-df85d285aa40&#8243; divider_style=&#8221;dotted&#8221; divider_weight=&#8221;12px&#8221; _builder_version=&#8221;4.17.4&#8243; max_width=&#8221;150px&#8221; module_alignment=&#8221;center&#8221; custom_padding=&#8221;25px||||false|false&#8221; global_colors_info=&#8221;{%22gcid-1c56ed07-9c3c-4423-acce-df85d285aa40%22:%91%22color%22%93}&#8221;][\/et_pb_divider][et_pb_video src=&#8221;https:\/\/youtu.be\/Rps9bs85BII&#8221; module_id=&#8221;watch&#8221; _builder_version=&#8221;4.18.1&#8243; _module_preset=&#8221;default&#8221; global_colors_info=&#8221;{}&#8221;][\/et_pb_video][et_pb_text _builder_version=&#8221;4.18.1&#8243; _module_preset=&#8221;default&#8221; global_colors_info=&#8221;{}&#8221;]<\/p>\n<p><span>O filme est\u00e1 dispon\u00edvel com legendas em ingl\u00eas, espanhol, italiano, portugu\u00eas e franc\u00eas, e com legendas autom\u00e1ticas em todas as outras l\u00ednguas. <\/span><\/p>\n<p><span>As vers\u00f5es dubladas tamb\u00e9m est\u00e3o dispon\u00edveis em espanhol, italiano, portugu\u00eas e franc\u00eas. <\/span><\/p>\n<p>(<span>Se necess\u00e1rio, veja o<\/span> <a href=\"https:\/\/youtu.be\/QEWKZcKFa4s\" target=\"_blank\" rel=\"noopener\" data-saferedirecturl=\"https:\/\/www.google.com\/url?q=https:\/\/www1.theletterfilm.org\/download\/3507\/&amp;source=gmail&amp;ust=1665021621890000&amp;usg=AOvVaw2N1mU4PMfjhsukEECqVGLD\">tutorial<\/a> <span>sobre como mudar os idiomas)<\/span><\/p>\n<p>[\/et_pb_text][\/et_pb_column][\/et_pb_row][\/et_pb_section]<\/p>\n","protected":false},"excerpt":{"rendered":"<p>A Carta,Um futuro melhor est\u00e1 em nossas m\u00e3os.A Cartaconta a hist\u00f3ria de uma viagem a Roma dos l\u00edderes da linha de frente para discutir a carta enc\u00edclica &#8220;Laudato Si&#8221; com o Papa Francisco. O di\u00e1logo exclusivo com o Papa, inclu\u00eddo no filme, oferece uma vis\u00e3o reveladora sobre a hist\u00f3ria pessoal do Papa Francisco e hist\u00f3rias [&hellip;]<\/p>\n","protected":false},"author":1,"featured_media":0,"parent":0,"menu_order":0,"comment_status":"closed","ping_status":"closed","template":"","meta":{"_et_pb_use_builder":"on","_et_pb_old_content":"","_et_gb_content_width":"","footnotes":""},"class_list":["post-241239","page","type-page","status-publish","hentry"],"yoast_head":"<!-- This site is optimized with the Yoast SEO plugin v27.4 - https:\/\/yoast.com\/product\/yoast-seo-wordpress\/ -->\n<title>Assista o filme - The Letter<\/title>\n<meta name=\"robots\" content=\"index, follow, max-snippet:-1, max-image-preview:large, max-video-preview:-1\" \/>\n<link rel=\"canonical\" href=\"https:\/\/theletterfilm.org\/pt-br\/assista-o-filme\/\" \/>\n<meta property=\"og:locale\" content=\"pt_BR\" \/>\n<meta property=\"og:type\" content=\"article\" \/>\n<meta property=\"og:title\" content=\"Assista o filme - The Letter\" \/>\n<meta property=\"og:description\" content=\"A Carta,Um futuro melhor est\u00e1 em nossas m\u00e3os.A Cartaconta a hist\u00f3ria de uma viagem a Roma dos l\u00edderes da linha de frente para discutir a carta enc\u00edclica &quot;Laudato Si&quot; com o Papa Francisco. O di\u00e1logo exclusivo com o Papa, inclu\u00eddo no filme, oferece uma vis\u00e3o reveladora sobre a hist\u00f3ria pessoal do Papa Francisco e hist\u00f3rias [&hellip;]\" \/>\n<meta property=\"og:url\" content=\"https:\/\/theletterfilm.org\/pt-br\/assista-o-filme\/\" \/>\n<meta property=\"og:site_name\" content=\"The Letter\" \/>\n<meta property=\"article:publisher\" content=\"https:\/\/www.facebook.com\/profile.php?id=100085611172060\" \/>\n<meta property=\"article:modified_time\" content=\"2025-05-07T15:25:51+00:00\" \/>\n<meta property=\"og:image\" content=\"https:\/\/theletterfilm.org\/wp-content\/uploads\/2022\/11\/the-letter-socialmedia-share.jpg\" \/>\n\t<meta property=\"og:image:width\" content=\"1200\" \/>\n\t<meta property=\"og:image:height\" content=\"630\" \/>\n\t<meta property=\"og:image:type\" content=\"image\/jpeg\" \/>\n<meta name=\"twitter:card\" content=\"summary_large_image\" \/>\n<meta name=\"twitter:label1\" content=\"Est. tempo de leitura\" \/>\n\t<meta name=\"twitter:data1\" content=\"4 minutos\" \/>\n<script type=\"application\/ld+json\" class=\"yoast-schema-graph\">{\"@context\":\"https:\\\/\\\/schema.org\",\"@graph\":[{\"@type\":\"WebPage\",\"@id\":\"https:\\\/\\\/theletterfilm.org\\\/pt-br\\\/assista-o-filme\\\/\",\"url\":\"https:\\\/\\\/theletterfilm.org\\\/pt-br\\\/assista-o-filme\\\/\",\"name\":\"Assista o filme - The Letter\",\"isPartOf\":{\"@id\":\"https:\\\/\\\/theletterfilm.org\\\/#website\"},\"datePublished\":\"2022-11-02T09:56:17+00:00\",\"dateModified\":\"2025-05-07T15:25:51+00:00\",\"breadcrumb\":{\"@id\":\"https:\\\/\\\/theletterfilm.org\\\/pt-br\\\/assista-o-filme\\\/#breadcrumb\"},\"inLanguage\":\"pt-BR\",\"potentialAction\":[{\"@type\":\"ReadAction\",\"target\":[\"https:\\\/\\\/theletterfilm.org\\\/pt-br\\\/assista-o-filme\\\/\"]}]},{\"@type\":\"BreadcrumbList\",\"@id\":\"https:\\\/\\\/theletterfilm.org\\\/pt-br\\\/assista-o-filme\\\/#breadcrumb\",\"itemListElement\":[{\"@type\":\"ListItem\",\"position\":1,\"name\":\"Home\",\"item\":\"https:\\\/\\\/theletterfilm.org\\\/pt-br\\\/\"},{\"@type\":\"ListItem\",\"position\":2,\"name\":\"Assista o filme\"}]},{\"@type\":\"WebSite\",\"@id\":\"https:\\\/\\\/theletterfilm.org\\\/#website\",\"url\":\"https:\\\/\\\/theletterfilm.org\\\/\",\"name\":\"The Letter\",\"description\":\"Act Now\",\"publisher\":{\"@id\":\"https:\\\/\\\/theletterfilm.org\\\/#organization\"},\"potentialAction\":[{\"@type\":\"SearchAction\",\"target\":{\"@type\":\"EntryPoint\",\"urlTemplate\":\"https:\\\/\\\/theletterfilm.org\\\/?s={search_term_string}\"},\"query-input\":{\"@type\":\"PropertyValueSpecification\",\"valueRequired\":true,\"valueName\":\"search_term_string\"}}],\"inLanguage\":\"pt-BR\"},{\"@type\":\"Organization\",\"@id\":\"https:\\\/\\\/theletterfilm.org\\\/#organization\",\"name\":\"The Letter Film\",\"url\":\"https:\\\/\\\/theletterfilm.org\\\/\",\"logo\":{\"@type\":\"ImageObject\",\"inLanguage\":\"pt-BR\",\"@id\":\"https:\\\/\\\/theletterfilm.org\\\/#\\\/schema\\\/logo\\\/image\\\/\",\"url\":\"https:\\\/\\\/www1.theletterfilm.org\\\/wp-content\\\/uploads\\\/2020\\\/09\\\/EN_Letter0.png\",\"contentUrl\":\"https:\\\/\\\/www1.theletterfilm.org\\\/wp-content\\\/uploads\\\/2020\\\/09\\\/EN_Letter0.png\",\"width\":854,\"height\":214,\"caption\":\"The Letter Film\"},\"image\":{\"@id\":\"https:\\\/\\\/theletterfilm.org\\\/#\\\/schema\\\/logo\\\/image\\\/\"},\"sameAs\":[\"https:\\\/\\\/www.facebook.com\\\/profile.php?id=100085611172060\"]}]}<\/script>\n<!-- \/ Yoast SEO plugin. -->","yoast_head_json":{"title":"Assista o filme - The Letter","robots":{"index":"index","follow":"follow","max-snippet":"max-snippet:-1","max-image-preview":"max-image-preview:large","max-video-preview":"max-video-preview:-1"},"canonical":"https:\/\/theletterfilm.org\/pt-br\/assista-o-filme\/","og_locale":"pt_BR","og_type":"article","og_title":"Assista o filme - The Letter","og_description":"A Carta,Um futuro melhor est\u00e1 em nossas m\u00e3os.A Cartaconta a hist\u00f3ria de uma viagem a Roma dos l\u00edderes da linha de frente para discutir a carta enc\u00edclica \"Laudato Si\" com o Papa Francisco. O di\u00e1logo exclusivo com o Papa, inclu\u00eddo no filme, oferece uma vis\u00e3o reveladora sobre a hist\u00f3ria pessoal do Papa Francisco e hist\u00f3rias [&hellip;]","og_url":"https:\/\/theletterfilm.org\/pt-br\/assista-o-filme\/","og_site_name":"The Letter","article_publisher":"https:\/\/www.facebook.com\/profile.php?id=100085611172060","article_modified_time":"2025-05-07T15:25:51+00:00","og_image":[{"width":1200,"height":630,"url":"https:\/\/theletterfilm.org\/wp-content\/uploads\/2022\/11\/the-letter-socialmedia-share.jpg","type":"image\/jpeg"}],"twitter_card":"summary_large_image","twitter_misc":{"Est. tempo de leitura":"4 minutos"},"schema":{"@context":"https:\/\/schema.org","@graph":[{"@type":"WebPage","@id":"https:\/\/theletterfilm.org\/pt-br\/assista-o-filme\/","url":"https:\/\/theletterfilm.org\/pt-br\/assista-o-filme\/","name":"Assista o filme - The Letter","isPartOf":{"@id":"https:\/\/theletterfilm.org\/#website"},"datePublished":"2022-11-02T09:56:17+00:00","dateModified":"2025-05-07T15:25:51+00:00","breadcrumb":{"@id":"https:\/\/theletterfilm.org\/pt-br\/assista-o-filme\/#breadcrumb"},"inLanguage":"pt-BR","potentialAction":[{"@type":"ReadAction","target":["https:\/\/theletterfilm.org\/pt-br\/assista-o-filme\/"]}]},{"@type":"BreadcrumbList","@id":"https:\/\/theletterfilm.org\/pt-br\/assista-o-filme\/#breadcrumb","itemListElement":[{"@type":"ListItem","position":1,"name":"Home","item":"https:\/\/theletterfilm.org\/pt-br\/"},{"@type":"ListItem","position":2,"name":"Assista o filme"}]},{"@type":"WebSite","@id":"https:\/\/theletterfilm.org\/#website","url":"https:\/\/theletterfilm.org\/","name":"The Letter","description":"Act Now","publisher":{"@id":"https:\/\/theletterfilm.org\/#organization"},"potentialAction":[{"@type":"SearchAction","target":{"@type":"EntryPoint","urlTemplate":"https:\/\/theletterfilm.org\/?s={search_term_string}"},"query-input":{"@type":"PropertyValueSpecification","valueRequired":true,"valueName":"search_term_string"}}],"inLanguage":"pt-BR"},{"@type":"Organization","@id":"https:\/\/theletterfilm.org\/#organization","name":"The Letter Film","url":"https:\/\/theletterfilm.org\/","logo":{"@type":"ImageObject","inLanguage":"pt-BR","@id":"https:\/\/theletterfilm.org\/#\/schema\/logo\/image\/","url":"https:\/\/www1.theletterfilm.org\/wp-content\/uploads\/2020\/09\/EN_Letter0.png","contentUrl":"https:\/\/www1.theletterfilm.org\/wp-content\/uploads\/2020\/09\/EN_Letter0.png","width":854,"height":214,"caption":"The Letter Film"},"image":{"@id":"https:\/\/theletterfilm.org\/#\/schema\/logo\/image\/"},"sameAs":["https:\/\/www.facebook.com\/profile.php?id=100085611172060"]}]}},"_links":{"self":[{"href":"https:\/\/theletterfilm.org\/pt-br\/wp-json\/wp\/v2\/pages\/241239","targetHints":{"allow":["GET"]}}],"collection":[{"href":"https:\/\/theletterfilm.org\/pt-br\/wp-json\/wp\/v2\/pages"}],"about":[{"href":"https:\/\/theletterfilm.org\/pt-br\/wp-json\/wp\/v2\/types\/page"}],"author":[{"embeddable":true,"href":"https:\/\/theletterfilm.org\/pt-br\/wp-json\/wp\/v2\/users\/1"}],"replies":[{"embeddable":true,"href":"https:\/\/theletterfilm.org\/pt-br\/wp-json\/wp\/v2\/comments?post=241239"}],"version-history":[{"count":1,"href":"https:\/\/theletterfilm.org\/pt-br\/wp-json\/wp\/v2\/pages\/241239\/revisions"}],"predecessor-version":[{"id":243674,"href":"https:\/\/theletterfilm.org\/pt-br\/wp-json\/wp\/v2\/pages\/241239\/revisions\/243674"}],"wp:attachment":[{"href":"https:\/\/theletterfilm.org\/pt-br\/wp-json\/wp\/v2\/media?parent=241239"}],"curies":[{"name":"wp","href":"https:\/\/api.w.org\/{rel}","templated":true}]}}