{"id":242130,"date":"2022-11-10T12:26:43","date_gmt":"2022-11-10T12:26:43","guid":{"rendered":"https:\/\/bold-cartwright.3-19-126-172.plesk.page\/wskazowki-dotyczace-bezpieczenstwa-podczas-pokazow\/"},"modified":"2023-02-28T15:37:45","modified_gmt":"2023-02-28T15:37:45","slug":"wskazowki-dotyczace-bezpieczenstwa-podczas-pokazow","status":"publish","type":"page","link":"https:\/\/theletterfilm.org\/pl\/wskazowki-dotyczace-bezpieczenstwa-podczas-pokazow\/","title":{"rendered":"Wskaz\u00f3wki dotycz\u0105ce bezpiecze\u0144stwa podczas pokaz\u00f3w"},"content":{"rendered":"\n<h4 class=\"wp-block-heading\">Wst\u0119p<\/h4>\n\n<p>Niniejszy poradnik jest przeznaczony dla organizator\u00f3w pokaz\u00f3w, wychowawc\u00f3w i wszystkich innych os\u00f3b odpowiedzialnych za realizacj\u0119 przedsi\u0119wzi\u0119\u0107 i wydarze\u0144 zwi\u0105zanych z filmem <em>List<\/em>, w kt\u00f3rych mog\u0105 bra\u0107 udzia\u0142 osoby m\u0142ode i inne wra\u017cliwe grupy spo\u0142eczne.<\/p>\n\n<p>Ochrona bezpiecze\u0144stwa opiera si\u0119 na nast\u0119puj\u0105cych zasadach: <\/p>\n\n<ul class=\"wp-block-list\">\n<li>Dzieci i m\u0142odzie\u017c nigdy nie powinny do\u015bwiadcza\u0107 jakiejkolwiek formy wykorzystywania. <\/li>\n\n\n\n<li>Ka\u017cdy ma obowi\u0105zek anga\u017cowa\u0107 si\u0119 w dzia\u0142ania wzmacniaj\u0105ce ochron\u0119 dzieci i m\u0142odzie\u017cy. <\/li>\n\n\n\n<li>Wszystkie dzieci, niezale\u017cnie od rasy, koloru sk\u00f3ry, p\u0142ci, j\u0119zyka, religii, pogl\u0105d\u00f3w politycznych lub innych, pochodzenia narodowego, etnicznego lub spo\u0142ecznego, sytuacji finansowej, niepe\u0142nosprawno\u015bci, pochodzenia lub innego statusu dziecka, jego rodzic\u00f3w lub prawnych opiekun\u00f3w, maj\u0105 prawo do r\u00f3wnej ochrony przed wszelkiego rodzaju krzywd\u0105 lub nadu\u017cyciami.<\/li>\n\n\n\n<li>Niekt\u00f3re dzieci s\u0105 dodatkowo nara\u017cone na niebezpiecze\u0144stwa ze wzgl\u0119du na skutki wcze\u015bniejszych do\u015bwiadcze\u0144, stopie\u0144 samodzielno\u015bci czy zale\u017cno\u015bci, potrzeby komunikacyjne lub inne problemy.<\/li>\n\n\n\n<li>Dobro wszystkich dzieci jest wa\u017cne.<\/li>\n<\/ul>\n\n<h4 class=\"wp-block-heading\">Twoja odpowiedzialno\u015b\u0107<\/h4>\n\n<p>Polityka bezpiecze\u0144stwa zapewnia, \u017ce osoby m\u0142ode i inni cz\u0142onkowie spo\u0142eczno\u015bci podatni na zagro\u017cenia s\u0105 chronieni przed nadu\u017cyciami, wykorzystywaniem, przemoc\u0105 i zaniedbaniem. Jako organizator wydarzenia lub lekcji, powiniene\u015b planowa\u0107 swoje aktywno\u015bci ze szczeg\u00f3lnym uwzgl\u0119dnieniem dobra wszystkich os\u00f3b z wra\u017cliwych grup spo\u0142ecznych.<\/p>\n\n<p><strong>Przed rozpocz\u0119ciem planowania dzia\u0142a\u0144 prosimy o zapoznanie si\u0119 z polityk\u0105 ochrony <a href=\"https:\/\/mail.laudatosimovement.org\/landing\/termsofservice\" target=\"_blank\" rel=\"noreferrer noopener\">Ruchu Laudato Si&#8217;.<\/a><\/strong> Niniejszy przewodnik zawiera pewne zalecenia i propozycje tekst\u00f3w, kt\u00f3re mog\u0105 by\u0107 pomocne w planowaniu.<\/p>\n\n<p>Ponadto, Ruch Laudato Si&#8217; prowadzi szkolenia z zakresu bezpiecze\u0144stwa. Zarejestruj swoje wydarzenie, aby otrzyma\u0107 dost\u0119p do harmonogramu szkole\u0144. <\/p>\n\n<p>Poni\u017cej przedstawiamy kilka wst\u0119pnych zalece\u0144, natomiast w celu uzyskania dodatkowych informacji nale\u017cy zapozna\u0107 si\u0119 z pe\u0142nym tekstem polityki ochrony:<\/p>\n\n<ul class=\"wp-block-list\">\n<li>Zadbaj o to, by Twoje wydarzenie lub przedsi\u0119wzi\u0119cia by\u0142y zgodne z polityk\u0105 bezpiecze\u0144stwa Ruchu Laudato Si&#8217;. Zastosuj te\u017c najlepsze praktyki w zakresie ochrony bezpiecze\u0144stwa dzieci. <\/li>\n\n\n\n<li>Wyznacz osob\u0119 godn\u0105 zaufania dla dzieci i m\u0142odzie\u017cy. <\/li>\n\n\n\n<li>Upewnij si\u0119, \u017ce wszyscy pracownicy lub wolontariusze zaanga\u017cowani w Twoje wydarzenie lub dzia\u0142ania przeszli kontrol\u0119 przesz\u0142o\u015bci. <\/li>\n\n\n\n<li>Podziel si\u0119 informacjami o zasadach bezpiecze\u0144stwa z m\u0142odzie\u017c\u0105, rodzinami i personelem, w tym wolontariuszami. <\/li>\n\n\n\n<li>Opracuj proces zg\u0142aszania i reagowania na podejrzane zachowania. <\/li>\n<\/ul>\n\n<h4 class=\"wp-block-heading\">Zdj\u0119cia i media spo\u0142eczno\u015bciowe<\/h4>\n\n<p>Przy wykorzystywaniu informacji i tre\u015bci wizualnych, zar\u00f3wno zdj\u0119\u0107 jak i film\u00f3w, nadrz\u0119dn\u0105 zasad\u0105 jest zachowanie szacunku i godno\u015bci w przedstawianiu dzieci, rodzin i spo\u0142eczno\u015bci. Nale\u017cy unika\u0107 robienia zdj\u0119\u0107 dzieciom lub innym osobom z grup ryzyka i\/lub wykorzystywania ich wizerunk\u00f3w w mediach spo\u0142eczno\u015bciowych. <\/p>\n\n<p>Takie zdj\u0119cia powinny by\u0107 wykorzystywane tylko w przypadku wyra\u017anej zgody rodzica lub opiekuna prawnego.<\/p>\n","protected":false},"excerpt":{"rendered":"<p>Wst\u0119p Niniejszy poradnik jest przeznaczony dla organizator\u00f3w pokaz\u00f3w, wychowawc\u00f3w i wszystkich innych os\u00f3b odpowiedzialnych za realizacj\u0119 przedsi\u0119wzi\u0119\u0107 i wydarze\u0144 zwi\u0105zanych z filmem List, w kt\u00f3rych mog\u0105 bra\u0107 udzia\u0142 osoby m\u0142ode i inne wra\u017cliwe grupy spo\u0142eczne. Ochrona bezpiecze\u0144stwa opiera si\u0119 na nast\u0119puj\u0105cych zasadach: Twoja odpowiedzialno\u015b\u0107 Polityka bezpiecze\u0144stwa zapewnia, \u017ce osoby m\u0142ode i inni cz\u0142onkowie spo\u0142eczno\u015bci podatni [&hellip;]<\/p>\n","protected":false},"author":1,"featured_media":0,"parent":0,"menu_order":0,"comment_status":"closed","ping_status":"closed","template":"","meta":{"_et_pb_use_builder":"off","_et_pb_old_content":"","_et_gb_content_width":"","footnotes":""},"class_list":["post-242130","page","type-page","status-publish","hentry"],"yoast_head":"<!-- This site is optimized with the Yoast SEO plugin v27.3 - https:\/\/yoast.com\/product\/yoast-seo-wordpress\/ -->\n<title>Wskaz\u00f3wki dotycz\u0105ce bezpiecze\u0144stwa podczas pokaz\u00f3w - The Letter<\/title>\n<meta name=\"robots\" content=\"index, follow, max-snippet:-1, max-image-preview:large, max-video-preview:-1\" \/>\n<link rel=\"canonical\" href=\"https:\/\/theletterfilm.org\/pl\/wskazowki-dotyczace-bezpieczenstwa-podczas-pokazow\/\" \/>\n<meta property=\"og:locale\" content=\"pl_PL\" \/>\n<meta property=\"og:type\" content=\"article\" \/>\n<meta property=\"og:title\" content=\"Wskaz\u00f3wki dotycz\u0105ce bezpiecze\u0144stwa podczas pokaz\u00f3w - The Letter\" \/>\n<meta property=\"og:description\" content=\"Wst\u0119p Niniejszy poradnik jest przeznaczony dla organizator\u00f3w pokaz\u00f3w, wychowawc\u00f3w i wszystkich innych os\u00f3b odpowiedzialnych za realizacj\u0119 przedsi\u0119wzi\u0119\u0107 i wydarze\u0144 zwi\u0105zanych z filmem List, w kt\u00f3rych mog\u0105 bra\u0107 udzia\u0142 osoby m\u0142ode i inne wra\u017cliwe grupy spo\u0142eczne. Ochrona bezpiecze\u0144stwa opiera si\u0119 na nast\u0119puj\u0105cych zasadach: Twoja odpowiedzialno\u015b\u0107 Polityka bezpiecze\u0144stwa zapewnia, \u017ce osoby m\u0142ode i inni cz\u0142onkowie spo\u0142eczno\u015bci podatni [&hellip;]\" \/>\n<meta property=\"og:url\" content=\"https:\/\/theletterfilm.org\/pl\/wskazowki-dotyczace-bezpieczenstwa-podczas-pokazow\/\" \/>\n<meta property=\"og:site_name\" content=\"The Letter\" \/>\n<meta property=\"article:publisher\" content=\"https:\/\/www.facebook.com\/profile.php?id=100085611172060\" \/>\n<meta property=\"article:modified_time\" content=\"2023-02-28T15:37:45+00:00\" \/>\n<meta property=\"og:image\" content=\"https:\/\/theletterfilm.org\/wp-content\/uploads\/2022\/11\/the-letter-socialmedia-share.jpg\" \/>\n\t<meta property=\"og:image:width\" content=\"1200\" \/>\n\t<meta property=\"og:image:height\" content=\"630\" \/>\n\t<meta property=\"og:image:type\" content=\"image\/jpeg\" \/>\n<meta name=\"twitter:card\" content=\"summary_large_image\" \/>\n<meta name=\"twitter:label1\" content=\"Szacowany czas czytania\" \/>\n\t<meta name=\"twitter:data1\" content=\"2 minuty\" \/>\n<script type=\"application\/ld+json\" class=\"yoast-schema-graph\">{\"@context\":\"https:\\\/\\\/schema.org\",\"@graph\":[{\"@type\":\"WebPage\",\"@id\":\"https:\\\/\\\/theletterfilm.org\\\/pl\\\/wskazowki-dotyczace-bezpieczenstwa-podczas-pokazow\\\/\",\"url\":\"https:\\\/\\\/theletterfilm.org\\\/pl\\\/wskazowki-dotyczace-bezpieczenstwa-podczas-pokazow\\\/\",\"name\":\"Wskaz\u00f3wki dotycz\u0105ce bezpiecze\u0144stwa podczas pokaz\u00f3w - The Letter\",\"isPartOf\":{\"@id\":\"https:\\\/\\\/theletterfilm.org\\\/#website\"},\"datePublished\":\"2022-11-10T12:26:43+00:00\",\"dateModified\":\"2023-02-28T15:37:45+00:00\",\"breadcrumb\":{\"@id\":\"https:\\\/\\\/theletterfilm.org\\\/pl\\\/wskazowki-dotyczace-bezpieczenstwa-podczas-pokazow\\\/#breadcrumb\"},\"inLanguage\":\"pl-PL\",\"potentialAction\":[{\"@type\":\"ReadAction\",\"target\":[\"https:\\\/\\\/theletterfilm.org\\\/pl\\\/wskazowki-dotyczace-bezpieczenstwa-podczas-pokazow\\\/\"]}]},{\"@type\":\"BreadcrumbList\",\"@id\":\"https:\\\/\\\/theletterfilm.org\\\/pl\\\/wskazowki-dotyczace-bezpieczenstwa-podczas-pokazow\\\/#breadcrumb\",\"itemListElement\":[{\"@type\":\"ListItem\",\"position\":1,\"name\":\"Home\",\"item\":\"https:\\\/\\\/theletterfilm.org\\\/pl\\\/\"},{\"@type\":\"ListItem\",\"position\":2,\"name\":\"Wskaz\u00f3wki dotycz\u0105ce bezpiecze\u0144stwa podczas pokaz\u00f3w\"}]},{\"@type\":\"WebSite\",\"@id\":\"https:\\\/\\\/theletterfilm.org\\\/#website\",\"url\":\"https:\\\/\\\/theletterfilm.org\\\/\",\"name\":\"The Letter\",\"description\":\"Act Now\",\"publisher\":{\"@id\":\"https:\\\/\\\/theletterfilm.org\\\/#organization\"},\"potentialAction\":[{\"@type\":\"SearchAction\",\"target\":{\"@type\":\"EntryPoint\",\"urlTemplate\":\"https:\\\/\\\/theletterfilm.org\\\/?s={search_term_string}\"},\"query-input\":{\"@type\":\"PropertyValueSpecification\",\"valueRequired\":true,\"valueName\":\"search_term_string\"}}],\"inLanguage\":\"pl-PL\"},{\"@type\":\"Organization\",\"@id\":\"https:\\\/\\\/theletterfilm.org\\\/#organization\",\"name\":\"The Letter Film\",\"url\":\"https:\\\/\\\/theletterfilm.org\\\/\",\"logo\":{\"@type\":\"ImageObject\",\"inLanguage\":\"pl-PL\",\"@id\":\"https:\\\/\\\/theletterfilm.org\\\/#\\\/schema\\\/logo\\\/image\\\/\",\"url\":\"https:\\\/\\\/www1.theletterfilm.org\\\/wp-content\\\/uploads\\\/2020\\\/09\\\/EN_Letter0.png\",\"contentUrl\":\"https:\\\/\\\/www1.theletterfilm.org\\\/wp-content\\\/uploads\\\/2020\\\/09\\\/EN_Letter0.png\",\"width\":854,\"height\":214,\"caption\":\"The Letter Film\"},\"image\":{\"@id\":\"https:\\\/\\\/theletterfilm.org\\\/#\\\/schema\\\/logo\\\/image\\\/\"},\"sameAs\":[\"https:\\\/\\\/www.facebook.com\\\/profile.php?id=100085611172060\"]}]}<\/script>\n<!-- \/ Yoast SEO plugin. -->","yoast_head_json":{"title":"Wskaz\u00f3wki dotycz\u0105ce bezpiecze\u0144stwa podczas pokaz\u00f3w - The Letter","robots":{"index":"index","follow":"follow","max-snippet":"max-snippet:-1","max-image-preview":"max-image-preview:large","max-video-preview":"max-video-preview:-1"},"canonical":"https:\/\/theletterfilm.org\/pl\/wskazowki-dotyczace-bezpieczenstwa-podczas-pokazow\/","og_locale":"pl_PL","og_type":"article","og_title":"Wskaz\u00f3wki dotycz\u0105ce bezpiecze\u0144stwa podczas pokaz\u00f3w - The Letter","og_description":"Wst\u0119p Niniejszy poradnik jest przeznaczony dla organizator\u00f3w pokaz\u00f3w, wychowawc\u00f3w i wszystkich innych os\u00f3b odpowiedzialnych za realizacj\u0119 przedsi\u0119wzi\u0119\u0107 i wydarze\u0144 zwi\u0105zanych z filmem List, w kt\u00f3rych mog\u0105 bra\u0107 udzia\u0142 osoby m\u0142ode i inne wra\u017cliwe grupy spo\u0142eczne. Ochrona bezpiecze\u0144stwa opiera si\u0119 na nast\u0119puj\u0105cych zasadach: Twoja odpowiedzialno\u015b\u0107 Polityka bezpiecze\u0144stwa zapewnia, \u017ce osoby m\u0142ode i inni cz\u0142onkowie spo\u0142eczno\u015bci podatni [&hellip;]","og_url":"https:\/\/theletterfilm.org\/pl\/wskazowki-dotyczace-bezpieczenstwa-podczas-pokazow\/","og_site_name":"The Letter","article_publisher":"https:\/\/www.facebook.com\/profile.php?id=100085611172060","article_modified_time":"2023-02-28T15:37:45+00:00","og_image":[{"width":1200,"height":630,"url":"https:\/\/theletterfilm.org\/wp-content\/uploads\/2022\/11\/the-letter-socialmedia-share.jpg","type":"image\/jpeg"}],"twitter_card":"summary_large_image","twitter_misc":{"Szacowany czas czytania":"2 minuty"},"schema":{"@context":"https:\/\/schema.org","@graph":[{"@type":"WebPage","@id":"https:\/\/theletterfilm.org\/pl\/wskazowki-dotyczace-bezpieczenstwa-podczas-pokazow\/","url":"https:\/\/theletterfilm.org\/pl\/wskazowki-dotyczace-bezpieczenstwa-podczas-pokazow\/","name":"Wskaz\u00f3wki dotycz\u0105ce bezpiecze\u0144stwa podczas pokaz\u00f3w - The Letter","isPartOf":{"@id":"https:\/\/theletterfilm.org\/#website"},"datePublished":"2022-11-10T12:26:43+00:00","dateModified":"2023-02-28T15:37:45+00:00","breadcrumb":{"@id":"https:\/\/theletterfilm.org\/pl\/wskazowki-dotyczace-bezpieczenstwa-podczas-pokazow\/#breadcrumb"},"inLanguage":"pl-PL","potentialAction":[{"@type":"ReadAction","target":["https:\/\/theletterfilm.org\/pl\/wskazowki-dotyczace-bezpieczenstwa-podczas-pokazow\/"]}]},{"@type":"BreadcrumbList","@id":"https:\/\/theletterfilm.org\/pl\/wskazowki-dotyczace-bezpieczenstwa-podczas-pokazow\/#breadcrumb","itemListElement":[{"@type":"ListItem","position":1,"name":"Home","item":"https:\/\/theletterfilm.org\/pl\/"},{"@type":"ListItem","position":2,"name":"Wskaz\u00f3wki dotycz\u0105ce bezpiecze\u0144stwa podczas pokaz\u00f3w"}]},{"@type":"WebSite","@id":"https:\/\/theletterfilm.org\/#website","url":"https:\/\/theletterfilm.org\/","name":"The Letter","description":"Act Now","publisher":{"@id":"https:\/\/theletterfilm.org\/#organization"},"potentialAction":[{"@type":"SearchAction","target":{"@type":"EntryPoint","urlTemplate":"https:\/\/theletterfilm.org\/?s={search_term_string}"},"query-input":{"@type":"PropertyValueSpecification","valueRequired":true,"valueName":"search_term_string"}}],"inLanguage":"pl-PL"},{"@type":"Organization","@id":"https:\/\/theletterfilm.org\/#organization","name":"The Letter Film","url":"https:\/\/theletterfilm.org\/","logo":{"@type":"ImageObject","inLanguage":"pl-PL","@id":"https:\/\/theletterfilm.org\/#\/schema\/logo\/image\/","url":"https:\/\/www1.theletterfilm.org\/wp-content\/uploads\/2020\/09\/EN_Letter0.png","contentUrl":"https:\/\/www1.theletterfilm.org\/wp-content\/uploads\/2020\/09\/EN_Letter0.png","width":854,"height":214,"caption":"The Letter Film"},"image":{"@id":"https:\/\/theletterfilm.org\/#\/schema\/logo\/image\/"},"sameAs":["https:\/\/www.facebook.com\/profile.php?id=100085611172060"]}]}},"_links":{"self":[{"href":"https:\/\/theletterfilm.org\/pl\/wp-json\/wp\/v2\/pages\/242130","targetHints":{"allow":["GET"]}}],"collection":[{"href":"https:\/\/theletterfilm.org\/pl\/wp-json\/wp\/v2\/pages"}],"about":[{"href":"https:\/\/theletterfilm.org\/pl\/wp-json\/wp\/v2\/types\/page"}],"author":[{"embeddable":true,"href":"https:\/\/theletterfilm.org\/pl\/wp-json\/wp\/v2\/users\/1"}],"replies":[{"embeddable":true,"href":"https:\/\/theletterfilm.org\/pl\/wp-json\/wp\/v2\/comments?post=242130"}],"version-history":[{"count":0,"href":"https:\/\/theletterfilm.org\/pl\/wp-json\/wp\/v2\/pages\/242130\/revisions"}],"wp:attachment":[{"href":"https:\/\/theletterfilm.org\/pl\/wp-json\/wp\/v2\/media?parent=242130"}],"curies":[{"name":"wp","href":"https:\/\/api.w.org\/{rel}","templated":true}]}}