{"id":241257,"date":"2020-10-15T06:26:33","date_gmt":"2020-10-15T06:26:33","guid":{"rendered":"https:\/\/bold-cartwright.3-19-126-172.plesk.page\/podziekowanie-po-opt-in\/"},"modified":"2022-11-23T15:11:54","modified_gmt":"2022-11-23T15:11:54","slug":"podziekowanie-po-opt-in","status":"publish","type":"page","link":"https:\/\/theletterfilm.org\/pl\/podziekowanie-po-opt-in\/","title":{"rendered":"Podzi\u0119kowanie po opt-in"},"content":{"rendered":"<p>[et_pb_section fb_built=&#8221;1&#8243; _builder_version=&#8221;4.19.0&#8243; _module_preset=&#8221;default&#8221; background_image=&#8221;https:\/\/www1.theletterfilm.org\/wp-content\/uploads\/2022\/11\/LS-20210213-Drone.00_32_49_09.Still007-scaled.jpg&#8221; parallax=&#8221;on&#8221; parallax_method=&#8221;off&#8221; global_colors_info=&#8221;{}&#8221;][et_pb_row _builder_version=&#8221;4.16&#8243; _module_preset=&#8221;default&#8221; global_colors_info=&#8221;{}&#8221;][et_pb_column type=&#8221;4_4&#8243; _builder_version=&#8221;4.16&#8243; _module_preset=&#8221;default&#8221; global_colors_info=&#8221;{}&#8221;][et_pb_text _builder_version=&#8221;4.19.0&#8243; _module_preset=&#8221;default&#8221; text_font=&#8221;|700|||||||&#8221; text_text_color=&#8221;gcid-f452cbb7-2d0e-4e54-8cc0-32460ce57520&#8243; text_font_size=&#8221;24px&#8221; text_orientation=&#8221;center&#8221; custom_margin=&#8221;||5px||false|false&#8221; global_colors_info=&#8221;{%22gcid-f452cbb7-2d0e-4e54-8cc0-32460ce57520%22:%91%22text_text_color%22%93}&#8221;]<\/p>\n<p>filmu List.<\/p>\n<p>[\/et_pb_text][et_pb_text module_class=&#8221;h1_home&#8221; _builder_version=&#8221;4.16&#8243; _module_preset=&#8221;default&#8221; header_font=&#8221;Work Sans|800||on|||||&#8221; header_text_align=&#8221;center&#8221; header_text_color=&#8221;#ffffff&#8221; header_font_size=&#8221;80px&#8221; custom_margin=&#8221;||0px||false|false&#8221; header_font_size_tablet=&#8221;64px&#8221; header_font_size_phone=&#8221;48px&#8221; header_font_size_last_edited=&#8221;on|tablet&#8221; global_colors_info=&#8221;{}&#8221;]<\/p>\n<h1>Dzi\u0119kuj\u0119<\/h1>\n<p>[\/et_pb_text][\/et_pb_column][\/et_pb_row][\/et_pb_section][et_pb_section fb_built=&#8221;1&#8243; _builder_version=&#8221;4.16&#8243; _module_preset=&#8221;default&#8221; custom_padding=&#8221;25px||||false|false&#8221; global_colors_info=&#8221;{}&#8221;][et_pb_row column_structure=&#8221;2_5,3_5&#8243; make_equal=&#8221;on&#8221; _builder_version=&#8221;4.19.0&#8243; _module_preset=&#8221;default&#8221; max_width=&#8221;1200px&#8221; global_colors_info=&#8221;{}&#8221;][et_pb_column type=&#8221;2_5&#8243; _builder_version=&#8221;4.19.0&#8243; _module_preset=&#8221;default&#8221; global_colors_info=&#8221;{}&#8221;][et_pb_image src=&#8221;https:\/\/www1.theletterfilm.org\/wp-content\/uploads\/2022\/11\/Captura-de-Pantalla-2022-11-10-a-las-13.50.13.png&#8221; title_text=&#8221;Captura de Pantalla 2022-11-10 a las 13.50.13&#8243; _builder_version=&#8221;4.19.0&#8243; _module_preset=&#8221;default&#8221; animation_style=&#8221;fade&#8221; global_colors_info=&#8221;{}&#8221;][\/et_pb_image][\/et_pb_column][et_pb_column type=&#8221;3_5&#8243; _builder_version=&#8221;4.16&#8243; _module_preset=&#8221;default&#8221; custom_padding=&#8221;90px||||false|false&#8221; custom_padding_tablet=&#8221;0px||0px||true|false&#8221; custom_padding_phone=&#8221;0px||0px||false|false&#8221; custom_padding_last_edited=&#8221;on|tablet&#8221; global_colors_info=&#8221;{}&#8221;][et_pb_text _builder_version=&#8221;4.19.0&#8243; _module_preset=&#8221;default&#8221; header_2_font=&#8221;|700|||||||&#8221; header_2_font_size=&#8221;46px&#8221; header_2_font_size_tablet=&#8221;&#8221; header_2_font_size_phone=&#8221;34px&#8221; header_2_font_size_last_edited=&#8221;on|phone&#8221; global_colors_info=&#8221;{}&#8221;]<\/p>\n<h2>You can download &#8222;Przewodnik po wyzwaniach<br \/>Rozmowy o<br \/>Wiara i zmiany klimatyczne&#8221; tutaj<\/h2>\n<p>[\/et_pb_text][et_pb_text _builder_version=&#8221;4.19.0&#8243; _module_preset=&#8221;default&#8221; global_colors_info=&#8221;{}&#8221;]<\/p>\n<p>Wiara i zmiany klimatyczne Aby zbudowa\u0107 lepsz\u0105 przysz\u0142o\u015b\u0107, musimy zjednoczy\u0107 si\u0119 w nowy spos\u00f3b i zobaczy\u0107 nasz\u0105 wiar\u0119 w nowym \u015bwietle.<\/p>\n<p>[\/et_pb_text][et_pb_button button_url=&#8221;https:\/\/drive.google.com\/file\/d\/1YCOJuQPc7aUUI2Y1rnihiYVgLTKA3Kz1\/view?usp=share_link&#8221; url_new_window=&#8221;on&#8221; button_text=&#8221;Pobierz przewodnik&#8221; _builder_version=&#8221;4.19.0&#8243; _module_preset=&#8221;default&#8221; custom_button=&#8221;on&#8221; button_text_size=&#8221;18px&#8221; button_text_color=&#8221;#ffffff&#8221; button_bg_color=&#8221;gcid-b38cf0a5-cffe-45ef-bc10-60426f58578f&#8221; button_border_width=&#8221;0px&#8221; button_font=&#8221;|700||on|||||&#8221; button_use_icon=&#8221;off&#8221; button_text_size_tablet=&#8221;&#8221; button_text_size_phone=&#8221;16px&#8221; button_text_size_last_edited=&#8221;on|phone&#8221; global_colors_info=&#8221;{%22gcid-b38cf0a5-cffe-45ef-bc10-60426f58578f%22:%91%22button_bg_color%22,%22button_bg_color%22,%22button_bg_color%22,%22button_bg_color%22%93,%22gcid-f452cbb7-2d0e-4e54-8cc0-32460ce57520%22:%91%22button_bg_color__hover%22,%22button_bg_color__hover%22,%22button_bg_color__hover%22,%22button_bg_color__hover%22%93}&#8221; button_bg_color__hover_enabled=&#8221;on|hover&#8221; button_bg_color__hover=&#8221;#d1651a&#8221; button_bg_use_color_gradient__hover=&#8221;off&#8221;][\/et_pb_button][\/et_pb_column][\/et_pb_row][\/et_pb_section]<\/p>\n","protected":false},"excerpt":{"rendered":"<p>filmu List.Dzi\u0119kuj\u0119You can download &#8222;Przewodnik po wyzwaniachRozmowy oWiara i zmiany klimatyczne&#8221; tutajWiara i zmiany klimatyczne Aby zbudowa\u0107 lepsz\u0105 przysz\u0142o\u015b\u0107, musimy zjednoczy\u0107 si\u0119 w nowy spos\u00f3b i zobaczy\u0107 nasz\u0105 wiar\u0119 w nowym \u015bwietle.<\/p>\n","protected":false},"author":1,"featured_media":0,"parent":0,"menu_order":0,"comment_status":"closed","ping_status":"closed","template":"","meta":{"_et_pb_use_builder":"on","_et_pb_old_content":"","_et_gb_content_width":"","footnotes":""},"class_list":["post-241257","page","type-page","status-publish","hentry"],"yoast_head":"<!-- This site is optimized with the Yoast SEO plugin v27.4 - https:\/\/yoast.com\/product\/yoast-seo-wordpress\/ -->\n<title>Podzi\u0119kowanie po opt-in - The Letter<\/title>\n<meta name=\"robots\" content=\"index, follow, max-snippet:-1, max-image-preview:large, max-video-preview:-1\" \/>\n<link rel=\"canonical\" href=\"https:\/\/theletterfilm.org\/pl\/podziekowanie-po-opt-in\/\" \/>\n<meta property=\"og:locale\" content=\"pl_PL\" \/>\n<meta property=\"og:type\" content=\"article\" \/>\n<meta property=\"og:title\" content=\"Podzi\u0119kowanie po opt-in - The Letter\" \/>\n<meta property=\"og:description\" content=\"filmu List.Dzi\u0119kuj\u0119You can download &quot;Przewodnik po wyzwaniachRozmowy oWiara i zmiany klimatyczne&quot; tutajWiara i zmiany klimatyczne Aby zbudowa\u0107 lepsz\u0105 przysz\u0142o\u015b\u0107, musimy zjednoczy\u0107 si\u0119 w nowy spos\u00f3b i zobaczy\u0107 nasz\u0105 wiar\u0119 w nowym \u015bwietle.\" \/>\n<meta property=\"og:url\" content=\"https:\/\/theletterfilm.org\/pl\/podziekowanie-po-opt-in\/\" \/>\n<meta property=\"og:site_name\" content=\"The Letter\" \/>\n<meta property=\"article:publisher\" content=\"https:\/\/www.facebook.com\/profile.php?id=100085611172060\" \/>\n<meta property=\"article:modified_time\" content=\"2022-11-23T15:11:54+00:00\" \/>\n<meta property=\"og:image\" content=\"https:\/\/theletterfilm.org\/wp-content\/uploads\/2022\/11\/the-letter-socialmedia-share.jpg\" \/>\n\t<meta property=\"og:image:width\" content=\"1200\" \/>\n\t<meta property=\"og:image:height\" content=\"630\" \/>\n\t<meta property=\"og:image:type\" content=\"image\/jpeg\" \/>\n<meta name=\"twitter:card\" content=\"summary_large_image\" \/>\n<meta name=\"twitter:label1\" content=\"Szacowany czas czytania\" \/>\n\t<meta name=\"twitter:data1\" content=\"3 minuty\" \/>\n<script type=\"application\/ld+json\" class=\"yoast-schema-graph\">{\"@context\":\"https:\\\/\\\/schema.org\",\"@graph\":[{\"@type\":\"WebPage\",\"@id\":\"https:\\\/\\\/theletterfilm.org\\\/pl\\\/podziekowanie-po-opt-in\\\/\",\"url\":\"https:\\\/\\\/theletterfilm.org\\\/pl\\\/podziekowanie-po-opt-in\\\/\",\"name\":\"Podzi\u0119kowanie po opt-in - The Letter\",\"isPartOf\":{\"@id\":\"https:\\\/\\\/theletterfilm.org\\\/#website\"},\"datePublished\":\"2020-10-15T06:26:33+00:00\",\"dateModified\":\"2022-11-23T15:11:54+00:00\",\"breadcrumb\":{\"@id\":\"https:\\\/\\\/theletterfilm.org\\\/pl\\\/podziekowanie-po-opt-in\\\/#breadcrumb\"},\"inLanguage\":\"pl-PL\",\"potentialAction\":[{\"@type\":\"ReadAction\",\"target\":[\"https:\\\/\\\/theletterfilm.org\\\/pl\\\/podziekowanie-po-opt-in\\\/\"]}]},{\"@type\":\"BreadcrumbList\",\"@id\":\"https:\\\/\\\/theletterfilm.org\\\/pl\\\/podziekowanie-po-opt-in\\\/#breadcrumb\",\"itemListElement\":[{\"@type\":\"ListItem\",\"position\":1,\"name\":\"Home\",\"item\":\"https:\\\/\\\/theletterfilm.org\\\/pl\\\/\"},{\"@type\":\"ListItem\",\"position\":2,\"name\":\"Podzi\u0119kowanie po opt-in\"}]},{\"@type\":\"WebSite\",\"@id\":\"https:\\\/\\\/theletterfilm.org\\\/#website\",\"url\":\"https:\\\/\\\/theletterfilm.org\\\/\",\"name\":\"The Letter\",\"description\":\"Act Now\",\"publisher\":{\"@id\":\"https:\\\/\\\/theletterfilm.org\\\/#organization\"},\"potentialAction\":[{\"@type\":\"SearchAction\",\"target\":{\"@type\":\"EntryPoint\",\"urlTemplate\":\"https:\\\/\\\/theletterfilm.org\\\/?s={search_term_string}\"},\"query-input\":{\"@type\":\"PropertyValueSpecification\",\"valueRequired\":true,\"valueName\":\"search_term_string\"}}],\"inLanguage\":\"pl-PL\"},{\"@type\":\"Organization\",\"@id\":\"https:\\\/\\\/theletterfilm.org\\\/#organization\",\"name\":\"The Letter Film\",\"url\":\"https:\\\/\\\/theletterfilm.org\\\/\",\"logo\":{\"@type\":\"ImageObject\",\"inLanguage\":\"pl-PL\",\"@id\":\"https:\\\/\\\/theletterfilm.org\\\/#\\\/schema\\\/logo\\\/image\\\/\",\"url\":\"https:\\\/\\\/www1.theletterfilm.org\\\/wp-content\\\/uploads\\\/2020\\\/09\\\/EN_Letter0.png\",\"contentUrl\":\"https:\\\/\\\/www1.theletterfilm.org\\\/wp-content\\\/uploads\\\/2020\\\/09\\\/EN_Letter0.png\",\"width\":854,\"height\":214,\"caption\":\"The Letter Film\"},\"image\":{\"@id\":\"https:\\\/\\\/theletterfilm.org\\\/#\\\/schema\\\/logo\\\/image\\\/\"},\"sameAs\":[\"https:\\\/\\\/www.facebook.com\\\/profile.php?id=100085611172060\"]}]}<\/script>\n<!-- \/ Yoast SEO plugin. -->","yoast_head_json":{"title":"Podzi\u0119kowanie po opt-in - The Letter","robots":{"index":"index","follow":"follow","max-snippet":"max-snippet:-1","max-image-preview":"max-image-preview:large","max-video-preview":"max-video-preview:-1"},"canonical":"https:\/\/theletterfilm.org\/pl\/podziekowanie-po-opt-in\/","og_locale":"pl_PL","og_type":"article","og_title":"Podzi\u0119kowanie po opt-in - The Letter","og_description":"filmu List.Dzi\u0119kuj\u0119You can download \"Przewodnik po wyzwaniachRozmowy oWiara i zmiany klimatyczne\" tutajWiara i zmiany klimatyczne Aby zbudowa\u0107 lepsz\u0105 przysz\u0142o\u015b\u0107, musimy zjednoczy\u0107 si\u0119 w nowy spos\u00f3b i zobaczy\u0107 nasz\u0105 wiar\u0119 w nowym \u015bwietle.","og_url":"https:\/\/theletterfilm.org\/pl\/podziekowanie-po-opt-in\/","og_site_name":"The Letter","article_publisher":"https:\/\/www.facebook.com\/profile.php?id=100085611172060","article_modified_time":"2022-11-23T15:11:54+00:00","og_image":[{"width":1200,"height":630,"url":"https:\/\/theletterfilm.org\/wp-content\/uploads\/2022\/11\/the-letter-socialmedia-share.jpg","type":"image\/jpeg"}],"twitter_card":"summary_large_image","twitter_misc":{"Szacowany czas czytania":"3 minuty"},"schema":{"@context":"https:\/\/schema.org","@graph":[{"@type":"WebPage","@id":"https:\/\/theletterfilm.org\/pl\/podziekowanie-po-opt-in\/","url":"https:\/\/theletterfilm.org\/pl\/podziekowanie-po-opt-in\/","name":"Podzi\u0119kowanie po opt-in - The Letter","isPartOf":{"@id":"https:\/\/theletterfilm.org\/#website"},"datePublished":"2020-10-15T06:26:33+00:00","dateModified":"2022-11-23T15:11:54+00:00","breadcrumb":{"@id":"https:\/\/theletterfilm.org\/pl\/podziekowanie-po-opt-in\/#breadcrumb"},"inLanguage":"pl-PL","potentialAction":[{"@type":"ReadAction","target":["https:\/\/theletterfilm.org\/pl\/podziekowanie-po-opt-in\/"]}]},{"@type":"BreadcrumbList","@id":"https:\/\/theletterfilm.org\/pl\/podziekowanie-po-opt-in\/#breadcrumb","itemListElement":[{"@type":"ListItem","position":1,"name":"Home","item":"https:\/\/theletterfilm.org\/pl\/"},{"@type":"ListItem","position":2,"name":"Podzi\u0119kowanie po opt-in"}]},{"@type":"WebSite","@id":"https:\/\/theletterfilm.org\/#website","url":"https:\/\/theletterfilm.org\/","name":"The Letter","description":"Act Now","publisher":{"@id":"https:\/\/theletterfilm.org\/#organization"},"potentialAction":[{"@type":"SearchAction","target":{"@type":"EntryPoint","urlTemplate":"https:\/\/theletterfilm.org\/?s={search_term_string}"},"query-input":{"@type":"PropertyValueSpecification","valueRequired":true,"valueName":"search_term_string"}}],"inLanguage":"pl-PL"},{"@type":"Organization","@id":"https:\/\/theletterfilm.org\/#organization","name":"The Letter Film","url":"https:\/\/theletterfilm.org\/","logo":{"@type":"ImageObject","inLanguage":"pl-PL","@id":"https:\/\/theletterfilm.org\/#\/schema\/logo\/image\/","url":"https:\/\/www1.theletterfilm.org\/wp-content\/uploads\/2020\/09\/EN_Letter0.png","contentUrl":"https:\/\/www1.theletterfilm.org\/wp-content\/uploads\/2020\/09\/EN_Letter0.png","width":854,"height":214,"caption":"The Letter Film"},"image":{"@id":"https:\/\/theletterfilm.org\/#\/schema\/logo\/image\/"},"sameAs":["https:\/\/www.facebook.com\/profile.php?id=100085611172060"]}]}},"_links":{"self":[{"href":"https:\/\/theletterfilm.org\/pl\/wp-json\/wp\/v2\/pages\/241257","targetHints":{"allow":["GET"]}}],"collection":[{"href":"https:\/\/theletterfilm.org\/pl\/wp-json\/wp\/v2\/pages"}],"about":[{"href":"https:\/\/theletterfilm.org\/pl\/wp-json\/wp\/v2\/types\/page"}],"author":[{"embeddable":true,"href":"https:\/\/theletterfilm.org\/pl\/wp-json\/wp\/v2\/users\/1"}],"replies":[{"embeddable":true,"href":"https:\/\/theletterfilm.org\/pl\/wp-json\/wp\/v2\/comments?post=241257"}],"version-history":[{"count":0,"href":"https:\/\/theletterfilm.org\/pl\/wp-json\/wp\/v2\/pages\/241257\/revisions"}],"wp:attachment":[{"href":"https:\/\/theletterfilm.org\/pl\/wp-json\/wp\/v2\/media?parent=241257"}],"curies":[{"name":"wp","href":"https:\/\/api.w.org\/{rel}","templated":true}]}}