{"id":241036,"date":"2022-11-10T12:26:43","date_gmt":"2022-11-10T12:26:43","guid":{"rendered":"https:\/\/bold-cartwright.3-19-126-172.plesk.page\/guida-alla-salvaguardia-per-gli-eventi-di-screening\/"},"modified":"2022-11-21T20:08:30","modified_gmt":"2022-11-21T20:08:30","slug":"guida-alla-salvaguardia-per-gli-eventi-di-screening","status":"publish","type":"page","link":"https:\/\/theletterfilm.org\/it\/guida-alla-salvaguardia-per-gli-eventi-di-screening\/","title":{"rendered":"Guida alla salvaguardia per gli eventi di screening"},"content":{"rendered":"\n<h4 class=\"wp-block-heading\">Introduzione<\/h4>\n\n<p>Questa risorsa sulla salvaguardia \u00e8 destinata agli organizzatori di screening, agli educatori e a tutti coloro che gestiscono attivit\u00e0 ed eventi legati a <em>La Lettera<\/em> in cui possono essere coinvolti giovani e altri membri vulnerabili della popolazione.<\/p>\n\n<p>La salvaguardia si basa su alcuni principi fondamentali: <\/p>\n\n<ul class=\"wp-block-list\">\n<li>I bambini e i giovani non dovrebbero mai subire abusi di alcun tipo. <\/li>\n\n\n\n<li>Tutti hanno la responsabilit\u00e0 morale ed etica di promuovere il benessere di tutti i bambini e i giovani. <\/li>\n\n\n\n<li>Tutti i bambini, indipendentemente dalla razza, dal colore, dal sesso, dalla lingua, dalla religione, dalle opinioni politiche o di altro tipo, dall&#8217;origine nazionale, etnica o sociale, dal patrimonio, dalla disabilit\u00e0, dalla nascita o da altre condizioni, hanno diritto a un&#8217;uguale protezione da ogni tipo di danno o abuso.<\/li>\n\n\n\n<li>Alcuni bambini sono ulteriormente vulnerabili a causa dell&#8217;impatto di esperienze precedenti, del loro livello di dipendenza, delle esigenze di comunicazione o di altri problemi.<\/li>\n\n\n\n<li>Il benessere di tutti i bambini \u00e8 importante.<\/li>\n<\/ul>\n\n<h4 class=\"wp-block-heading\">La vostra responsabilit\u00e0<\/h4>\n\n<p>La salvaguardia assicura che i giovani e gli altri membri vulnerabili della popolazione siano tenuti al sicuro da abusi, sfruttamento, violenza e negligenza. In qualit\u00e0 di organizzatore di un evento o di una lezione, \u00e8 vostra responsabilit\u00e0 assicurare che la salvaguardia del benessere di tutte le persone vulnerabili sia una priorit\u00e0 durante la pianificazione delle vostre attivit\u00e0.<\/p>\n\n<p><strong>Assicuratevi di aver letto la politica di salvaguardia del <a href=\"https:\/\/mail.laudatosimovement.org\/landing\/termsofservice\" target=\"_blank\" rel=\"noreferrer noopener\">Movimento Laudato Si&#8217;<\/a> prima di pianificare le vostre attivit\u00e0<\/strong>. Questa guida fornisce alcune raccomandazioni e letture suggerite per sostenere la vostra pianificazione.<\/p>\n\n<p>Il Movimento Laudato Si&#8217; offre una formazione sulla salvaguardia. Registrando il vostro evento, riceverete l&#8217;accesso al calendario delle sessioni di formazione. <\/p>\n\n<p>Di seguito sono riportate alcune raccomandazioni iniziali, ma per ulteriori informazioni si rimanda alla politica di salvaguardia completa:<\/p>\n\n<ul class=\"wp-block-list\">\n<li>Assicuratevi che il vostro evento o le vostre attivit\u00e0 siano in linea con la politica di salvaguardia del Movimento Laudato Si&#8217; e che stiate adottando le migliori pratiche di protezione e tutela dei minori. <\/li>\n\n\n\n<li>Nominare una persona di fiducia per i bambini e i giovani. <\/li>\n\n\n\n<li>Assicuratevi che il personale o i volontari coinvolti nell&#8217;evento o nelle attivit\u00e0 abbiano completato i controlli di base. <\/li>\n\n\n\n<li>Condividete le informazioni sulla salvaguardia con i giovani, le famiglie e il personale, compresi i volontari. <\/li>\n\n\n\n<li>Assicuratevi che sia in atto un processo per segnalare e affrontare comportamenti sospetti. <\/li>\n<\/ul>\n\n<h4 class=\"wp-block-heading\">Nota sulla fotografia e sui social media<\/h4>\n\n<p>Nell&#8217;uso di informazioni e immagini visive, sia fotografiche che video, il principio fondamentale \u00e8 quello di mantenere il rispetto e la dignit\u00e0 nella rappresentazione di bambini, famiglie e comunit\u00e0. \u00c8 necessario evitare di fotografare bambini o altre persone vulnerabili e\/o di utilizzare le loro immagini sui social media. <\/p>\n\n<p>Solo in caso di esplicita autorizzazione da parte del genitore o del tutore legale \u00e8 possibile utilizzare queste immagini.<\/p>\n","protected":false},"excerpt":{"rendered":"<p>Introduzione Questa risorsa sulla salvaguardia \u00e8 destinata agli organizzatori di screening, agli educatori e a tutti coloro che gestiscono attivit\u00e0 ed eventi legati a La Lettera in cui possono essere coinvolti giovani e altri membri vulnerabili della popolazione. La salvaguardia si basa su alcuni principi fondamentali: La vostra responsabilit\u00e0 La salvaguardia assicura che i giovani [&hellip;]<\/p>\n","protected":false},"author":1,"featured_media":0,"parent":0,"menu_order":0,"comment_status":"closed","ping_status":"closed","template":"","meta":{"_et_pb_use_builder":"off","_et_pb_old_content":"","_et_gb_content_width":"","footnotes":""},"class_list":["post-241036","page","type-page","status-publish","hentry"],"yoast_head":"<!-- This site is optimized with the Yoast SEO plugin v27.3 - https:\/\/yoast.com\/product\/yoast-seo-wordpress\/ -->\n<title>Guida alla salvaguardia per gli eventi di screening - The Letter<\/title>\n<meta name=\"robots\" content=\"index, follow, max-snippet:-1, max-image-preview:large, max-video-preview:-1\" \/>\n<link rel=\"canonical\" href=\"https:\/\/theletterfilm.org\/it\/guida-alla-salvaguardia-per-gli-eventi-di-screening\/\" \/>\n<meta property=\"og:locale\" content=\"it_IT\" \/>\n<meta property=\"og:type\" content=\"article\" \/>\n<meta property=\"og:title\" content=\"Guida alla salvaguardia per gli eventi di screening - The Letter\" \/>\n<meta property=\"og:description\" content=\"Introduzione Questa risorsa sulla salvaguardia \u00e8 destinata agli organizzatori di screening, agli educatori e a tutti coloro che gestiscono attivit\u00e0 ed eventi legati a La Lettera in cui possono essere coinvolti giovani e altri membri vulnerabili della popolazione. La salvaguardia si basa su alcuni principi fondamentali: La vostra responsabilit\u00e0 La salvaguardia assicura che i giovani [&hellip;]\" \/>\n<meta property=\"og:url\" content=\"https:\/\/theletterfilm.org\/it\/guida-alla-salvaguardia-per-gli-eventi-di-screening\/\" \/>\n<meta property=\"og:site_name\" content=\"The Letter\" \/>\n<meta property=\"article:publisher\" content=\"https:\/\/www.facebook.com\/profile.php?id=100085611172060\" \/>\n<meta property=\"article:modified_time\" content=\"2022-11-21T20:08:30+00:00\" \/>\n<meta property=\"og:image\" content=\"https:\/\/theletterfilm.org\/wp-content\/uploads\/2022\/11\/the-letter-socialmedia-share.jpg\" \/>\n\t<meta property=\"og:image:width\" content=\"1200\" \/>\n\t<meta property=\"og:image:height\" content=\"630\" \/>\n\t<meta property=\"og:image:type\" content=\"image\/jpeg\" \/>\n<meta name=\"twitter:card\" content=\"summary_large_image\" \/>\n<meta name=\"twitter:label1\" content=\"Tempo di lettura stimato\" \/>\n\t<meta name=\"twitter:data1\" content=\"2 minuti\" \/>\n<script type=\"application\/ld+json\" class=\"yoast-schema-graph\">{\"@context\":\"https:\\\/\\\/schema.org\",\"@graph\":[{\"@type\":\"WebPage\",\"@id\":\"https:\\\/\\\/theletterfilm.org\\\/it\\\/guida-alla-salvaguardia-per-gli-eventi-di-screening\\\/\",\"url\":\"https:\\\/\\\/theletterfilm.org\\\/it\\\/guida-alla-salvaguardia-per-gli-eventi-di-screening\\\/\",\"name\":\"Guida alla salvaguardia per gli eventi di screening - The Letter\",\"isPartOf\":{\"@id\":\"https:\\\/\\\/theletterfilm.org\\\/#website\"},\"datePublished\":\"2022-11-10T12:26:43+00:00\",\"dateModified\":\"2022-11-21T20:08:30+00:00\",\"breadcrumb\":{\"@id\":\"https:\\\/\\\/theletterfilm.org\\\/it\\\/guida-alla-salvaguardia-per-gli-eventi-di-screening\\\/#breadcrumb\"},\"inLanguage\":\"it-IT\",\"potentialAction\":[{\"@type\":\"ReadAction\",\"target\":[\"https:\\\/\\\/theletterfilm.org\\\/it\\\/guida-alla-salvaguardia-per-gli-eventi-di-screening\\\/\"]}]},{\"@type\":\"BreadcrumbList\",\"@id\":\"https:\\\/\\\/theletterfilm.org\\\/it\\\/guida-alla-salvaguardia-per-gli-eventi-di-screening\\\/#breadcrumb\",\"itemListElement\":[{\"@type\":\"ListItem\",\"position\":1,\"name\":\"Home\",\"item\":\"https:\\\/\\\/theletterfilm.org\\\/it\\\/\"},{\"@type\":\"ListItem\",\"position\":2,\"name\":\"Guida alla salvaguardia per gli eventi di screening\"}]},{\"@type\":\"WebSite\",\"@id\":\"https:\\\/\\\/theletterfilm.org\\\/#website\",\"url\":\"https:\\\/\\\/theletterfilm.org\\\/\",\"name\":\"The Letter\",\"description\":\"Act Now\",\"publisher\":{\"@id\":\"https:\\\/\\\/theletterfilm.org\\\/#organization\"},\"potentialAction\":[{\"@type\":\"SearchAction\",\"target\":{\"@type\":\"EntryPoint\",\"urlTemplate\":\"https:\\\/\\\/theletterfilm.org\\\/?s={search_term_string}\"},\"query-input\":{\"@type\":\"PropertyValueSpecification\",\"valueRequired\":true,\"valueName\":\"search_term_string\"}}],\"inLanguage\":\"it-IT\"},{\"@type\":\"Organization\",\"@id\":\"https:\\\/\\\/theletterfilm.org\\\/#organization\",\"name\":\"The Letter Film\",\"url\":\"https:\\\/\\\/theletterfilm.org\\\/\",\"logo\":{\"@type\":\"ImageObject\",\"inLanguage\":\"it-IT\",\"@id\":\"https:\\\/\\\/theletterfilm.org\\\/#\\\/schema\\\/logo\\\/image\\\/\",\"url\":\"https:\\\/\\\/www1.theletterfilm.org\\\/wp-content\\\/uploads\\\/2020\\\/09\\\/EN_Letter0.png\",\"contentUrl\":\"https:\\\/\\\/www1.theletterfilm.org\\\/wp-content\\\/uploads\\\/2020\\\/09\\\/EN_Letter0.png\",\"width\":854,\"height\":214,\"caption\":\"The Letter Film\"},\"image\":{\"@id\":\"https:\\\/\\\/theletterfilm.org\\\/#\\\/schema\\\/logo\\\/image\\\/\"},\"sameAs\":[\"https:\\\/\\\/www.facebook.com\\\/profile.php?id=100085611172060\"]}]}<\/script>\n<!-- \/ Yoast SEO plugin. -->","yoast_head_json":{"title":"Guida alla salvaguardia per gli eventi di screening - The Letter","robots":{"index":"index","follow":"follow","max-snippet":"max-snippet:-1","max-image-preview":"max-image-preview:large","max-video-preview":"max-video-preview:-1"},"canonical":"https:\/\/theletterfilm.org\/it\/guida-alla-salvaguardia-per-gli-eventi-di-screening\/","og_locale":"it_IT","og_type":"article","og_title":"Guida alla salvaguardia per gli eventi di screening - The Letter","og_description":"Introduzione Questa risorsa sulla salvaguardia \u00e8 destinata agli organizzatori di screening, agli educatori e a tutti coloro che gestiscono attivit\u00e0 ed eventi legati a La Lettera in cui possono essere coinvolti giovani e altri membri vulnerabili della popolazione. La salvaguardia si basa su alcuni principi fondamentali: La vostra responsabilit\u00e0 La salvaguardia assicura che i giovani [&hellip;]","og_url":"https:\/\/theletterfilm.org\/it\/guida-alla-salvaguardia-per-gli-eventi-di-screening\/","og_site_name":"The Letter","article_publisher":"https:\/\/www.facebook.com\/profile.php?id=100085611172060","article_modified_time":"2022-11-21T20:08:30+00:00","og_image":[{"width":1200,"height":630,"url":"https:\/\/theletterfilm.org\/wp-content\/uploads\/2022\/11\/the-letter-socialmedia-share.jpg","type":"image\/jpeg"}],"twitter_card":"summary_large_image","twitter_misc":{"Tempo di lettura stimato":"2 minuti"},"schema":{"@context":"https:\/\/schema.org","@graph":[{"@type":"WebPage","@id":"https:\/\/theletterfilm.org\/it\/guida-alla-salvaguardia-per-gli-eventi-di-screening\/","url":"https:\/\/theletterfilm.org\/it\/guida-alla-salvaguardia-per-gli-eventi-di-screening\/","name":"Guida alla salvaguardia per gli eventi di screening - The Letter","isPartOf":{"@id":"https:\/\/theletterfilm.org\/#website"},"datePublished":"2022-11-10T12:26:43+00:00","dateModified":"2022-11-21T20:08:30+00:00","breadcrumb":{"@id":"https:\/\/theletterfilm.org\/it\/guida-alla-salvaguardia-per-gli-eventi-di-screening\/#breadcrumb"},"inLanguage":"it-IT","potentialAction":[{"@type":"ReadAction","target":["https:\/\/theletterfilm.org\/it\/guida-alla-salvaguardia-per-gli-eventi-di-screening\/"]}]},{"@type":"BreadcrumbList","@id":"https:\/\/theletterfilm.org\/it\/guida-alla-salvaguardia-per-gli-eventi-di-screening\/#breadcrumb","itemListElement":[{"@type":"ListItem","position":1,"name":"Home","item":"https:\/\/theletterfilm.org\/it\/"},{"@type":"ListItem","position":2,"name":"Guida alla salvaguardia per gli eventi di screening"}]},{"@type":"WebSite","@id":"https:\/\/theletterfilm.org\/#website","url":"https:\/\/theletterfilm.org\/","name":"The Letter","description":"Act Now","publisher":{"@id":"https:\/\/theletterfilm.org\/#organization"},"potentialAction":[{"@type":"SearchAction","target":{"@type":"EntryPoint","urlTemplate":"https:\/\/theletterfilm.org\/?s={search_term_string}"},"query-input":{"@type":"PropertyValueSpecification","valueRequired":true,"valueName":"search_term_string"}}],"inLanguage":"it-IT"},{"@type":"Organization","@id":"https:\/\/theletterfilm.org\/#organization","name":"The Letter Film","url":"https:\/\/theletterfilm.org\/","logo":{"@type":"ImageObject","inLanguage":"it-IT","@id":"https:\/\/theletterfilm.org\/#\/schema\/logo\/image\/","url":"https:\/\/www1.theletterfilm.org\/wp-content\/uploads\/2020\/09\/EN_Letter0.png","contentUrl":"https:\/\/www1.theletterfilm.org\/wp-content\/uploads\/2020\/09\/EN_Letter0.png","width":854,"height":214,"caption":"The Letter Film"},"image":{"@id":"https:\/\/theletterfilm.org\/#\/schema\/logo\/image\/"},"sameAs":["https:\/\/www.facebook.com\/profile.php?id=100085611172060"]}]}},"_links":{"self":[{"href":"https:\/\/theletterfilm.org\/it\/wp-json\/wp\/v2\/pages\/241036","targetHints":{"allow":["GET"]}}],"collection":[{"href":"https:\/\/theletterfilm.org\/it\/wp-json\/wp\/v2\/pages"}],"about":[{"href":"https:\/\/theletterfilm.org\/it\/wp-json\/wp\/v2\/types\/page"}],"author":[{"embeddable":true,"href":"https:\/\/theletterfilm.org\/it\/wp-json\/wp\/v2\/users\/1"}],"replies":[{"embeddable":true,"href":"https:\/\/theletterfilm.org\/it\/wp-json\/wp\/v2\/comments?post=241036"}],"version-history":[{"count":0,"href":"https:\/\/theletterfilm.org\/it\/wp-json\/wp\/v2\/pages\/241036\/revisions"}],"wp:attachment":[{"href":"https:\/\/theletterfilm.org\/it\/wp-json\/wp\/v2\/media?parent=241036"}],"curies":[{"name":"wp","href":"https:\/\/api.w.org\/{rel}","templated":true}]}}