{"id":242124,"date":"2022-11-10T12:26:43","date_gmt":"2022-11-10T12:26:43","guid":{"rendered":"https:\/\/bold-cartwright.3-19-126-172.plesk.page\/conseils-pour-la-protection-de-lenfance-lors-des-projections\/"},"modified":"2023-02-28T15:21:44","modified_gmt":"2023-02-28T15:21:44","slug":"conseils-pour-la-protection-de-lenfance-lors-des-projections","status":"publish","type":"page","link":"https:\/\/theletterfilm.org\/fr\/conseils-pour-la-protection-de-lenfance-lors-des-projections\/","title":{"rendered":"Conseils pour la protection de l\u2019enfance lors des projections"},"content":{"rendered":"\n<h4 class=\"wp-block-heading\">Introduction<\/h4>\n\n<p>Ce document pr\u00e9sente des recommandations en mati\u00e8re de mesures de protection de mineurs et des personnes vuln\u00e9rables et s&rsquo;adresse aux personnes organisant des projections, aux \u00e9ducateurs et \u00e0 tous ceux qui organisent des activit\u00e9s et des \u00e9v\u00e9nements en lien avec <em>La Lettre<\/em>, auxquels peuvent participer des jeunes et d&rsquo;autres membres vuln\u00e9rables de la population.<\/p>\n\n<p>Les mesures de protection reposent sur plusieurs principes fondamentaux : <\/p>\n\n<ul class=\"wp-block-list\">\n<li>Les enfants et les jeunes ne doivent jamais \u00eatre victimes de maltraitance, quelles qu&rsquo;elles soient. <\/li>\n\n\n\n<li>Chacun d\u2019entre nous a la responsabilit\u00e9 morale et \u00e9thique de promouvoir le bien-\u00eatre de tous les enfants et de tous les jeunes. <\/li>\n\n\n\n<li>Tous les enfants, ind\u00e9pendamment de leur race, de leur couleur de peau, de leur sexe, de leur langue, de leur religion, de leurs opinions politiques ou autres opinions, de leur nationalit\u00e9, de leur origine ethnique ou sociale, de leur niveau de richesse, de leur handicap, de leur statut \u00e0 la naissance ou de toute autre situation, ont le droit de b\u00e9n\u00e9ficier d&rsquo;une m\u00eame protection contre tout type de pr\u00e9judice ou maltraitance.<\/li>\n\n\n\n<li>Certains enfants sont d\u2019autant plus vuln\u00e9rables en raison de ce qu\u2019ils ont v\u00e9cu par le pass\u00e9, de leur niveau d\u2019autonomie, de leurs besoins en communication ou d&rsquo;autres difficult\u00e9s.<\/li>\n\n\n\n<li>Le bien-\u00eatre de tous les enfants est important.<\/li>\n<\/ul>\n\n<h4 class=\"wp-block-heading\">Votre responsabilit\u00e9<\/h4>\n\n<p>Ces mesures garantissent la protection des jeunes et des autres membres vuln\u00e9rables de la population contre les maltraitances, l&rsquo;exploitation, les violences et les n\u00e9gligences. En tant qu&rsquo;organisateur d&rsquo;un \u00e9v\u00e9nement ou d&rsquo;une activit\u00e9, il est de votre responsabilit\u00e9 de veiller \u00e0 ce que le bien-\u00eatre de toutes les personnes vuln\u00e9rables soit une priorit\u00e9 lors de la pr\u00e9paration de l\u2019\u00e9v\u00e9nement ou de l\u2019activit\u00e9.<\/p>\n\n<p><strong>Assurez-vous d&rsquo;avoir lu la politique du <a href=\"https:\/\/mail.laudatosimovement.org\/landing\/termsofservice\" target=\"_blank\" rel=\"noreferrer noopener\">Mouvement Laudato Si\u2019<\/a> en mati\u00e8re de mesures de protection avant d&rsquo;organiser vos activit\u00e9s.<\/strong> Ce guide pr\u00e9sente des recommandations et des suggestions de lecture afin de vous aider dans votre pr\u00e9paration.<\/p>\n\n<p>Le Mouvement Laudato Si\u2019 propose des formations sur les mesures de protection. En inscrivant votre \u00e9v\u00e9nement, vous aurez acc\u00e8s au calendrier des formations. <\/p>\n\n<p>Quelques recommandations initiales sont pr\u00e9sent\u00e9es ci-dessous, mais veuillez vous r\u00e9f\u00e9rer \u00e0 la politique de protection dans son int\u00e9gralit\u00e9 pour plus d&rsquo;informations :<\/p>\n\n<ul class=\"wp-block-list\">\n<li>Assurez-vous que votre \u00e9v\u00e9nement ou vos activit\u00e9s respectent la politique du Mouvement Laudato Si\u2019 en mati\u00e8re de protection et veillez \u00e0 adopter les bonnes pratiques en mati\u00e8re de pr\u00e9vention et de protection de l&rsquo;enfance. <\/li>\n\n\n\n<li>Nommez une personne de confiance pour les enfants et les jeunes. <\/li>\n\n\n\n<li>Assurez-vous d\u2019avoir bien v\u00e9rifi\u00e9 les ant\u00e9c\u00e9dents du personnel et des b\u00e9n\u00e9voles participant \u00e0 votre \u00e9v\u00e9nement ou \u00e0 vos activit\u00e9s. <\/li>\n\n\n\n<li>Communiquez les informations concernant la protection aux jeunes, aux familles et au personnel, ainsi qu\u2019aux b\u00e9n\u00e9voles. <\/li>\n\n\n\n<li>Veillez \u00e0 ce qu&rsquo;une proc\u00e9dure soit mise en place afin de signaler et de r\u00e9agir en cas de comportements suspects. <\/li>\n<\/ul>\n\n<h4 class=\"wp-block-heading\">Un mot sur les photos et les r\u00e9seaux sociaux<\/h4>\n\n<p>Lorsque nous nous servons d\u2019informations et d\u2019images, qu&rsquo;il s&rsquo;agisse de photographies ou de vid\u00e9os, le principe primordial est de veiller \u00e0 repr\u00e9senter les enfants, les familles et les communaut\u00e9s de mani\u00e8re respectueuse et dans la dignit\u00e9. Il faut \u00e9viter de prendre des photos d&rsquo;enfants ou d&rsquo;autres personnes vuln\u00e9rables et\/ou de se servir de leur image sur les r\u00e9seaux sociaux. <\/p>\n\n<p>Ces images ne peuvent servir que si le parent ou le tuteur l\u00e9gal a donn\u00e9 son autorisation explicite.<\/p>\n","protected":false},"excerpt":{"rendered":"<p>Introduction Ce document pr\u00e9sente des recommandations en mati\u00e8re de mesures de protection de mineurs et des personnes vuln\u00e9rables et s&rsquo;adresse aux personnes organisant des projections, aux \u00e9ducateurs et \u00e0 tous ceux qui organisent des activit\u00e9s et des \u00e9v\u00e9nements en lien avec La Lettre, auxquels peuvent participer des jeunes et d&rsquo;autres membres vuln\u00e9rables de la population. [&hellip;]<\/p>\n","protected":false},"author":1,"featured_media":0,"parent":0,"menu_order":0,"comment_status":"closed","ping_status":"closed","template":"","meta":{"_et_pb_use_builder":"off","_et_pb_old_content":"","_et_gb_content_width":"","footnotes":""},"class_list":["post-242124","page","type-page","status-publish","hentry"],"yoast_head":"<!-- This site is optimized with the Yoast SEO plugin v27.4 - https:\/\/yoast.com\/product\/yoast-seo-wordpress\/ -->\n<title>Conseils pour la protection de l\u2019enfance lors des projections - The Letter<\/title>\n<meta name=\"robots\" content=\"index, follow, max-snippet:-1, max-image-preview:large, max-video-preview:-1\" \/>\n<link rel=\"canonical\" href=\"https:\/\/theletterfilm.org\/fr\/conseils-pour-la-protection-de-lenfance-lors-des-projections\/\" \/>\n<meta property=\"og:locale\" content=\"fr_FR\" \/>\n<meta property=\"og:type\" content=\"article\" \/>\n<meta property=\"og:title\" content=\"Conseils pour la protection de l\u2019enfance lors des projections - The Letter\" \/>\n<meta property=\"og:description\" content=\"Introduction Ce document pr\u00e9sente des recommandations en mati\u00e8re de mesures de protection de mineurs et des personnes vuln\u00e9rables et s&rsquo;adresse aux personnes organisant des projections, aux \u00e9ducateurs et \u00e0 tous ceux qui organisent des activit\u00e9s et des \u00e9v\u00e9nements en lien avec La Lettre, auxquels peuvent participer des jeunes et d&rsquo;autres membres vuln\u00e9rables de la population. [&hellip;]\" \/>\n<meta property=\"og:url\" content=\"https:\/\/theletterfilm.org\/fr\/conseils-pour-la-protection-de-lenfance-lors-des-projections\/\" \/>\n<meta property=\"og:site_name\" content=\"The Letter\" \/>\n<meta property=\"article:publisher\" content=\"https:\/\/www.facebook.com\/profile.php?id=100085611172060\" \/>\n<meta property=\"article:modified_time\" content=\"2023-02-28T15:21:44+00:00\" \/>\n<meta property=\"og:image\" content=\"https:\/\/theletterfilm.org\/wp-content\/uploads\/2022\/11\/the-letter-socialmedia-share.jpg\" \/>\n\t<meta property=\"og:image:width\" content=\"1200\" \/>\n\t<meta property=\"og:image:height\" content=\"630\" \/>\n\t<meta property=\"og:image:type\" content=\"image\/jpeg\" \/>\n<meta name=\"twitter:card\" content=\"summary_large_image\" \/>\n<meta name=\"twitter:label1\" content=\"Dur\u00e9e de lecture estim\u00e9e\" \/>\n\t<meta name=\"twitter:data1\" content=\"3 minutes\" \/>\n<script type=\"application\/ld+json\" class=\"yoast-schema-graph\">{\"@context\":\"https:\\\/\\\/schema.org\",\"@graph\":[{\"@type\":\"WebPage\",\"@id\":\"https:\\\/\\\/theletterfilm.org\\\/fr\\\/conseils-pour-la-protection-de-lenfance-lors-des-projections\\\/\",\"url\":\"https:\\\/\\\/theletterfilm.org\\\/fr\\\/conseils-pour-la-protection-de-lenfance-lors-des-projections\\\/\",\"name\":\"Conseils pour la protection de l\u2019enfance lors des projections - The Letter\",\"isPartOf\":{\"@id\":\"https:\\\/\\\/theletterfilm.org\\\/#website\"},\"datePublished\":\"2022-11-10T12:26:43+00:00\",\"dateModified\":\"2023-02-28T15:21:44+00:00\",\"breadcrumb\":{\"@id\":\"https:\\\/\\\/theletterfilm.org\\\/fr\\\/conseils-pour-la-protection-de-lenfance-lors-des-projections\\\/#breadcrumb\"},\"inLanguage\":\"fr-FR\",\"potentialAction\":[{\"@type\":\"ReadAction\",\"target\":[\"https:\\\/\\\/theletterfilm.org\\\/fr\\\/conseils-pour-la-protection-de-lenfance-lors-des-projections\\\/\"]}]},{\"@type\":\"BreadcrumbList\",\"@id\":\"https:\\\/\\\/theletterfilm.org\\\/fr\\\/conseils-pour-la-protection-de-lenfance-lors-des-projections\\\/#breadcrumb\",\"itemListElement\":[{\"@type\":\"ListItem\",\"position\":1,\"name\":\"Home\",\"item\":\"https:\\\/\\\/theletterfilm.org\\\/fr\\\/\"},{\"@type\":\"ListItem\",\"position\":2,\"name\":\"Conseils pour la protection de l\u2019enfance lors des projections\"}]},{\"@type\":\"WebSite\",\"@id\":\"https:\\\/\\\/theletterfilm.org\\\/#website\",\"url\":\"https:\\\/\\\/theletterfilm.org\\\/\",\"name\":\"The Letter\",\"description\":\"Act Now\",\"publisher\":{\"@id\":\"https:\\\/\\\/theletterfilm.org\\\/#organization\"},\"potentialAction\":[{\"@type\":\"SearchAction\",\"target\":{\"@type\":\"EntryPoint\",\"urlTemplate\":\"https:\\\/\\\/theletterfilm.org\\\/?s={search_term_string}\"},\"query-input\":{\"@type\":\"PropertyValueSpecification\",\"valueRequired\":true,\"valueName\":\"search_term_string\"}}],\"inLanguage\":\"fr-FR\"},{\"@type\":\"Organization\",\"@id\":\"https:\\\/\\\/theletterfilm.org\\\/#organization\",\"name\":\"The Letter Film\",\"url\":\"https:\\\/\\\/theletterfilm.org\\\/\",\"logo\":{\"@type\":\"ImageObject\",\"inLanguage\":\"fr-FR\",\"@id\":\"https:\\\/\\\/theletterfilm.org\\\/#\\\/schema\\\/logo\\\/image\\\/\",\"url\":\"https:\\\/\\\/www1.theletterfilm.org\\\/wp-content\\\/uploads\\\/2020\\\/09\\\/EN_Letter0.png\",\"contentUrl\":\"https:\\\/\\\/www1.theletterfilm.org\\\/wp-content\\\/uploads\\\/2020\\\/09\\\/EN_Letter0.png\",\"width\":854,\"height\":214,\"caption\":\"The Letter Film\"},\"image\":{\"@id\":\"https:\\\/\\\/theletterfilm.org\\\/#\\\/schema\\\/logo\\\/image\\\/\"},\"sameAs\":[\"https:\\\/\\\/www.facebook.com\\\/profile.php?id=100085611172060\"]}]}<\/script>\n<!-- \/ Yoast SEO plugin. -->","yoast_head_json":{"title":"Conseils pour la protection de l\u2019enfance lors des projections - The Letter","robots":{"index":"index","follow":"follow","max-snippet":"max-snippet:-1","max-image-preview":"max-image-preview:large","max-video-preview":"max-video-preview:-1"},"canonical":"https:\/\/theletterfilm.org\/fr\/conseils-pour-la-protection-de-lenfance-lors-des-projections\/","og_locale":"fr_FR","og_type":"article","og_title":"Conseils pour la protection de l\u2019enfance lors des projections - The Letter","og_description":"Introduction Ce document pr\u00e9sente des recommandations en mati\u00e8re de mesures de protection de mineurs et des personnes vuln\u00e9rables et s&rsquo;adresse aux personnes organisant des projections, aux \u00e9ducateurs et \u00e0 tous ceux qui organisent des activit\u00e9s et des \u00e9v\u00e9nements en lien avec La Lettre, auxquels peuvent participer des jeunes et d&rsquo;autres membres vuln\u00e9rables de la population. [&hellip;]","og_url":"https:\/\/theletterfilm.org\/fr\/conseils-pour-la-protection-de-lenfance-lors-des-projections\/","og_site_name":"The Letter","article_publisher":"https:\/\/www.facebook.com\/profile.php?id=100085611172060","article_modified_time":"2023-02-28T15:21:44+00:00","og_image":[{"width":1200,"height":630,"url":"https:\/\/theletterfilm.org\/wp-content\/uploads\/2022\/11\/the-letter-socialmedia-share.jpg","type":"image\/jpeg"}],"twitter_card":"summary_large_image","twitter_misc":{"Dur\u00e9e de lecture estim\u00e9e":"3 minutes"},"schema":{"@context":"https:\/\/schema.org","@graph":[{"@type":"WebPage","@id":"https:\/\/theletterfilm.org\/fr\/conseils-pour-la-protection-de-lenfance-lors-des-projections\/","url":"https:\/\/theletterfilm.org\/fr\/conseils-pour-la-protection-de-lenfance-lors-des-projections\/","name":"Conseils pour la protection de l\u2019enfance lors des projections - The Letter","isPartOf":{"@id":"https:\/\/theletterfilm.org\/#website"},"datePublished":"2022-11-10T12:26:43+00:00","dateModified":"2023-02-28T15:21:44+00:00","breadcrumb":{"@id":"https:\/\/theletterfilm.org\/fr\/conseils-pour-la-protection-de-lenfance-lors-des-projections\/#breadcrumb"},"inLanguage":"fr-FR","potentialAction":[{"@type":"ReadAction","target":["https:\/\/theletterfilm.org\/fr\/conseils-pour-la-protection-de-lenfance-lors-des-projections\/"]}]},{"@type":"BreadcrumbList","@id":"https:\/\/theletterfilm.org\/fr\/conseils-pour-la-protection-de-lenfance-lors-des-projections\/#breadcrumb","itemListElement":[{"@type":"ListItem","position":1,"name":"Home","item":"https:\/\/theletterfilm.org\/fr\/"},{"@type":"ListItem","position":2,"name":"Conseils pour la protection de l\u2019enfance lors des projections"}]},{"@type":"WebSite","@id":"https:\/\/theletterfilm.org\/#website","url":"https:\/\/theletterfilm.org\/","name":"The Letter","description":"Act Now","publisher":{"@id":"https:\/\/theletterfilm.org\/#organization"},"potentialAction":[{"@type":"SearchAction","target":{"@type":"EntryPoint","urlTemplate":"https:\/\/theletterfilm.org\/?s={search_term_string}"},"query-input":{"@type":"PropertyValueSpecification","valueRequired":true,"valueName":"search_term_string"}}],"inLanguage":"fr-FR"},{"@type":"Organization","@id":"https:\/\/theletterfilm.org\/#organization","name":"The Letter Film","url":"https:\/\/theletterfilm.org\/","logo":{"@type":"ImageObject","inLanguage":"fr-FR","@id":"https:\/\/theletterfilm.org\/#\/schema\/logo\/image\/","url":"https:\/\/www1.theletterfilm.org\/wp-content\/uploads\/2020\/09\/EN_Letter0.png","contentUrl":"https:\/\/www1.theletterfilm.org\/wp-content\/uploads\/2020\/09\/EN_Letter0.png","width":854,"height":214,"caption":"The Letter Film"},"image":{"@id":"https:\/\/theletterfilm.org\/#\/schema\/logo\/image\/"},"sameAs":["https:\/\/www.facebook.com\/profile.php?id=100085611172060"]}]}},"_links":{"self":[{"href":"https:\/\/theletterfilm.org\/fr\/wp-json\/wp\/v2\/pages\/242124","targetHints":{"allow":["GET"]}}],"collection":[{"href":"https:\/\/theletterfilm.org\/fr\/wp-json\/wp\/v2\/pages"}],"about":[{"href":"https:\/\/theletterfilm.org\/fr\/wp-json\/wp\/v2\/types\/page"}],"author":[{"embeddable":true,"href":"https:\/\/theletterfilm.org\/fr\/wp-json\/wp\/v2\/users\/1"}],"replies":[{"embeddable":true,"href":"https:\/\/theletterfilm.org\/fr\/wp-json\/wp\/v2\/comments?post=242124"}],"version-history":[{"count":0,"href":"https:\/\/theletterfilm.org\/fr\/wp-json\/wp\/v2\/pages\/242124\/revisions"}],"wp:attachment":[{"href":"https:\/\/theletterfilm.org\/fr\/wp-json\/wp\/v2\/media?parent=242124"}],"curies":[{"name":"wp","href":"https:\/\/api.w.org\/{rel}","templated":true}]}}