{"id":243019,"date":"2023-05-10T16:05:16","date_gmt":"2023-05-10T16:05:16","guid":{"rendered":"https:\/\/bold-cartwright.3-19-126-172.plesk.page\/recursos-de-la-pelicula\/"},"modified":"2025-04-29T16:42:22","modified_gmt":"2025-04-29T16:42:22","slug":"recursos-de-la-pelicula","status":"publish","type":"page","link":"https:\/\/theletterfilm.org\/es\/recursos-de-la-pelicula\/","title":{"rendered":"Recursos de la Pel\u00edcula"},"content":{"rendered":"<p>[et_pb_section fb_built=\u00bb1&#8243; custom_padding_last_edited=\u00bbon|phone\u00bb _builder_version=\u00bb4.20.0&#8243; use_background_color_gradient=\u00bbon\u00bb background_color_gradient_direction=\u00bb90deg\u00bb background_color_gradient_stops=\u00bbrgba(0,0,0,0.47) 0%|rgba(255,255,255,0) 68%\u00bb background_color_gradient_overlays_image=\u00bbon\u00bb background_image=\u00bbhttps:\/\/www1.theletterfilm.org\/wp-content\/uploads\/2023\/05\/After-pope-meeting-4.jpg\u00bb parallax=\u00bbon\u00bb parallax_method=\u00bboff\u00bb height_tablet=\u00bb\u00bb height_phone=\u00bb\u00bb height_last_edited=\u00bbon|desktop\u00bb custom_padding_tablet=\u00bb5vh||||false|false\u00bb custom_padding_phone=\u00bb50px||0px||false|false\u00bb background_last_edited=\u00bbon|phone\u00bb parallax_phone=\u00bboff\u00bb global_colors_info=\u00bb{}\u00bb custom_css_main_element_last_edited=\u00bbon|desktop\u00bb][et_pb_row column_structure=\u00bb2_5,3_5&#8243; custom_padding_last_edited=\u00bbon|tablet\u00bb _builder_version=\u00bb4.16&#8243; width_tablet=\u00bb80%\u00bb width_phone=\u00bb80%\u00bb width_last_edited=\u00bbon|phone\u00bb custom_padding=\u00bb120px||||false|false\u00bb custom_padding_tablet=\u00bb50px||||false|false\u00bb custom_padding_phone=\u00bb50px||||false|false\u00bb animation_style=\u00bbslide\u00bb animation_direction=\u00bbbottom\u00bb animation_duration=\u00bb2000ms\u00bb animation_intensity_slide=\u00bb3%\u00bb global_colors_info=\u00bb{}\u00bb][et_pb_column type=\u00bb2_5&#8243; _builder_version=\u00bb4.16&#8243; custom_padding=\u00bb|||\u00bb global_colors_info=\u00bb{}\u00bb custom_padding__hover=\u00bb|||\u00bb][et_pb_text _builder_version=\u00bb4.20.0&#8243; text_font=\u00bbHerr Von Muellerhoff||||||||\u00bb text_text_color=\u00bbrgba(255,255,255,0.6)\u00bb text_font_size=\u00bb70px\u00bb custom_margin=\u00bb||10px||false|false\u00bb text_text_color_tablet=\u00bb#FFFFFF\u00bb text_text_color_phone=\u00bb#FFFFFF\u00bb text_text_color_last_edited=\u00bbon|phone\u00bb text_font_size_tablet=\u00bb52px\u00bb text_font_size_phone=\u00bb36px\u00bb text_font_size_last_edited=\u00bbon|phone\u00bb global_colors_info=\u00bb{}\u00bb]<\/p>\n<p>La Carta<\/p>\n<p>[\/et_pb_text][et_pb_text _builder_version=\u00bb4.20.0&#8243; header_font=\u00bb|800||on|||||\u00bb header_text_align=\u00bbleft\u00bb header_text_color=\u00bb#ffffff\u00bb header_font_size=\u00bb68px\u00bb header_line_height=\u00bb1.2em\u00bb max_width_tablet=\u00bb\u00bb max_width_phone=\u00bb\u00bb max_width_last_edited=\u00bbon|desktop\u00bb module_alignment=\u00bbcenter\u00bb custom_margin=\u00bb||10px\u00bb header_font_size_tablet=\u00bb48px\u00bb header_font_size_phone=\u00bb30px\u00bb header_font_size_last_edited=\u00bbon|phone\u00bb global_colors_info=\u00bb{}\u00bb]<\/p>\n<h1>Recursos de la Pel\u00edcula<\/h1>\n<p>[\/et_pb_text][et_pb_text _builder_version=\u00bb4.20.0&#8243; text_font=\u00bbLora||||||||\u00bb text_text_color=\u00bb#FFFFFF\u00bb locked=\u00bboff\u00bb global_colors_info=\u00bb{}\u00bb]Bienvenido a la p\u00e1gina de recursos de la pel\u00edcula. Aqu\u00ed encontrar\u00e1s todas las herramientas que necesitas para disfrutar plenamente de \u00abLa Carta\u00bb y hacer crecer tu comunidad. \u00bfNo ves tu pa\u00eds en la lista? No hay problema. <a style=\"text-decoration: underline;\" href=\"https:\/\/drive.google.com\/drive\/folders\/1HVh0CuA0JLocV1asDX3wsjpTe522V-zi\" target=\"_blank\" rel=\"noopener\">Estos recursos est\u00e1n disponibles para todo el mundo.<\/a> Echa un vistazo y \u00fanete a nosotros para explorar las historias nunca contadas que se esconden tras una de las cartas enc\u00edclicas m\u00e1s importantes de la historia.<\/p>\n<p>\u00bfNo eres cat\u00f3lico? Sea cual sea tu fe, todo el mundo puede apreciar la poderosa historia que hay detr\u00e1s de \u00abLa carta\u00bb. Para ayudarte a disfrutar de la experiencia al m\u00e1ximo, hemos reunido recursos para todos los espectadores. Cons\u00faltalos <a style=\"text-decoration: underline;\" href=\"https:\/\/drive.google.com\/drive\/folders\/1DPm-E4UBRpxhSHaofOBquYgZJjikdhIV\" target=\"_blank\" rel=\"noopener\">aqu\u00ed<\/a>.[\/et_pb_text][\/et_pb_column][et_pb_column type=\u00bb3_5&#8243; _builder_version=\u00bb4.16&#8243; custom_padding=\u00bb|||\u00bb global_colors_info=\u00bb{}\u00bb custom_padding__hover=\u00bb|||\u00bb][\/et_pb_column][\/et_pb_row][\/et_pb_section][et_pb_section fb_built=\u00bb1&#8243; _builder_version=\u00bb4.16&#8243; background_color=\u00bbrgba(255,255,255,0)\u00bb background_size=\u00bbinitial\u00bb background_position=\u00bbcenter_left\u00bb custom_padding=\u00bb||0px||false|false\u00bb global_colors_info=\u00bb{}\u00bb][et_pb_row column_structure=\u00bb3_5,2_5&#8243; _builder_version=\u00bb4.20.0&#8243; custom_padding=\u00bb||23px|||\u00bb animation_style=\u00bbslide\u00bb animation_direction=\u00bbbottom\u00bb animation_duration=\u00bb800ms\u00bb animation_delay=\u00bb200ms\u00bb animation_intensity_slide=\u00bb3%\u00bb global_colors_info=\u00bb{}\u00bb][et_pb_column type=\u00bb3_5&#8243; _builder_version=\u00bb4.20.0&#8243; custom_padding=\u00bb0px||||false|false\u00bb custom_padding_tablet=\u00bb50px||||false|false\u00bb custom_padding_phone=\u00bb0px||||false|false\u00bb custom_padding_last_edited=\u00bbon|phone\u00bb global_colors_info=\u00bb{}\u00bb custom_padding__hover=\u00bb|||\u00bb][et_pb_text _builder_version=\u00bb4.20.0&#8243; header_font=\u00bb||||||||\u00bb header_2_font=\u00bbLibre Baskerville|800|||||||\u00bb header_2_text_color=\u00bb#3a1d1d\u00bb header_2_font_size=\u00bb56px\u00bb custom_margin=\u00bb||15px\u00bb header_2_font_size_tablet=\u00bb\u00bb header_2_font_size_phone=\u00bb34px\u00bb header_2_font_size_last_edited=\u00bbon|phone\u00bb global_colors_info=\u00bb{}\u00bb]<\/p>\n<h2>Recursos<\/h2>\n<p>[\/et_pb_text][et_pb_divider color=\u00bbgcid-1c56ed07-9c3c-4423-acce-df85d285aa40&#8243; divider_style=\u00bbdotted\u00bb divider_weight=\u00bb12px\u00bb _builder_version=\u00bb4.17.4&#8243; max_width=\u00bb14%\u00bb custom_padding=\u00bb25px||||false|false\u00bb global_colors_info=\u00bb{%22gcid-1c56ed07-9c3c-4423-acce-df85d285aa40%22:%91%22color%22%93}\u00bb][\/et_pb_divider][\/et_pb_column][et_pb_column type=\u00bb2_5&#8243; _builder_version=\u00bb4.16&#8243; custom_padding=\u00bb|||\u00bb global_colors_info=\u00bb{}\u00bb custom_padding__hover=\u00bb|||\u00bb][\/et_pb_column][\/et_pb_row][\/et_pb_section][et_pb_section fb_built=\u00bb1&#8243; _builder_version=\u00bb4.20.0&#8243; _module_preset=\u00bbdefault\u00bb custom_padding=\u00bb0px||60px||false|false\u00bb global_module=\u00bb243054&#8243; saved_tabs=\u00bball\u00bb global_colors_info=\u00bb{}\u00bb][et_pb_row _builder_version=\u00bb4.20.0&#8243; _module_preset=\u00bbdefault\u00bb global_colors_info=\u00bb{}\u00bb][et_pb_column type=\u00bb4_4&#8243; _builder_version=\u00bb4.20.0&#8243; _module_preset=\u00bbdefault\u00bb global_colors_info=\u00bb{}\u00bb][difl_iconlist list_view_type=\u00bbinline\u00bb list_item_equal_width=\u00bbon\u00bb list_item_vertical_alignment=\u00bbcenter\u00bb list_item_elements_align=\u00bbon\u00bb list_item_content_max_width=\u00bb100%\u00bb list_item_per_column_tablet=\u00bb\u00bb list_item_per_column_phone=\u00bb1&#8243; list_item_per_column_last_edited=\u00bbon|phone\u00bb _builder_version=\u00bb4.20.0&#8243; _module_preset=\u00bbdefault\u00bb width=\u00bb100%\u00bb module_alignment=\u00bbleft\u00bb border_radii_child_wrapper_element=\u00bbon|5px|5px|5px|5px\u00bb border_width_all_child_wrapper_element=\u00bb1px\u00bb border_color_all_child_wrapper_element=\u00bb#e8e8e8&#8243; box_shadow_style_child_wrapper_element=\u00bbpreset1&#8243; box_shadow_horizontal_child_wrapper_element=\u00bb3px\u00bb box_shadow_vertical_child_wrapper_element=\u00bb5px\u00bb box_shadow_blur_child_wrapper_element=\u00bb12px\u00bb box_shadow_spread_child_wrapper_element=\u00bb-7px\u00bb global_colors_info=\u00bb{}\u00bb][difl_iconlistitem list_item_title=\u00bbEUA\u00bb list_item_icon_type=\u00bbimage\u00bb list_item_image=\u00bbhttps:\/\/www1.theletterfilm.org\/wp-content\/uploads\/2023\/05\/usa.png\u00bb list_item_title_url=\u00bbhttps:\/\/drive.google.com\/drive\/folders\/158WXeCq5E4GIiMQE8EOv9gF8gqBrrtLK?usp=share_link\u00bb list_item_title_url_new_window=\u00bbon\u00bb _builder_version=\u00bb4.20.0&#8243; link_option_url=\u00bbhttps:\/\/drive.google.com\/drive\/folders\/158WXeCq5E4GIiMQE8EOv9gF8gqBrrtLK?usp=share_link\u00bb link_option_url_new_window=\u00bbon\u00bb global_colors_info=\u00bb{}\u00bb][\/difl_iconlistitem][difl_iconlistitem list_item_title=\u00bbEspa\u00f1a\u00bb list_item_icon_type=\u00bbimage\u00bb list_item_image=\u00bbhttps:\/\/www1.theletterfilm.org\/wp-content\/uploads\/2023\/05\/spain-2.png\u00bb list_item_title_url=\u00bbhttps:\/\/drive.google.com\/drive\/folders\/1zMOfte4fc9qC4DY3RAwQxoIW0PmMONBT?usp=share_link\u00bb list_item_title_url_new_window=\u00bbon\u00bb _builder_version=\u00bb4.20.0&#8243; link_option_url=\u00bbhttps:\/\/drive.google.com\/drive\/folders\/1zMOfte4fc9qC4DY3RAwQxoIW0PmMONBT?usp=share_link\u00bb link_option_url_new_window=\u00bbon\u00bb global_colors_info=\u00bb{}\u00bb][\/difl_iconlistitem][difl_iconlistitem list_item_title=\u00bbMexico\u00bb list_item_icon_type=\u00bbimage\u00bb list_item_image=\u00bbhttps:\/\/www1.theletterfilm.org\/wp-content\/uploads\/2023\/05\/mexico.png\u00bb list_item_title_url=\u00bbhttps:\/\/drive.google.com\/drive\/folders\/1bvHZvfbESIlw6LRu8ujo8PlUAs8vhMHa?usp=share_link\u00bb list_item_title_url_new_window=\u00bbon\u00bb _builder_version=\u00bb4.20.0&#8243; link_option_url=\u00bbhttps:\/\/drive.google.com\/drive\/folders\/1bvHZvfbESIlw6LRu8ujo8PlUAs8vhMHa?usp=share_link\u00bb link_option_url_new_window=\u00bbon\u00bb global_colors_info=\u00bb{}\u00bb][\/difl_iconlistitem][difl_iconlistitem list_item_title=\u00bbArgentina\u00bb list_item_icon_type=\u00bbimage\u00bb list_item_image=\u00bbhttps:\/\/www1.theletterfilm.org\/wp-content\/uploads\/2023\/05\/argentina.png\u00bb list_item_title_url=\u00bbhttps:\/\/drive.google.com\/drive\/folders\/1jR5AgD-YnXZSqtAWHHbgW8gGw1j853Fy?usp=share_link\u00bb list_item_title_url_new_window=\u00bbon\u00bb _builder_version=\u00bb4.20.0&#8243; link_option_url=\u00bbhttps:\/\/drive.google.com\/drive\/folders\/1jR5AgD-YnXZSqtAWHHbgW8gGw1j853Fy?usp=share_link\u00bb link_option_url_new_window=\u00bbon\u00bb global_colors_info=\u00bb{}\u00bb][\/difl_iconlistitem][\/difl_iconlist][\/et_pb_column][\/et_pb_row][\/et_pb_section]<\/p>\n","protected":false},"excerpt":{"rendered":"<p>La CartaRecursos de la Pel\u00edculaBienvenido a la p\u00e1gina de recursos de la pel\u00edcula. Aqu\u00ed encontrar\u00e1s todas las herramientas que necesitas para disfrutar plenamente de \u00abLa Carta\u00bb y hacer crecer tu comunidad. \u00bfNo ves tu pa\u00eds en la lista? No hay problema. Estos recursos est\u00e1n disponibles para todo el mundo. Echa un vistazo y \u00fanete a [&hellip;]<\/p>\n","protected":false},"author":3,"featured_media":0,"parent":0,"menu_order":0,"comment_status":"closed","ping_status":"closed","template":"","meta":{"_et_pb_use_builder":"on","_et_pb_old_content":"","_et_gb_content_width":"","footnotes":""},"class_list":["post-243019","page","type-page","status-publish","hentry"],"yoast_head":"<!-- This site is optimized with the Yoast SEO plugin v27.3 - https:\/\/yoast.com\/product\/yoast-seo-wordpress\/ -->\n<title>Recursos de la Pel\u00edcula - The Letter<\/title>\n<meta name=\"robots\" content=\"index, follow, max-snippet:-1, max-image-preview:large, max-video-preview:-1\" \/>\n<link rel=\"canonical\" href=\"https:\/\/theletterfilm.org\/es\/recursos-de-la-pelicula\/\" \/>\n<meta property=\"og:locale\" content=\"es_ES\" \/>\n<meta property=\"og:type\" content=\"article\" \/>\n<meta property=\"og:title\" content=\"Recursos de la Pel\u00edcula - The Letter\" \/>\n<meta property=\"og:description\" content=\"La CartaRecursos de la Pel\u00edculaBienvenido a la p\u00e1gina de recursos de la pel\u00edcula. Aqu\u00ed encontrar\u00e1s todas las herramientas que necesitas para disfrutar plenamente de &quot;La Carta&quot; y hacer crecer tu comunidad. \u00bfNo ves tu pa\u00eds en la lista? No hay problema. Estos recursos est\u00e1n disponibles para todo el mundo. Echa un vistazo y \u00fanete a [&hellip;]\" \/>\n<meta property=\"og:url\" content=\"https:\/\/theletterfilm.org\/es\/recursos-de-la-pelicula\/\" \/>\n<meta property=\"og:site_name\" content=\"The Letter\" \/>\n<meta property=\"article:publisher\" content=\"https:\/\/www.facebook.com\/profile.php?id=100085611172060\" \/>\n<meta property=\"article:modified_time\" content=\"2025-04-29T16:42:22+00:00\" \/>\n<meta property=\"og:image\" content=\"https:\/\/theletterfilm.org\/wp-content\/uploads\/2022\/11\/the-letter-socialmedia-share.jpg\" \/>\n\t<meta property=\"og:image:width\" content=\"1200\" \/>\n\t<meta property=\"og:image:height\" content=\"630\" \/>\n\t<meta property=\"og:image:type\" content=\"image\/jpeg\" \/>\n<meta name=\"twitter:card\" content=\"summary_large_image\" \/>\n<meta name=\"twitter:label1\" content=\"Tiempo de lectura\" \/>\n\t<meta name=\"twitter:data1\" content=\"6 minutos\" \/>\n<script type=\"application\/ld+json\" class=\"yoast-schema-graph\">{\"@context\":\"https:\\\/\\\/schema.org\",\"@graph\":[{\"@type\":\"WebPage\",\"@id\":\"https:\\\/\\\/theletterfilm.org\\\/es\\\/recursos-de-la-pelicula\\\/\",\"url\":\"https:\\\/\\\/theletterfilm.org\\\/es\\\/recursos-de-la-pelicula\\\/\",\"name\":\"Recursos de la Pel\u00edcula - The Letter\",\"isPartOf\":{\"@id\":\"https:\\\/\\\/theletterfilm.org\\\/#website\"},\"datePublished\":\"2023-05-10T16:05:16+00:00\",\"dateModified\":\"2025-04-29T16:42:22+00:00\",\"breadcrumb\":{\"@id\":\"https:\\\/\\\/theletterfilm.org\\\/es\\\/recursos-de-la-pelicula\\\/#breadcrumb\"},\"inLanguage\":\"es\",\"potentialAction\":[{\"@type\":\"ReadAction\",\"target\":[\"https:\\\/\\\/theletterfilm.org\\\/es\\\/recursos-de-la-pelicula\\\/\"]}]},{\"@type\":\"BreadcrumbList\",\"@id\":\"https:\\\/\\\/theletterfilm.org\\\/es\\\/recursos-de-la-pelicula\\\/#breadcrumb\",\"itemListElement\":[{\"@type\":\"ListItem\",\"position\":1,\"name\":\"Home\",\"item\":\"https:\\\/\\\/theletterfilm.org\\\/es\\\/\"},{\"@type\":\"ListItem\",\"position\":2,\"name\":\"Recursos de la Pel\u00edcula\"}]},{\"@type\":\"WebSite\",\"@id\":\"https:\\\/\\\/theletterfilm.org\\\/#website\",\"url\":\"https:\\\/\\\/theletterfilm.org\\\/\",\"name\":\"The Letter\",\"description\":\"Act Now\",\"publisher\":{\"@id\":\"https:\\\/\\\/theletterfilm.org\\\/#organization\"},\"potentialAction\":[{\"@type\":\"SearchAction\",\"target\":{\"@type\":\"EntryPoint\",\"urlTemplate\":\"https:\\\/\\\/theletterfilm.org\\\/?s={search_term_string}\"},\"query-input\":{\"@type\":\"PropertyValueSpecification\",\"valueRequired\":true,\"valueName\":\"search_term_string\"}}],\"inLanguage\":\"es\"},{\"@type\":\"Organization\",\"@id\":\"https:\\\/\\\/theletterfilm.org\\\/#organization\",\"name\":\"The Letter Film\",\"url\":\"https:\\\/\\\/theletterfilm.org\\\/\",\"logo\":{\"@type\":\"ImageObject\",\"inLanguage\":\"es\",\"@id\":\"https:\\\/\\\/theletterfilm.org\\\/#\\\/schema\\\/logo\\\/image\\\/\",\"url\":\"https:\\\/\\\/www1.theletterfilm.org\\\/wp-content\\\/uploads\\\/2020\\\/09\\\/EN_Letter0.png\",\"contentUrl\":\"https:\\\/\\\/www1.theletterfilm.org\\\/wp-content\\\/uploads\\\/2020\\\/09\\\/EN_Letter0.png\",\"width\":854,\"height\":214,\"caption\":\"The Letter Film\"},\"image\":{\"@id\":\"https:\\\/\\\/theletterfilm.org\\\/#\\\/schema\\\/logo\\\/image\\\/\"},\"sameAs\":[\"https:\\\/\\\/www.facebook.com\\\/profile.php?id=100085611172060\"]}]}<\/script>\n<!-- \/ Yoast SEO plugin. -->","yoast_head_json":{"title":"Recursos de la Pel\u00edcula - The Letter","robots":{"index":"index","follow":"follow","max-snippet":"max-snippet:-1","max-image-preview":"max-image-preview:large","max-video-preview":"max-video-preview:-1"},"canonical":"https:\/\/theletterfilm.org\/es\/recursos-de-la-pelicula\/","og_locale":"es_ES","og_type":"article","og_title":"Recursos de la Pel\u00edcula - The Letter","og_description":"La CartaRecursos de la Pel\u00edculaBienvenido a la p\u00e1gina de recursos de la pel\u00edcula. Aqu\u00ed encontrar\u00e1s todas las herramientas que necesitas para disfrutar plenamente de \"La Carta\" y hacer crecer tu comunidad. \u00bfNo ves tu pa\u00eds en la lista? No hay problema. Estos recursos est\u00e1n disponibles para todo el mundo. Echa un vistazo y \u00fanete a [&hellip;]","og_url":"https:\/\/theletterfilm.org\/es\/recursos-de-la-pelicula\/","og_site_name":"The Letter","article_publisher":"https:\/\/www.facebook.com\/profile.php?id=100085611172060","article_modified_time":"2025-04-29T16:42:22+00:00","og_image":[{"width":1200,"height":630,"url":"https:\/\/theletterfilm.org\/wp-content\/uploads\/2022\/11\/the-letter-socialmedia-share.jpg","type":"image\/jpeg"}],"twitter_card":"summary_large_image","twitter_misc":{"Tiempo de lectura":"6 minutos"},"schema":{"@context":"https:\/\/schema.org","@graph":[{"@type":"WebPage","@id":"https:\/\/theletterfilm.org\/es\/recursos-de-la-pelicula\/","url":"https:\/\/theletterfilm.org\/es\/recursos-de-la-pelicula\/","name":"Recursos de la Pel\u00edcula - The Letter","isPartOf":{"@id":"https:\/\/theletterfilm.org\/#website"},"datePublished":"2023-05-10T16:05:16+00:00","dateModified":"2025-04-29T16:42:22+00:00","breadcrumb":{"@id":"https:\/\/theletterfilm.org\/es\/recursos-de-la-pelicula\/#breadcrumb"},"inLanguage":"es","potentialAction":[{"@type":"ReadAction","target":["https:\/\/theletterfilm.org\/es\/recursos-de-la-pelicula\/"]}]},{"@type":"BreadcrumbList","@id":"https:\/\/theletterfilm.org\/es\/recursos-de-la-pelicula\/#breadcrumb","itemListElement":[{"@type":"ListItem","position":1,"name":"Home","item":"https:\/\/theletterfilm.org\/es\/"},{"@type":"ListItem","position":2,"name":"Recursos de la Pel\u00edcula"}]},{"@type":"WebSite","@id":"https:\/\/theletterfilm.org\/#website","url":"https:\/\/theletterfilm.org\/","name":"The Letter","description":"Act Now","publisher":{"@id":"https:\/\/theletterfilm.org\/#organization"},"potentialAction":[{"@type":"SearchAction","target":{"@type":"EntryPoint","urlTemplate":"https:\/\/theletterfilm.org\/?s={search_term_string}"},"query-input":{"@type":"PropertyValueSpecification","valueRequired":true,"valueName":"search_term_string"}}],"inLanguage":"es"},{"@type":"Organization","@id":"https:\/\/theletterfilm.org\/#organization","name":"The Letter Film","url":"https:\/\/theletterfilm.org\/","logo":{"@type":"ImageObject","inLanguage":"es","@id":"https:\/\/theletterfilm.org\/#\/schema\/logo\/image\/","url":"https:\/\/www1.theletterfilm.org\/wp-content\/uploads\/2020\/09\/EN_Letter0.png","contentUrl":"https:\/\/www1.theletterfilm.org\/wp-content\/uploads\/2020\/09\/EN_Letter0.png","width":854,"height":214,"caption":"The Letter Film"},"image":{"@id":"https:\/\/theletterfilm.org\/#\/schema\/logo\/image\/"},"sameAs":["https:\/\/www.facebook.com\/profile.php?id=100085611172060"]}]}},"_links":{"self":[{"href":"https:\/\/theletterfilm.org\/es\/wp-json\/wp\/v2\/pages\/243019","targetHints":{"allow":["GET"]}}],"collection":[{"href":"https:\/\/theletterfilm.org\/es\/wp-json\/wp\/v2\/pages"}],"about":[{"href":"https:\/\/theletterfilm.org\/es\/wp-json\/wp\/v2\/types\/page"}],"author":[{"embeddable":true,"href":"https:\/\/theletterfilm.org\/es\/wp-json\/wp\/v2\/users\/3"}],"replies":[{"embeddable":true,"href":"https:\/\/theletterfilm.org\/es\/wp-json\/wp\/v2\/comments?post=243019"}],"version-history":[{"count":1,"href":"https:\/\/theletterfilm.org\/es\/wp-json\/wp\/v2\/pages\/243019\/revisions"}],"predecessor-version":[{"id":243636,"href":"https:\/\/theletterfilm.org\/es\/wp-json\/wp\/v2\/pages\/243019\/revisions\/243636"}],"wp:attachment":[{"href":"https:\/\/theletterfilm.org\/es\/wp-json\/wp\/v2\/media?parent=243019"}],"curies":[{"name":"wp","href":"https:\/\/api.w.org\/{rel}","templated":true}]}}