{"id":242128,"date":"2022-11-10T12:26:43","date_gmt":"2022-11-10T12:26:43","guid":{"rendered":"https:\/\/bold-cartwright.3-19-126-172.plesk.page\/normas-de-salvaguardia-para-eventos-de-proyeccion\/"},"modified":"2023-02-28T15:30:04","modified_gmt":"2023-02-28T15:30:04","slug":"normas-de-salvaguardia-para-eventos-de-proyeccion","status":"publish","type":"page","link":"https:\/\/theletterfilm.org\/es\/normas-de-salvaguardia-para-eventos-de-proyeccion\/","title":{"rendered":"Normas de salvaguardia para eventos de proyecci\u00f3n"},"content":{"rendered":"\n<h4 class=\"wp-block-heading\">Introducci\u00f3n<\/h4>\n\n<p>Este recurso de salvaguardia est\u00e1 destinado a los organizadores de proyecciones, educadores y cualquier persona que organice actividades y eventos relacionados con <em>La Carta<\/em> en los que puedan participar j\u00f3venes y otros miembros vulnerables de la poblaci\u00f3n.<\/p>\n\n<p>La salvaguardia se basa en algunos principios fundamentales: <\/p>\n\n<ul class=\"wp-block-list\">\n<li>Los ni\u00f1os y j\u00f3venes nunca deben sufrir abusos de ning\u00fan tipo. <\/li>\n\n\n\n<li>Todos tenemos la responsabilidad moral y \u00e9tica de promover el bienestar de todos los ni\u00f1os y j\u00f3venes. <\/li>\n\n\n\n<li>Todos los ni\u00f1os, independientemente de su raza, color, sexo, idioma, religi\u00f3n, opini\u00f3n pol\u00edtica o de otra \u00edndole, origen nacional, \u00e9tnico o social, posici\u00f3n econ\u00f3mica, discapacidad, estatus de nacimiento (u otro), tienen derecho a igual protecci\u00f3n contra todo tipo de da\u00f1o o abuso.<\/li>\n\n\n\n<li>Algunos ni\u00f1os son m\u00e1s vulnerables por el impacto de experiencias anteriores, su nivel de dependencia, sus necesidades de comunicaci\u00f3n u otros factores.<\/li>\n\n\n\n<li>El bienestar de todos los ni\u00f1os es importante.<\/li>\n<\/ul>\n\n<h4 class=\"wp-block-heading\">Tu responsabilidad<\/h4>\n\n<p>La salvaguardia garantiza que los j\u00f3venes y otros miembros vulnerables de la poblaci\u00f3n se mantengan a salvo de los abusos, la explotaci\u00f3n, la violencia y el abandono. Como organizador de un evento o una lecci\u00f3n, es tu responsabilidad garantizar que la salvaguarda del bienestar de todas las personas vulnerables sea prioritaria a la hora de planificar tus actividades.<\/p>\n\n<p><strong>Por favor, aseg\u00farate de haber le\u00eddo la <a href=\"https:\/\/mail.laudatosimovement.org\/landing\/termsofservice\" target=\"_blank\" rel=\"noreferrer noopener\">Pol\u00edtica de Protecci\u00f3n del Movimiento Laudato Si\u2019<\/a> antes de planificar tus actividades.<\/strong> Esta gu\u00eda ofrece algunas recomendaciones y lecturas sugeridas para apoyar tu planificaci\u00f3n.<\/p>\n\n<p>El Movimiento Laudato Si&#8217; ofrece formaci\u00f3n sobre salvaguardia. Al registrar tu evento, recibir\u00e1s acceso al calendario de sesiones de formaci\u00f3n. <\/p>\n\n<p>A continuaci\u00f3n se ofrecen algunas recomendaciones iniciales, pero se ruega consultar la Pol\u00edtica de Protecci\u00f3n en su totalidad para obtener m\u00e1s informaci\u00f3n:<\/p>\n\n<ul class=\"wp-block-list\">\n<li>Aseg\u00farate de que tu evento o tus actividades se ajustan a la Pol\u00edtica de Protecci\u00f3n del Movimiento Laudato Si\u2019 y de que adoptas las mejores pr\u00e1cticas en materia de protecci\u00f3n y salvaguardia de la infancia. <\/li>\n\n\n\n<li>Appoint a person of trust for children and young people. <\/li>\n\n\n\n<li>Aseg\u00farate de que todo el personal o los voluntarios que participen en tu acto o tus actividades hayan realizado una comprobaci\u00f3n de antecedentes. <\/li>\n\n\n\n<li>Comparte informaci\u00f3n sobre salvaguarda con los j\u00f3venes, las familias y el personal, incluyendo a los voluntarios. <\/li>\n\n\n\n<li>Aseg\u00farate de que exista un proceso para denunciar y abordar conductas sospechosas. <\/li>\n<\/ul>\n\n<h4 class=\"wp-block-heading\">Nota sobre fotograf\u00eda y redes sociales<\/h4>\n\n<p>En nuestro uso de la informaci\u00f3n y las im\u00e1genes visuales, tanto fotogr\u00e1ficas como en v\u00eddeo, el principio fundamental es mantener el respeto y la dignidad en nuestra representaci\u00f3n de los ni\u00f1os, las familias y las comunidades. Debe evitarse fotografiar a ni\u00f1os u otras personas vulnerables o utilizar su imagen en las redes sociales. <\/p>\n\n<p>S\u00f3lo en caso de autorizaci\u00f3n expl\u00edcita de los padres o tutores legales podr\u00e1n utilizarse estas im\u00e1genes.<\/p>\n","protected":false},"excerpt":{"rendered":"<p>Introducci\u00f3n Este recurso de salvaguardia est\u00e1 destinado a los organizadores de proyecciones, educadores y cualquier persona que organice actividades y eventos relacionados con La Carta en los que puedan participar j\u00f3venes y otros miembros vulnerables de la poblaci\u00f3n. La salvaguardia se basa en algunos principios fundamentales: Tu responsabilidad La salvaguardia garantiza que los j\u00f3venes y [&hellip;]<\/p>\n","protected":false},"author":1,"featured_media":0,"parent":0,"menu_order":0,"comment_status":"closed","ping_status":"closed","template":"","meta":{"_et_pb_use_builder":"off","_et_pb_old_content":"","_et_gb_content_width":"","footnotes":""},"class_list":["post-242128","page","type-page","status-publish","hentry"],"yoast_head":"<!-- This site is optimized with the Yoast SEO plugin v27.4 - https:\/\/yoast.com\/product\/yoast-seo-wordpress\/ -->\n<title>Normas de salvaguardia para eventos de proyecci\u00f3n - The Letter<\/title>\n<meta name=\"robots\" content=\"index, follow, max-snippet:-1, max-image-preview:large, max-video-preview:-1\" \/>\n<link rel=\"canonical\" href=\"https:\/\/theletterfilm.org\/es\/normas-de-salvaguardia-para-eventos-de-proyeccion\/\" \/>\n<meta property=\"og:locale\" content=\"es_ES\" \/>\n<meta property=\"og:type\" content=\"article\" \/>\n<meta property=\"og:title\" content=\"Normas de salvaguardia para eventos de proyecci\u00f3n - The Letter\" \/>\n<meta property=\"og:description\" content=\"Introducci\u00f3n Este recurso de salvaguardia est\u00e1 destinado a los organizadores de proyecciones, educadores y cualquier persona que organice actividades y eventos relacionados con La Carta en los que puedan participar j\u00f3venes y otros miembros vulnerables de la poblaci\u00f3n. La salvaguardia se basa en algunos principios fundamentales: Tu responsabilidad La salvaguardia garantiza que los j\u00f3venes y [&hellip;]\" \/>\n<meta property=\"og:url\" content=\"https:\/\/theletterfilm.org\/es\/normas-de-salvaguardia-para-eventos-de-proyeccion\/\" \/>\n<meta property=\"og:site_name\" content=\"The Letter\" \/>\n<meta property=\"article:publisher\" content=\"https:\/\/www.facebook.com\/profile.php?id=100085611172060\" \/>\n<meta property=\"article:modified_time\" content=\"2023-02-28T15:30:04+00:00\" \/>\n<meta property=\"og:image\" content=\"https:\/\/theletterfilm.org\/wp-content\/uploads\/2022\/11\/the-letter-socialmedia-share.jpg\" \/>\n\t<meta property=\"og:image:width\" content=\"1200\" \/>\n\t<meta property=\"og:image:height\" content=\"630\" \/>\n\t<meta property=\"og:image:type\" content=\"image\/jpeg\" \/>\n<meta name=\"twitter:card\" content=\"summary_large_image\" \/>\n<meta name=\"twitter:label1\" content=\"Tiempo de lectura\" \/>\n\t<meta name=\"twitter:data1\" content=\"3 minutos\" \/>\n<script type=\"application\/ld+json\" class=\"yoast-schema-graph\">{\"@context\":\"https:\\\/\\\/schema.org\",\"@graph\":[{\"@type\":\"WebPage\",\"@id\":\"https:\\\/\\\/theletterfilm.org\\\/es\\\/normas-de-salvaguardia-para-eventos-de-proyeccion\\\/\",\"url\":\"https:\\\/\\\/theletterfilm.org\\\/es\\\/normas-de-salvaguardia-para-eventos-de-proyeccion\\\/\",\"name\":\"Normas de salvaguardia para eventos de proyecci\u00f3n - The Letter\",\"isPartOf\":{\"@id\":\"https:\\\/\\\/theletterfilm.org\\\/#website\"},\"datePublished\":\"2022-11-10T12:26:43+00:00\",\"dateModified\":\"2023-02-28T15:30:04+00:00\",\"breadcrumb\":{\"@id\":\"https:\\\/\\\/theletterfilm.org\\\/es\\\/normas-de-salvaguardia-para-eventos-de-proyeccion\\\/#breadcrumb\"},\"inLanguage\":\"es\",\"potentialAction\":[{\"@type\":\"ReadAction\",\"target\":[\"https:\\\/\\\/theletterfilm.org\\\/es\\\/normas-de-salvaguardia-para-eventos-de-proyeccion\\\/\"]}]},{\"@type\":\"BreadcrumbList\",\"@id\":\"https:\\\/\\\/theletterfilm.org\\\/es\\\/normas-de-salvaguardia-para-eventos-de-proyeccion\\\/#breadcrumb\",\"itemListElement\":[{\"@type\":\"ListItem\",\"position\":1,\"name\":\"Home\",\"item\":\"https:\\\/\\\/theletterfilm.org\\\/es\\\/\"},{\"@type\":\"ListItem\",\"position\":2,\"name\":\"Normas de salvaguardia para eventos de proyecci\u00f3n\"}]},{\"@type\":\"WebSite\",\"@id\":\"https:\\\/\\\/theletterfilm.org\\\/#website\",\"url\":\"https:\\\/\\\/theletterfilm.org\\\/\",\"name\":\"The Letter\",\"description\":\"Act Now\",\"publisher\":{\"@id\":\"https:\\\/\\\/theletterfilm.org\\\/#organization\"},\"potentialAction\":[{\"@type\":\"SearchAction\",\"target\":{\"@type\":\"EntryPoint\",\"urlTemplate\":\"https:\\\/\\\/theletterfilm.org\\\/?s={search_term_string}\"},\"query-input\":{\"@type\":\"PropertyValueSpecification\",\"valueRequired\":true,\"valueName\":\"search_term_string\"}}],\"inLanguage\":\"es\"},{\"@type\":\"Organization\",\"@id\":\"https:\\\/\\\/theletterfilm.org\\\/#organization\",\"name\":\"The Letter Film\",\"url\":\"https:\\\/\\\/theletterfilm.org\\\/\",\"logo\":{\"@type\":\"ImageObject\",\"inLanguage\":\"es\",\"@id\":\"https:\\\/\\\/theletterfilm.org\\\/#\\\/schema\\\/logo\\\/image\\\/\",\"url\":\"https:\\\/\\\/www1.theletterfilm.org\\\/wp-content\\\/uploads\\\/2020\\\/09\\\/EN_Letter0.png\",\"contentUrl\":\"https:\\\/\\\/www1.theletterfilm.org\\\/wp-content\\\/uploads\\\/2020\\\/09\\\/EN_Letter0.png\",\"width\":854,\"height\":214,\"caption\":\"The Letter Film\"},\"image\":{\"@id\":\"https:\\\/\\\/theletterfilm.org\\\/#\\\/schema\\\/logo\\\/image\\\/\"},\"sameAs\":[\"https:\\\/\\\/www.facebook.com\\\/profile.php?id=100085611172060\"]}]}<\/script>\n<!-- \/ Yoast SEO plugin. -->","yoast_head_json":{"title":"Normas de salvaguardia para eventos de proyecci\u00f3n - The Letter","robots":{"index":"index","follow":"follow","max-snippet":"max-snippet:-1","max-image-preview":"max-image-preview:large","max-video-preview":"max-video-preview:-1"},"canonical":"https:\/\/theletterfilm.org\/es\/normas-de-salvaguardia-para-eventos-de-proyeccion\/","og_locale":"es_ES","og_type":"article","og_title":"Normas de salvaguardia para eventos de proyecci\u00f3n - The Letter","og_description":"Introducci\u00f3n Este recurso de salvaguardia est\u00e1 destinado a los organizadores de proyecciones, educadores y cualquier persona que organice actividades y eventos relacionados con La Carta en los que puedan participar j\u00f3venes y otros miembros vulnerables de la poblaci\u00f3n. La salvaguardia se basa en algunos principios fundamentales: Tu responsabilidad La salvaguardia garantiza que los j\u00f3venes y [&hellip;]","og_url":"https:\/\/theletterfilm.org\/es\/normas-de-salvaguardia-para-eventos-de-proyeccion\/","og_site_name":"The Letter","article_publisher":"https:\/\/www.facebook.com\/profile.php?id=100085611172060","article_modified_time":"2023-02-28T15:30:04+00:00","og_image":[{"width":1200,"height":630,"url":"https:\/\/theletterfilm.org\/wp-content\/uploads\/2022\/11\/the-letter-socialmedia-share.jpg","type":"image\/jpeg"}],"twitter_card":"summary_large_image","twitter_misc":{"Tiempo de lectura":"3 minutos"},"schema":{"@context":"https:\/\/schema.org","@graph":[{"@type":"WebPage","@id":"https:\/\/theletterfilm.org\/es\/normas-de-salvaguardia-para-eventos-de-proyeccion\/","url":"https:\/\/theletterfilm.org\/es\/normas-de-salvaguardia-para-eventos-de-proyeccion\/","name":"Normas de salvaguardia para eventos de proyecci\u00f3n - The Letter","isPartOf":{"@id":"https:\/\/theletterfilm.org\/#website"},"datePublished":"2022-11-10T12:26:43+00:00","dateModified":"2023-02-28T15:30:04+00:00","breadcrumb":{"@id":"https:\/\/theletterfilm.org\/es\/normas-de-salvaguardia-para-eventos-de-proyeccion\/#breadcrumb"},"inLanguage":"es","potentialAction":[{"@type":"ReadAction","target":["https:\/\/theletterfilm.org\/es\/normas-de-salvaguardia-para-eventos-de-proyeccion\/"]}]},{"@type":"BreadcrumbList","@id":"https:\/\/theletterfilm.org\/es\/normas-de-salvaguardia-para-eventos-de-proyeccion\/#breadcrumb","itemListElement":[{"@type":"ListItem","position":1,"name":"Home","item":"https:\/\/theletterfilm.org\/es\/"},{"@type":"ListItem","position":2,"name":"Normas de salvaguardia para eventos de proyecci\u00f3n"}]},{"@type":"WebSite","@id":"https:\/\/theletterfilm.org\/#website","url":"https:\/\/theletterfilm.org\/","name":"The Letter","description":"Act Now","publisher":{"@id":"https:\/\/theletterfilm.org\/#organization"},"potentialAction":[{"@type":"SearchAction","target":{"@type":"EntryPoint","urlTemplate":"https:\/\/theletterfilm.org\/?s={search_term_string}"},"query-input":{"@type":"PropertyValueSpecification","valueRequired":true,"valueName":"search_term_string"}}],"inLanguage":"es"},{"@type":"Organization","@id":"https:\/\/theletterfilm.org\/#organization","name":"The Letter Film","url":"https:\/\/theletterfilm.org\/","logo":{"@type":"ImageObject","inLanguage":"es","@id":"https:\/\/theletterfilm.org\/#\/schema\/logo\/image\/","url":"https:\/\/www1.theletterfilm.org\/wp-content\/uploads\/2020\/09\/EN_Letter0.png","contentUrl":"https:\/\/www1.theletterfilm.org\/wp-content\/uploads\/2020\/09\/EN_Letter0.png","width":854,"height":214,"caption":"The Letter Film"},"image":{"@id":"https:\/\/theletterfilm.org\/#\/schema\/logo\/image\/"},"sameAs":["https:\/\/www.facebook.com\/profile.php?id=100085611172060"]}]}},"_links":{"self":[{"href":"https:\/\/theletterfilm.org\/es\/wp-json\/wp\/v2\/pages\/242128","targetHints":{"allow":["GET"]}}],"collection":[{"href":"https:\/\/theletterfilm.org\/es\/wp-json\/wp\/v2\/pages"}],"about":[{"href":"https:\/\/theletterfilm.org\/es\/wp-json\/wp\/v2\/types\/page"}],"author":[{"embeddable":true,"href":"https:\/\/theletterfilm.org\/es\/wp-json\/wp\/v2\/users\/1"}],"replies":[{"embeddable":true,"href":"https:\/\/theletterfilm.org\/es\/wp-json\/wp\/v2\/comments?post=242128"}],"version-history":[{"count":0,"href":"https:\/\/theletterfilm.org\/es\/wp-json\/wp\/v2\/pages\/242128\/revisions"}],"wp:attachment":[{"href":"https:\/\/theletterfilm.org\/es\/wp-json\/wp\/v2\/media?parent=242128"}],"curies":[{"name":"wp","href":"https:\/\/api.w.org\/{rel}","templated":true}]}}