{"id":241188,"date":"2020-10-15T06:26:33","date_gmt":"2020-10-15T06:26:33","guid":{"rendered":"https:\/\/bold-cartwright.3-19-126-172.plesk.page\/gracias\/"},"modified":"2022-11-22T22:09:46","modified_gmt":"2022-11-22T22:09:46","slug":"gracias","status":"publish","type":"page","link":"https:\/\/theletterfilm.org\/es\/gracias\/","title":{"rendered":"Gracias"},"content":{"rendered":"<p>[et_pb_section fb_built=\u00bb1&#8243; _builder_version=\u00bb4.19.0&#8243; _module_preset=\u00bbdefault\u00bb background_image=\u00bbhttps:\/\/www1.theletterfilm.org\/wp-content\/uploads\/2022\/11\/LS-20210213-Drone.00_32_49_09.Still007-scaled.jpg\u00bb parallax=\u00bbon\u00bb parallax_method=\u00bboff\u00bb global_colors_info=\u00bb{}\u00bb][et_pb_row _builder_version=\u00bb4.16&#8243; _module_preset=\u00bbdefault\u00bb global_colors_info=\u00bb{}\u00bb][et_pb_column type=\u00bb4_4&#8243; _builder_version=\u00bb4.16&#8243; _module_preset=\u00bbdefault\u00bb global_colors_info=\u00bb{}\u00bb][et_pb_text _builder_version=\u00bb4.19.0&#8243; _module_preset=\u00bbdefault\u00bb text_font=\u00bb|700|||||||\u00bb text_text_color=\u00bbgcid-f452cbb7-2d0e-4e54-8cc0-32460ce57520&#8243; text_font_size=\u00bb24px\u00bb text_orientation=\u00bbcenter\u00bb custom_margin=\u00bb||5px||false|false\u00bb global_colors_info=\u00bb{%22gcid-f452cbb7-2d0e-4e54-8cc0-32460ce57520%22:%91%22text_text_color%22%93}\u00bb]<\/p>\n<p>La Carta<\/p>\n<p>[\/et_pb_text][et_pb_text module_class=\u00bbh1_home\u00bb _builder_version=\u00bb4.16&#8243; _module_preset=\u00bbdefault\u00bb header_font=\u00bbWork Sans|800||on|||||\u00bb header_text_align=\u00bbcenter\u00bb header_text_color=\u00bb#ffffff\u00bb header_font_size=\u00bb80px\u00bb custom_margin=\u00bb||0px||false|false\u00bb header_font_size_tablet=\u00bb64px\u00bb header_font_size_phone=\u00bb48px\u00bb header_font_size_last_edited=\u00bbon|tablet\u00bb global_colors_info=\u00bb{}\u00bb]<\/p>\n<h1>Gracias<\/h1>\n<p>[\/et_pb_text][\/et_pb_column][\/et_pb_row][\/et_pb_section][et_pb_section fb_built=\u00bb1&#8243; _builder_version=\u00bb4.16&#8243; _module_preset=\u00bbdefault\u00bb custom_padding=\u00bb25px||||false|false\u00bb global_colors_info=\u00bb{}\u00bb][et_pb_row column_structure=\u00bb2_5,3_5&#8243; make_equal=\u00bbon\u00bb _builder_version=\u00bb4.19.0&#8243; _module_preset=\u00bbdefault\u00bb max_width=\u00bb1200px\u00bb global_colors_info=\u00bb{}\u00bb][et_pb_column type=\u00bb2_5&#8243; _builder_version=\u00bb4.19.0&#8243; _module_preset=\u00bbdefault\u00bb global_colors_info=\u00bb{}\u00bb][et_pb_image src=\u00bbhttps:\/\/www1.theletterfilm.org\/wp-content\/uploads\/2022\/11\/Captura-de-Pantalla-2022-11-10-a-las-13.50.13.png\u00bb title_text=\u00bbCaptura de Pantalla 2022-11-10 a las 13.50.13&#8243; _builder_version=\u00bb4.19.0&#8243; _module_preset=\u00bbdefault\u00bb animation_style=\u00bbfade\u00bb global_colors_info=\u00bb{}\u00bb][\/et_pb_image][\/et_pb_column][et_pb_column type=\u00bb3_5&#8243; _builder_version=\u00bb4.16&#8243; _module_preset=\u00bbdefault\u00bb custom_padding=\u00bb90px||||false|false\u00bb custom_padding_tablet=\u00bb0px||0px||true|false\u00bb custom_padding_phone=\u00bb0px||0px||false|false\u00bb custom_padding_last_edited=\u00bbon|tablet\u00bb global_colors_info=\u00bb{}\u00bb][et_pb_text _builder_version=\u00bb4.19.0&#8243; _module_preset=\u00bbdefault\u00bb header_2_font=\u00bb|700|||||||\u00bb header_2_font_size=\u00bb46px\u00bb header_2_font_size_tablet=\u00bb\u00bb header_2_font_size_phone=\u00bb34px\u00bb header_2_font_size_last_edited=\u00bbon|phone\u00bb global_colors_info=\u00bb{}\u00bb]<\/p>\n<h2>Puede descargar \u00abLa gu\u00eda de las conversaciones<br \/>desafiantes sobre<br \/>la la fe y el cambio clim\u00e1tico\u00bb aqu\u00ed<\/h2>\n<p>[\/et_pb_text][et_pb_text _builder_version=\u00bb4.19.0&#8243; _module_preset=\u00bbdefault\u00bb global_colors_info=\u00bb{}\u00bb]<\/p>\n<p>Vivimos en un sistema roto que ha creado una crisis planetaria. Para construir un futuro mejor, tenemos que unirnos de nuevas maneras y ver nuestra fe bajo nuevas luces.<\/p>\n<p>[\/et_pb_text][et_pb_button button_url=\u00bbhttps:\/\/drive.google.com\/file\/d\/1YCOJuQPc7aUUI2Y1rnihiYVgLTKA3Kz1\/view?usp=share_link\u00bb url_new_window=\u00bbon\u00bb button_text=\u00bbDescarga la gu\u00eda\u00bb _builder_version=\u00bb4.19.0&#8243; _module_preset=\u00bbdefault\u00bb custom_button=\u00bbon\u00bb button_text_size=\u00bb18px\u00bb button_text_color=\u00bb#ffffff\u00bb button_bg_color=\u00bbgcid-b38cf0a5-cffe-45ef-bc10-60426f58578f\u00bb button_border_width=\u00bb0px\u00bb button_font=\u00bb|700||on|||||\u00bb button_use_icon=\u00bboff\u00bb button_text_size_tablet=\u00bb\u00bb button_text_size_phone=\u00bb16px\u00bb button_text_size_last_edited=\u00bbon|phone\u00bb global_colors_info=\u00bb{%22gcid-b38cf0a5-cffe-45ef-bc10-60426f58578f%22:%91%22button_bg_color%22,%22button_bg_color%22,%22button_bg_color%22,%22button_bg_color%22%93,%22gcid-f452cbb7-2d0e-4e54-8cc0-32460ce57520%22:%91%22button_bg_color__hover%22,%22button_bg_color__hover%22,%22button_bg_color__hover%22,%22button_bg_color__hover%22%93}\u00bb button_bg_color__hover_enabled=\u00bbon|hover\u00bb button_bg_color__hover=\u00bb#d1651a\u00bb button_bg_use_color_gradient__hover=\u00bboff\u00bb][\/et_pb_button][\/et_pb_column][\/et_pb_row][\/et_pb_section]<\/p>\n","protected":false},"excerpt":{"rendered":"<p>La CartaGraciasPuede descargar \u00abLa gu\u00eda de las conversacionesdesafiantes sobrela la fe y el cambio clim\u00e1tico\u00bb aqu\u00edVivimos en un sistema roto que ha creado una crisis planetaria. Para construir un futuro mejor, tenemos que unirnos de nuevas maneras y ver nuestra fe bajo nuevas luces.<\/p>\n","protected":false},"author":1,"featured_media":0,"parent":0,"menu_order":0,"comment_status":"closed","ping_status":"closed","template":"","meta":{"_et_pb_use_builder":"on","_et_pb_old_content":"","_et_gb_content_width":"","footnotes":""},"class_list":["post-241188","page","type-page","status-publish","hentry"],"yoast_head":"<!-- This site is optimized with the Yoast SEO plugin v27.4 - https:\/\/yoast.com\/product\/yoast-seo-wordpress\/ -->\n<title>Gracias - The Letter<\/title>\n<meta name=\"robots\" content=\"index, follow, max-snippet:-1, max-image-preview:large, max-video-preview:-1\" \/>\n<link rel=\"canonical\" href=\"https:\/\/theletterfilm.org\/es\/gracias\/\" \/>\n<meta property=\"og:locale\" content=\"es_ES\" \/>\n<meta property=\"og:type\" content=\"article\" \/>\n<meta property=\"og:title\" content=\"Gracias - The Letter\" \/>\n<meta property=\"og:description\" content=\"La CartaGraciasPuede descargar &quot;La gu\u00eda de las conversacionesdesafiantes sobrela la fe y el cambio clim\u00e1tico&quot; aqu\u00edVivimos en un sistema roto que ha creado una crisis planetaria. Para construir un futuro mejor, tenemos que unirnos de nuevas maneras y ver nuestra fe bajo nuevas luces.\" \/>\n<meta property=\"og:url\" content=\"https:\/\/theletterfilm.org\/es\/gracias\/\" \/>\n<meta property=\"og:site_name\" content=\"The Letter\" \/>\n<meta property=\"article:publisher\" content=\"https:\/\/www.facebook.com\/profile.php?id=100085611172060\" \/>\n<meta property=\"article:modified_time\" content=\"2022-11-22T22:09:46+00:00\" \/>\n<meta property=\"og:image\" content=\"https:\/\/theletterfilm.org\/wp-content\/uploads\/2022\/11\/the-letter-socialmedia-share.jpg\" \/>\n\t<meta property=\"og:image:width\" content=\"1200\" \/>\n\t<meta property=\"og:image:height\" content=\"630\" \/>\n\t<meta property=\"og:image:type\" content=\"image\/jpeg\" \/>\n<meta name=\"twitter:card\" content=\"summary_large_image\" \/>\n<meta name=\"twitter:label1\" content=\"Tiempo de lectura\" \/>\n\t<meta name=\"twitter:data1\" content=\"3 minutos\" \/>\n<script type=\"application\/ld+json\" class=\"yoast-schema-graph\">{\"@context\":\"https:\\\/\\\/schema.org\",\"@graph\":[{\"@type\":\"WebPage\",\"@id\":\"https:\\\/\\\/theletterfilm.org\\\/es\\\/gracias\\\/\",\"url\":\"https:\\\/\\\/theletterfilm.org\\\/es\\\/gracias\\\/\",\"name\":\"Gracias - The Letter\",\"isPartOf\":{\"@id\":\"https:\\\/\\\/theletterfilm.org\\\/#website\"},\"datePublished\":\"2020-10-15T06:26:33+00:00\",\"dateModified\":\"2022-11-22T22:09:46+00:00\",\"breadcrumb\":{\"@id\":\"https:\\\/\\\/theletterfilm.org\\\/es\\\/gracias\\\/#breadcrumb\"},\"inLanguage\":\"es\",\"potentialAction\":[{\"@type\":\"ReadAction\",\"target\":[\"https:\\\/\\\/theletterfilm.org\\\/es\\\/gracias\\\/\"]}]},{\"@type\":\"BreadcrumbList\",\"@id\":\"https:\\\/\\\/theletterfilm.org\\\/es\\\/gracias\\\/#breadcrumb\",\"itemListElement\":[{\"@type\":\"ListItem\",\"position\":1,\"name\":\"Home\",\"item\":\"https:\\\/\\\/theletterfilm.org\\\/es\\\/\"},{\"@type\":\"ListItem\",\"position\":2,\"name\":\"Gracias\"}]},{\"@type\":\"WebSite\",\"@id\":\"https:\\\/\\\/theletterfilm.org\\\/#website\",\"url\":\"https:\\\/\\\/theletterfilm.org\\\/\",\"name\":\"The Letter\",\"description\":\"Act Now\",\"publisher\":{\"@id\":\"https:\\\/\\\/theletterfilm.org\\\/#organization\"},\"potentialAction\":[{\"@type\":\"SearchAction\",\"target\":{\"@type\":\"EntryPoint\",\"urlTemplate\":\"https:\\\/\\\/theletterfilm.org\\\/?s={search_term_string}\"},\"query-input\":{\"@type\":\"PropertyValueSpecification\",\"valueRequired\":true,\"valueName\":\"search_term_string\"}}],\"inLanguage\":\"es\"},{\"@type\":\"Organization\",\"@id\":\"https:\\\/\\\/theletterfilm.org\\\/#organization\",\"name\":\"The Letter Film\",\"url\":\"https:\\\/\\\/theletterfilm.org\\\/\",\"logo\":{\"@type\":\"ImageObject\",\"inLanguage\":\"es\",\"@id\":\"https:\\\/\\\/theletterfilm.org\\\/#\\\/schema\\\/logo\\\/image\\\/\",\"url\":\"https:\\\/\\\/www1.theletterfilm.org\\\/wp-content\\\/uploads\\\/2020\\\/09\\\/EN_Letter0.png\",\"contentUrl\":\"https:\\\/\\\/www1.theletterfilm.org\\\/wp-content\\\/uploads\\\/2020\\\/09\\\/EN_Letter0.png\",\"width\":854,\"height\":214,\"caption\":\"The Letter Film\"},\"image\":{\"@id\":\"https:\\\/\\\/theletterfilm.org\\\/#\\\/schema\\\/logo\\\/image\\\/\"},\"sameAs\":[\"https:\\\/\\\/www.facebook.com\\\/profile.php?id=100085611172060\"]}]}<\/script>\n<!-- \/ Yoast SEO plugin. -->","yoast_head_json":{"title":"Gracias - The Letter","robots":{"index":"index","follow":"follow","max-snippet":"max-snippet:-1","max-image-preview":"max-image-preview:large","max-video-preview":"max-video-preview:-1"},"canonical":"https:\/\/theletterfilm.org\/es\/gracias\/","og_locale":"es_ES","og_type":"article","og_title":"Gracias - The Letter","og_description":"La CartaGraciasPuede descargar \"La gu\u00eda de las conversacionesdesafiantes sobrela la fe y el cambio clim\u00e1tico\" aqu\u00edVivimos en un sistema roto que ha creado una crisis planetaria. Para construir un futuro mejor, tenemos que unirnos de nuevas maneras y ver nuestra fe bajo nuevas luces.","og_url":"https:\/\/theletterfilm.org\/es\/gracias\/","og_site_name":"The Letter","article_publisher":"https:\/\/www.facebook.com\/profile.php?id=100085611172060","article_modified_time":"2022-11-22T22:09:46+00:00","og_image":[{"width":1200,"height":630,"url":"https:\/\/theletterfilm.org\/wp-content\/uploads\/2022\/11\/the-letter-socialmedia-share.jpg","type":"image\/jpeg"}],"twitter_card":"summary_large_image","twitter_misc":{"Tiempo de lectura":"3 minutos"},"schema":{"@context":"https:\/\/schema.org","@graph":[{"@type":"WebPage","@id":"https:\/\/theletterfilm.org\/es\/gracias\/","url":"https:\/\/theletterfilm.org\/es\/gracias\/","name":"Gracias - The Letter","isPartOf":{"@id":"https:\/\/theletterfilm.org\/#website"},"datePublished":"2020-10-15T06:26:33+00:00","dateModified":"2022-11-22T22:09:46+00:00","breadcrumb":{"@id":"https:\/\/theletterfilm.org\/es\/gracias\/#breadcrumb"},"inLanguage":"es","potentialAction":[{"@type":"ReadAction","target":["https:\/\/theletterfilm.org\/es\/gracias\/"]}]},{"@type":"BreadcrumbList","@id":"https:\/\/theletterfilm.org\/es\/gracias\/#breadcrumb","itemListElement":[{"@type":"ListItem","position":1,"name":"Home","item":"https:\/\/theletterfilm.org\/es\/"},{"@type":"ListItem","position":2,"name":"Gracias"}]},{"@type":"WebSite","@id":"https:\/\/theletterfilm.org\/#website","url":"https:\/\/theletterfilm.org\/","name":"The Letter","description":"Act Now","publisher":{"@id":"https:\/\/theletterfilm.org\/#organization"},"potentialAction":[{"@type":"SearchAction","target":{"@type":"EntryPoint","urlTemplate":"https:\/\/theletterfilm.org\/?s={search_term_string}"},"query-input":{"@type":"PropertyValueSpecification","valueRequired":true,"valueName":"search_term_string"}}],"inLanguage":"es"},{"@type":"Organization","@id":"https:\/\/theletterfilm.org\/#organization","name":"The Letter Film","url":"https:\/\/theletterfilm.org\/","logo":{"@type":"ImageObject","inLanguage":"es","@id":"https:\/\/theletterfilm.org\/#\/schema\/logo\/image\/","url":"https:\/\/www1.theletterfilm.org\/wp-content\/uploads\/2020\/09\/EN_Letter0.png","contentUrl":"https:\/\/www1.theletterfilm.org\/wp-content\/uploads\/2020\/09\/EN_Letter0.png","width":854,"height":214,"caption":"The Letter Film"},"image":{"@id":"https:\/\/theletterfilm.org\/#\/schema\/logo\/image\/"},"sameAs":["https:\/\/www.facebook.com\/profile.php?id=100085611172060"]}]}},"_links":{"self":[{"href":"https:\/\/theletterfilm.org\/es\/wp-json\/wp\/v2\/pages\/241188","targetHints":{"allow":["GET"]}}],"collection":[{"href":"https:\/\/theletterfilm.org\/es\/wp-json\/wp\/v2\/pages"}],"about":[{"href":"https:\/\/theletterfilm.org\/es\/wp-json\/wp\/v2\/types\/page"}],"author":[{"embeddable":true,"href":"https:\/\/theletterfilm.org\/es\/wp-json\/wp\/v2\/users\/1"}],"replies":[{"embeddable":true,"href":"https:\/\/theletterfilm.org\/es\/wp-json\/wp\/v2\/comments?post=241188"}],"version-history":[{"count":0,"href":"https:\/\/theletterfilm.org\/es\/wp-json\/wp\/v2\/pages\/241188\/revisions"}],"wp:attachment":[{"href":"https:\/\/theletterfilm.org\/es\/wp-json\/wp\/v2\/media?parent=241188"}],"curies":[{"name":"wp","href":"https:\/\/api.w.org\/{rel}","templated":true}]}}