{"id":241107,"date":"2022-11-02T09:56:17","date_gmt":"2022-11-02T09:56:17","guid":{"rendered":"https:\/\/bold-cartwright.3-19-126-172.plesk.page\/ver-la-pelicula\/"},"modified":"2025-05-07T15:27:16","modified_gmt":"2025-05-07T15:27:16","slug":"ver-la-pelicula","status":"publish","type":"page","link":"https:\/\/theletterfilm.org\/es\/ver-la-pelicula\/","title":{"rendered":"Ver la pel\u00edcula"},"content":{"rendered":"<p>[et_pb_section fb_built=\u00bb1&#8243; _builder_version=\u00bb4.16&#8243; background_color=\u00bbrgba(255,255,255,0)\u00bb background_size=\u00bbinitial\u00bb background_position=\u00bbcenter_left\u00bb custom_padding=\u00bb||0px||false|false\u00bb global_colors_info=\u00bb{}\u00bb][et_pb_row column_structure=\u00bb1_2,1_2&#8243; _builder_version=\u00bb4.16&#8243; custom_padding=\u00bb||11px|||\u00bb animation_style=\u00bbslide\u00bb animation_direction=\u00bbbottom\u00bb animation_duration=\u00bb800ms\u00bb animation_delay=\u00bb200ms\u00bb animation_intensity_slide=\u00bb3%\u00bb global_colors_info=\u00bb{}\u00bb][et_pb_column type=\u00bb1_2&#8243; _builder_version=\u00bb4.16&#8243; custom_padding=\u00bb100px||||false|false\u00bb custom_padding_tablet=\u00bb50px||||false|false\u00bb custom_padding_phone=\u00bb0px||||false|false\u00bb custom_padding_last_edited=\u00bbon|phone\u00bb global_colors_info=\u00bb{}\u00bb custom_padding__hover=\u00bb|||\u00bb][et_pb_text _builder_version=\u00bb4.18.1&#8243; text_font=\u00bbHerr Von Muellerhoff||||||||\u00bb text_text_color=\u00bbgcid-1c56ed07-9c3c-4423-acce-df85d285aa40&#8243; text_font_size=\u00bb60px\u00bb custom_margin=\u00bb||18px||false|false\u00bb custom_margin_tablet=\u00bb||50px||false|false\u00bb custom_margin_phone=\u00bb||25px||false|false\u00bb custom_margin_last_edited=\u00bbon|phone\u00bb text_font_size_tablet=\u00bb68px\u00bb text_font_size_phone=\u00bb48px\u00bb text_font_size_last_edited=\u00bbon|phone\u00bb global_colors_info=\u00bb{%22gcid-1c56ed07-9c3c-4423-acce-df85d285aa40%22:%91%22text_text_color%22%93}\u00bb]<\/p>\n<p>La Carta<\/p>\n<p>[\/et_pb_text][et_pb_text _builder_version=\u00bb4.18.1&#8243; header_font=\u00bb||||||||\u00bb header_2_font=\u00bbLibre Baskerville|800|||||||\u00bb header_2_text_color=\u00bb#3a1d1d\u00bb header_2_font_size=\u00bb56px\u00bb custom_margin=\u00bb||15px\u00bb header_2_font_size_tablet=\u00bb\u00bb header_2_font_size_phone=\u00bb34px\u00bb header_2_font_size_last_edited=\u00bbon|phone\u00bb global_colors_info=\u00bb{}\u00bb]<\/p>\n<h2>Un mensaje para nuestra tierra<\/h2>\n<p>[\/et_pb_text][et_pb_divider color=\u00bbgcid-1c56ed07-9c3c-4423-acce-df85d285aa40&#8243; divider_style=\u00bbdotted\u00bb divider_weight=\u00bb12px\u00bb _builder_version=\u00bb4.17.4&#8243; max_width=\u00bb20%\u00bb custom_padding=\u00bb25px||||false|false\u00bb global_colors_info=\u00bb{%22gcid-1c56ed07-9c3c-4423-acce-df85d285aa40%22:%91%22color%22%93}\u00bb][\/et_pb_divider][et_pb_text _builder_version=\u00bb4.18.1&#8243; text_font=\u00bbLora||||||||\u00bb global_colors_info=\u00bb{}\u00bb]<\/p>\n<p>La Carta c<span style=\"font-weight: 400;\">uenta la historia de un viaje a Roma de l\u00edderes de primera l\u00ednea para conversar sobre la carta enc\u00edclica Laudato Si&#8217; con el Papa Francisco. El di\u00e1logo exclusivo con el Papa, incluido en la pel\u00edcula, ofrece una visi\u00f3n reveladora de la historia personal del Papa Francisco e historias nunca vistas desde que se convirti\u00f3 en Obispo de Roma.<\/span><\/p>\n<p>[\/et_pb_text][et_pb_text _builder_version=\u00bb4.18.1&#8243; link_font=\u00bb|700|||||||\u00bb link_text_color=\u00bbgcid-1c56ed07-9c3c-4423-acce-df85d285aa40&#8243; link_option_url=\u00bb#ver\u00bb global_colors_info=\u00bb{%22gcid-1c56ed07-9c3c-4423-acce-df85d285aa40%22:%91%22link_text_color%22%93}\u00bb]<\/p>\n<p>M\u00edrala ahora<\/p>\n<p>[\/et_pb_text][\/et_pb_column][et_pb_column type=\u00bb1_2&#8243; _builder_version=\u00bb4.16&#8243; custom_padding=\u00bb|||\u00bb global_colors_info=\u00bb{}\u00bb custom_padding__hover=\u00bb|||\u00bb][et_pb_image src=\u00bbhttps:\/\/www1.theletterfilm.org\/wp-content\/uploads\/2022\/10\/Banner-vertical.png\u00bb title_text=\u00bbBanner-vertical\u00bb url=\u00bb#ver\u00bb align=\u00bbcenter\u00bb _builder_version=\u00bb4.18.1&#8243; _module_preset=\u00bbdefault\u00bb height=\u00bb602px\u00bb height_tablet=\u00bb602px\u00bb height_phone=\u00bb602px\u00bb height_last_edited=\u00bbon|tablet\u00bb max_height_tablet=\u00bb\u00bb max_height_phone=\u00bb\u00bb max_height_last_edited=\u00bbon|desktop\u00bb global_colors_info=\u00bb{}\u00bb transform_styles__hover_enabled=\u00bbon|hover\u00bb transform_scale__hover_enabled=\u00bbon|hover\u00bb transform_translate__hover_enabled=\u00bbon|desktop\u00bb transform_rotate__hover_enabled=\u00bbon|desktop\u00bb transform_skew__hover_enabled=\u00bbon|desktop\u00bb transform_origin__hover_enabled=\u00bbon|desktop\u00bb transform_scale__hover=\u00bb108%|108%\u00bb][\/et_pb_image][\/et_pb_column][\/et_pb_row][\/et_pb_section][et_pb_section fb_built=\u00bb1&#8243; custom_padding_last_edited=\u00bbon|phone\u00bb _builder_version=\u00bb4.16&#8243; _module_preset=\u00bbdefault\u00bb custom_padding=\u00bb13px||11px|||\u00bb custom_padding_tablet=\u00bb\u00bb custom_padding_phone=\u00bb0px||||false|false\u00bb global_colors_info=\u00bb{}\u00bb][et_pb_row _builder_version=\u00bb4.16&#8243; _module_preset=\u00bbdefault\u00bb global_colors_info=\u00bb{}\u00bb][et_pb_column type=\u00bb4_4&#8243; _builder_version=\u00bb4.16&#8243; _module_preset=\u00bbdefault\u00bb global_colors_info=\u00bb{}\u00bb][et_pb_text _builder_version=\u00bb4.18.1&#8243; header_font=\u00bb||||||||\u00bb header_2_font=\u00bb|800|||||||\u00bb header_2_text_align=\u00bbcenter\u00bb header_2_text_color=\u00bb#3a1d1d\u00bb header_2_font_size=\u00bb56px\u00bb custom_margin=\u00bb||15px\u00bb header_2_font_size_tablet=\u00bb\u00bb header_2_font_size_phone=\u00bb34px\u00bb header_2_font_size_last_edited=\u00bbon|phone\u00bb global_colors_info=\u00bb{}\u00bb]<\/p>\n<h2>M\u00edrala ahora<\/h2>\n<p>[\/et_pb_text][et_pb_divider color=\u00bbgcid-1c56ed07-9c3c-4423-acce-df85d285aa40&#8243; divider_style=\u00bbdotted\u00bb divider_weight=\u00bb12px\u00bb _builder_version=\u00bb4.17.4&#8243; max_width=\u00bb150px\u00bb module_alignment=\u00bbcenter\u00bb custom_padding=\u00bb25px||||false|false\u00bb global_colors_info=\u00bb{%22gcid-1c56ed07-9c3c-4423-acce-df85d285aa40%22:%91%22color%22%93}\u00bb][\/et_pb_divider][et_pb_video src=\u00bbhttps:\/\/youtu.be\/Rps9bs85BII\u00bb module_id=\u00bbwatch\u00bb _builder_version=\u00bb4.18.1&#8243; _module_preset=\u00bbdefault\u00bb global_colors_info=\u00bb{}\u00bb][\/et_pb_video][et_pb_text _builder_version=\u00bb4.18.1&#8243; _module_preset=\u00bbdefault\u00bb global_colors_info=\u00bb{}\u00bb]<\/p>\n<p><span>La pel\u00edcula est\u00e1 disponible con subt\u00edtulos en ingl\u00e9s, espa\u00f1ol, italiano, portugu\u00e9s y franc\u00e9s, y subt\u00edtulos autom\u00e1ticos en otros idiomas m\u00e1s. <\/span><\/p>\n<p><span>La versi\u00f3n doblada est\u00e1 disponible en espa\u00f1ol, italiano, portugu\u00e9s y franc\u00e9s. <\/span><\/p>\n<p><span>(Si lo necesitas, puedes ver<\/span> <a href=\"https:\/\/youtu.be\/QEWKZcKFa4s\" target=\"_blank\" rel=\"noopener\" data-saferedirecturl=\"https:\/\/www.google.com\/url?q=https:\/\/www1.theletterfilm.org\/download\/3507\/&amp;source=gmail&amp;ust=1665021621890000&amp;usg=AOvVaw2N1mU4PMfjhsukEECqVGLD\">este tutorial<\/a> <span>sobre como cambiar el idioma en los subt\u00edtulos)<\/span><\/p>\n<p>[\/et_pb_text][\/et_pb_column][\/et_pb_row][\/et_pb_section]<\/p>\n","protected":false},"excerpt":{"rendered":"<p>La CartaUn mensaje para nuestra tierraLa Carta cuenta la historia de un viaje a Roma de l\u00edderes de primera l\u00ednea para conversar sobre la carta enc\u00edclica Laudato Si&#8217; con el Papa Francisco. El di\u00e1logo exclusivo con el Papa, incluido en la pel\u00edcula, ofrece una visi\u00f3n reveladora de la historia personal del Papa Francisco e historias [&hellip;]<\/p>\n","protected":false},"author":1,"featured_media":0,"parent":0,"menu_order":0,"comment_status":"closed","ping_status":"closed","template":"","meta":{"_et_pb_use_builder":"on","_et_pb_old_content":"","_et_gb_content_width":"","footnotes":""},"class_list":["post-241107","page","type-page","status-publish","hentry"],"yoast_head":"<!-- This site is optimized with the Yoast SEO plugin v27.3 - https:\/\/yoast.com\/product\/yoast-seo-wordpress\/ -->\n<title>Ver la pel\u00edcula - The Letter<\/title>\n<meta name=\"robots\" content=\"index, follow, max-snippet:-1, max-image-preview:large, max-video-preview:-1\" \/>\n<link rel=\"canonical\" href=\"https:\/\/theletterfilm.org\/es\/ver-la-pelicula\/\" \/>\n<meta property=\"og:locale\" content=\"es_ES\" \/>\n<meta property=\"og:type\" content=\"article\" \/>\n<meta property=\"og:title\" content=\"Ver la pel\u00edcula - The Letter\" \/>\n<meta property=\"og:description\" content=\"La CartaUn mensaje para nuestra tierraLa Carta cuenta la historia de un viaje a Roma de l\u00edderes de primera l\u00ednea para conversar sobre la carta enc\u00edclica Laudato Si&#039; con el Papa Francisco. El di\u00e1logo exclusivo con el Papa, incluido en la pel\u00edcula, ofrece una visi\u00f3n reveladora de la historia personal del Papa Francisco e historias [&hellip;]\" \/>\n<meta property=\"og:url\" content=\"https:\/\/theletterfilm.org\/es\/ver-la-pelicula\/\" \/>\n<meta property=\"og:site_name\" content=\"The Letter\" \/>\n<meta property=\"article:publisher\" content=\"https:\/\/www.facebook.com\/profile.php?id=100085611172060\" \/>\n<meta property=\"article:modified_time\" content=\"2025-05-07T15:27:16+00:00\" \/>\n<meta property=\"og:image\" content=\"https:\/\/theletterfilm.org\/wp-content\/uploads\/2022\/11\/the-letter-socialmedia-share.jpg\" \/>\n\t<meta property=\"og:image:width\" content=\"1200\" \/>\n\t<meta property=\"og:image:height\" content=\"630\" \/>\n\t<meta property=\"og:image:type\" content=\"image\/jpeg\" \/>\n<meta name=\"twitter:card\" content=\"summary_large_image\" \/>\n<meta name=\"twitter:label1\" content=\"Tiempo de lectura\" \/>\n\t<meta name=\"twitter:data1\" content=\"2 minutos\" \/>\n<script type=\"application\/ld+json\" class=\"yoast-schema-graph\">{\"@context\":\"https:\\\/\\\/schema.org\",\"@graph\":[{\"@type\":\"WebPage\",\"@id\":\"https:\\\/\\\/theletterfilm.org\\\/es\\\/ver-la-pelicula\\\/\",\"url\":\"https:\\\/\\\/theletterfilm.org\\\/es\\\/ver-la-pelicula\\\/\",\"name\":\"Ver la pel\u00edcula - The Letter\",\"isPartOf\":{\"@id\":\"https:\\\/\\\/theletterfilm.org\\\/#website\"},\"datePublished\":\"2022-11-02T09:56:17+00:00\",\"dateModified\":\"2025-05-07T15:27:16+00:00\",\"breadcrumb\":{\"@id\":\"https:\\\/\\\/theletterfilm.org\\\/es\\\/ver-la-pelicula\\\/#breadcrumb\"},\"inLanguage\":\"es\",\"potentialAction\":[{\"@type\":\"ReadAction\",\"target\":[\"https:\\\/\\\/theletterfilm.org\\\/es\\\/ver-la-pelicula\\\/\"]}]},{\"@type\":\"BreadcrumbList\",\"@id\":\"https:\\\/\\\/theletterfilm.org\\\/es\\\/ver-la-pelicula\\\/#breadcrumb\",\"itemListElement\":[{\"@type\":\"ListItem\",\"position\":1,\"name\":\"Home\",\"item\":\"https:\\\/\\\/theletterfilm.org\\\/es\\\/\"},{\"@type\":\"ListItem\",\"position\":2,\"name\":\"Ver la pel\u00edcula\"}]},{\"@type\":\"WebSite\",\"@id\":\"https:\\\/\\\/theletterfilm.org\\\/#website\",\"url\":\"https:\\\/\\\/theletterfilm.org\\\/\",\"name\":\"The Letter\",\"description\":\"Act Now\",\"publisher\":{\"@id\":\"https:\\\/\\\/theletterfilm.org\\\/#organization\"},\"potentialAction\":[{\"@type\":\"SearchAction\",\"target\":{\"@type\":\"EntryPoint\",\"urlTemplate\":\"https:\\\/\\\/theletterfilm.org\\\/?s={search_term_string}\"},\"query-input\":{\"@type\":\"PropertyValueSpecification\",\"valueRequired\":true,\"valueName\":\"search_term_string\"}}],\"inLanguage\":\"es\"},{\"@type\":\"Organization\",\"@id\":\"https:\\\/\\\/theletterfilm.org\\\/#organization\",\"name\":\"The Letter Film\",\"url\":\"https:\\\/\\\/theletterfilm.org\\\/\",\"logo\":{\"@type\":\"ImageObject\",\"inLanguage\":\"es\",\"@id\":\"https:\\\/\\\/theletterfilm.org\\\/#\\\/schema\\\/logo\\\/image\\\/\",\"url\":\"https:\\\/\\\/www1.theletterfilm.org\\\/wp-content\\\/uploads\\\/2020\\\/09\\\/EN_Letter0.png\",\"contentUrl\":\"https:\\\/\\\/www1.theletterfilm.org\\\/wp-content\\\/uploads\\\/2020\\\/09\\\/EN_Letter0.png\",\"width\":854,\"height\":214,\"caption\":\"The Letter Film\"},\"image\":{\"@id\":\"https:\\\/\\\/theletterfilm.org\\\/#\\\/schema\\\/logo\\\/image\\\/\"},\"sameAs\":[\"https:\\\/\\\/www.facebook.com\\\/profile.php?id=100085611172060\"]}]}<\/script>\n<!-- \/ Yoast SEO plugin. -->","yoast_head_json":{"title":"Ver la pel\u00edcula - The Letter","robots":{"index":"index","follow":"follow","max-snippet":"max-snippet:-1","max-image-preview":"max-image-preview:large","max-video-preview":"max-video-preview:-1"},"canonical":"https:\/\/theletterfilm.org\/es\/ver-la-pelicula\/","og_locale":"es_ES","og_type":"article","og_title":"Ver la pel\u00edcula - The Letter","og_description":"La CartaUn mensaje para nuestra tierraLa Carta cuenta la historia de un viaje a Roma de l\u00edderes de primera l\u00ednea para conversar sobre la carta enc\u00edclica Laudato Si' con el Papa Francisco. El di\u00e1logo exclusivo con el Papa, incluido en la pel\u00edcula, ofrece una visi\u00f3n reveladora de la historia personal del Papa Francisco e historias [&hellip;]","og_url":"https:\/\/theletterfilm.org\/es\/ver-la-pelicula\/","og_site_name":"The Letter","article_publisher":"https:\/\/www.facebook.com\/profile.php?id=100085611172060","article_modified_time":"2025-05-07T15:27:16+00:00","og_image":[{"width":1200,"height":630,"url":"https:\/\/theletterfilm.org\/wp-content\/uploads\/2022\/11\/the-letter-socialmedia-share.jpg","type":"image\/jpeg"}],"twitter_card":"summary_large_image","twitter_misc":{"Tiempo de lectura":"2 minutos"},"schema":{"@context":"https:\/\/schema.org","@graph":[{"@type":"WebPage","@id":"https:\/\/theletterfilm.org\/es\/ver-la-pelicula\/","url":"https:\/\/theletterfilm.org\/es\/ver-la-pelicula\/","name":"Ver la pel\u00edcula - The Letter","isPartOf":{"@id":"https:\/\/theletterfilm.org\/#website"},"datePublished":"2022-11-02T09:56:17+00:00","dateModified":"2025-05-07T15:27:16+00:00","breadcrumb":{"@id":"https:\/\/theletterfilm.org\/es\/ver-la-pelicula\/#breadcrumb"},"inLanguage":"es","potentialAction":[{"@type":"ReadAction","target":["https:\/\/theletterfilm.org\/es\/ver-la-pelicula\/"]}]},{"@type":"BreadcrumbList","@id":"https:\/\/theletterfilm.org\/es\/ver-la-pelicula\/#breadcrumb","itemListElement":[{"@type":"ListItem","position":1,"name":"Home","item":"https:\/\/theletterfilm.org\/es\/"},{"@type":"ListItem","position":2,"name":"Ver la pel\u00edcula"}]},{"@type":"WebSite","@id":"https:\/\/theletterfilm.org\/#website","url":"https:\/\/theletterfilm.org\/","name":"The Letter","description":"Act Now","publisher":{"@id":"https:\/\/theletterfilm.org\/#organization"},"potentialAction":[{"@type":"SearchAction","target":{"@type":"EntryPoint","urlTemplate":"https:\/\/theletterfilm.org\/?s={search_term_string}"},"query-input":{"@type":"PropertyValueSpecification","valueRequired":true,"valueName":"search_term_string"}}],"inLanguage":"es"},{"@type":"Organization","@id":"https:\/\/theletterfilm.org\/#organization","name":"The Letter Film","url":"https:\/\/theletterfilm.org\/","logo":{"@type":"ImageObject","inLanguage":"es","@id":"https:\/\/theletterfilm.org\/#\/schema\/logo\/image\/","url":"https:\/\/www1.theletterfilm.org\/wp-content\/uploads\/2020\/09\/EN_Letter0.png","contentUrl":"https:\/\/www1.theletterfilm.org\/wp-content\/uploads\/2020\/09\/EN_Letter0.png","width":854,"height":214,"caption":"The Letter Film"},"image":{"@id":"https:\/\/theletterfilm.org\/#\/schema\/logo\/image\/"},"sameAs":["https:\/\/www.facebook.com\/profile.php?id=100085611172060"]}]}},"_links":{"self":[{"href":"https:\/\/theletterfilm.org\/es\/wp-json\/wp\/v2\/pages\/241107","targetHints":{"allow":["GET"]}}],"collection":[{"href":"https:\/\/theletterfilm.org\/es\/wp-json\/wp\/v2\/pages"}],"about":[{"href":"https:\/\/theletterfilm.org\/es\/wp-json\/wp\/v2\/types\/page"}],"author":[{"embeddable":true,"href":"https:\/\/theletterfilm.org\/es\/wp-json\/wp\/v2\/users\/1"}],"replies":[{"embeddable":true,"href":"https:\/\/theletterfilm.org\/es\/wp-json\/wp\/v2\/comments?post=241107"}],"version-history":[{"count":1,"href":"https:\/\/theletterfilm.org\/es\/wp-json\/wp\/v2\/pages\/241107\/revisions"}],"predecessor-version":[{"id":243675,"href":"https:\/\/theletterfilm.org\/es\/wp-json\/wp\/v2\/pages\/241107\/revisions\/243675"}],"wp:attachment":[{"href":"https:\/\/theletterfilm.org\/es\/wp-json\/wp\/v2\/media?parent=241107"}],"curies":[{"name":"wp","href":"https:\/\/api.w.org\/{rel}","templated":true}]}}