{"id":243580,"date":"2023-05-10T16:05:16","date_gmt":"2023-05-10T16:05:16","guid":{"rendered":"https:\/\/www1.theletterfilm.org\/film-ressourcen\/"},"modified":"2025-05-07T15:20:19","modified_gmt":"2025-05-07T15:20:19","slug":"film-ressourcen","status":"publish","type":"page","link":"https:\/\/theletterfilm.org\/de\/film-ressourcen\/","title":{"rendered":"Film-Ressourcen"},"content":{"rendered":"<p>[et_pb_section fb_built=&#8220;1&#8243; custom_padding_last_edited=&#8220;on|phone&#8220; _builder_version=&#8220;4.20.0&#8243; use_background_color_gradient=&#8220;on&#8220; background_color_gradient_direction=&#8220;90deg&#8220; background_color_gradient_stops=&#8220;rgba(0,0,0,0.47) 0%|rgba(255,255,255,0) 68%&#8220; background_color_gradient_overlays_image=&#8220;on&#8220; background_image=&#8220;https:\/\/www1.theletterfilm.org\/wp-content\/uploads\/2023\/05\/After-pope-meeting-4.jpg&#8220; parallax=&#8220;on&#8220; parallax_method=&#8220;off&#8220; height_tablet=&#8220;&#8220; height_phone=&#8220;&#8220; height_last_edited=&#8220;on|desktop&#8220; custom_padding_tablet=&#8220;5vh||||false|false&#8220; custom_padding_phone=&#8220;50px||0px||false|false&#8220; background_last_edited=&#8220;on|phone&#8220; parallax_phone=&#8220;off&#8220; global_colors_info=&#8220;{}&#8220; custom_css_main_element_last_edited=&#8220;on|desktop&#8220;][et_pb_row column_structure=&#8220;2_5,3_5&#8243; custom_padding_last_edited=&#8220;on|tablet&#8220; _builder_version=&#8220;4.16&#8243; width_tablet=&#8220;80%&#8220; width_phone=&#8220;80%&#8220; width_last_edited=&#8220;on|phone&#8220; custom_padding=&#8220;120px||||false|false&#8220; custom_padding_tablet=&#8220;50px||||false|false&#8220; custom_padding_phone=&#8220;50px||||false|false&#8220; animation_style=&#8220;slide&#8220; animation_direction=&#8220;bottom&#8220; animation_duration=&#8220;2000ms&#8220; animation_intensity_slide=&#8220;3%&#8220; global_colors_info=&#8220;{}&#8220;][et_pb_column type=&#8220;2_5&#8243; _builder_version=&#8220;4.16&#8243; custom_padding=&#8220;|||&#8220; global_colors_info=&#8220;{}&#8220; custom_padding__hover=&#8220;|||&#8220;][et_pb_text _builder_version=&#8220;4.20.0&#8243; text_font=&#8220;Herr Von Muellerhoff||||||||&#8220; text_text_color=&#8220;rgba(255,255,255,0.6)&#8220; text_font_size=&#8220;70px&#8220; custom_margin=&#8220;||10px||false|false&#8220; text_text_color_tablet=&#8220;#FFFFFF&#8220; text_text_color_phone=&#8220;#FFFFFF&#8220; text_text_color_last_edited=&#8220;on|phone&#8220; text_font_size_tablet=&#8220;52px&#8220; text_font_size_phone=&#8220;36px&#8220; text_font_size_last_edited=&#8220;on|phone&#8220; global_colors_info=&#8220;{}&#8220;]<\/p>\n<p>The Letter<\/p>\n<p>[\/et_pb_text][et_pb_text _builder_version=&#8220;4.20.0&#8243; header_font=&#8220;|800||on|||||&#8220; header_text_align=&#8220;left&#8220; header_text_color=&#8220;#ffffff&#8220; header_font_size=&#8220;68px&#8220; header_line_height=&#8220;1.2em&#8220; max_width_tablet=&#8220;&#8220; max_width_phone=&#8220;&#8220; max_width_last_edited=&#8220;on|desktop&#8220; module_alignment=&#8220;center&#8220; custom_margin=&#8220;||10px&#8220; header_font_size_tablet=&#8220;48px&#8220; header_font_size_phone=&#8220;30px&#8220; header_font_size_last_edited=&#8220;on|phone&#8220; global_colors_info=&#8220;{}&#8220;]<\/p>\n<h1>Film-Ressourcen<\/h1>\n<p>[\/et_pb_text][et_pb_text _builder_version=&#8220;4.20.0&#8243; text_font=&#8220;Lora||||||||&#8220; text_text_color=&#8220;#FFFFFF&#8220; locked=&#8220;off&#8220; global_colors_info=&#8220;{}&#8220;]Willkommen auf unserer Seite mit Filmressourcen! Hier finden Sie alle Hilfsmittel, die Sie ben\u00f6tigen, um &#8222;The Letterf&#8220; in vollem Umfang zu erleben und Ihre Gemeinschaft zu vergr\u00f6\u00dfern. Ist Ihr Land nicht aufgef\u00fchrt? Das ist kein Problem! <a style=\"text-decoration: underline;\" href=\"https:\/\/drive.google.com\/drive\/folders\/1rdmv0ppwpFhXqi6xipW-ELcWqCoO53WK?usp=share_link\" target=\"_blank\" rel=\"noopener\">Diese Ressourcen sind f\u00fcr alle verf\u00fcgbar.<\/a> Werfen Sie einen Blick darauf und erforschen Sie mit uns die unerz\u00e4hlten Geschichten hinter einem der wichtigsten Briefe der Geschichte.<br \/>Sie sind nicht katholisch? Unabh\u00e4ngig von Ihrem Glauben kann jeder die beeindruckende Geschichte hinter dem &#8222;Brief&#8220; verstehen. Um Ihnen zu helfen, die Geschichte in vollem Umfang zu erleben, haben wir Ressourcen f\u00fcr alle Zuschauer zusammengestellt. Sehen Sie sich diese hier an <a style=\"text-decoration: underline;\" href=\"https:\/\/drive.google.com\/drive\/folders\/11subPHnEk6yjpJLR6JBYbd2F7ZexkWA1\" target=\"_blank\" rel=\"noopener\">Link.<\/a>[\/et_pb_text][\/et_pb_column][et_pb_column type=&#8220;3_5&#8243; _builder_version=&#8220;4.16&#8243; custom_padding=&#8220;|||&#8220; global_colors_info=&#8220;{}&#8220; custom_padding__hover=&#8220;|||&#8220;][\/et_pb_column][\/et_pb_row][\/et_pb_section][et_pb_section fb_built=&#8220;1&#8243; _builder_version=&#8220;4.16&#8243; background_color=&#8220;rgba(255,255,255,0)&#8220; background_size=&#8220;initial&#8220; background_position=&#8220;center_left&#8220; custom_padding=&#8220;||0px||false|false&#8220; global_colors_info=&#8220;{}&#8220;][et_pb_row column_structure=&#8220;3_5,2_5&#8243; _builder_version=&#8220;4.20.0&#8243; custom_padding=&#8220;||23px|||&#8220; animation_style=&#8220;slide&#8220; animation_direction=&#8220;bottom&#8220; animation_duration=&#8220;800ms&#8220; animation_delay=&#8220;200ms&#8220; animation_intensity_slide=&#8220;3%&#8220; global_colors_info=&#8220;{}&#8220;][et_pb_column type=&#8220;3_5&#8243; _builder_version=&#8220;4.20.0&#8243; custom_padding=&#8220;0px||||false|false&#8220; custom_padding_tablet=&#8220;50px||||false|false&#8220; custom_padding_phone=&#8220;0px||||false|false&#8220; custom_padding_last_edited=&#8220;on|phone&#8220; global_colors_info=&#8220;{}&#8220; custom_padding__hover=&#8220;|||&#8220;][et_pb_text _builder_version=&#8220;4.20.0&#8243; header_font=&#8220;||||||||&#8220; header_2_font=&#8220;Libre Baskerville|800|||||||&#8220; header_2_text_color=&#8220;#3a1d1d&#8220; header_2_font_size=&#8220;56px&#8220; custom_margin=&#8220;||15px&#8220; header_2_font_size_tablet=&#8220;&#8220; header_2_font_size_phone=&#8220;34px&#8220; header_2_font_size_last_edited=&#8220;on|phone&#8220; global_colors_info=&#8220;{}&#8220;]<\/p>\n<h2>Film-Ressourcen<\/h2>\n<p>[\/et_pb_text][et_pb_divider color=&#8220;gcid-1c56ed07-9c3c-4423-acce-df85d285aa40&#8243; divider_style=&#8220;dotted&#8220; divider_weight=&#8220;12px&#8220; _builder_version=&#8220;4.17.4&#8243; max_width=&#8220;14%&#8220; custom_padding=&#8220;25px||||false|false&#8220; global_colors_info=&#8220;{%22gcid-1c56ed07-9c3c-4423-acce-df85d285aa40%22:%91%22color%22%93}&#8220;][\/et_pb_divider][\/et_pb_column][et_pb_column type=&#8220;2_5&#8243; _builder_version=&#8220;4.16&#8243; custom_padding=&#8220;|||&#8220; global_colors_info=&#8220;{}&#8220; custom_padding__hover=&#8220;|||&#8220;][\/et_pb_column][\/et_pb_row][\/et_pb_section][et_pb_section fb_built=&#8220;1&#8243; _builder_version=&#8220;4.20.0&#8243; _module_preset=&#8220;default&#8220; custom_padding=&#8220;0px||60px||false|false&#8220; saved_tabs=&#8220;all&#8220; global_colors_info=&#8220;{}&#8220;][et_pb_row _builder_version=&#8220;4.20.0&#8243; _module_preset=&#8220;default&#8220; global_colors_info=&#8220;{}&#8220;][et_pb_column type=&#8220;4_4&#8243; _builder_version=&#8220;4.20.0&#8243; _module_preset=&#8220;default&#8220; global_colors_info=&#8220;{}&#8220;][difl_iconlist list_view_type=&#8220;inline&#8220; list_item_equal_width=&#8220;on&#8220; list_item_vertical_alignment=&#8220;center&#8220; list_item_elements_align=&#8220;on&#8220; list_item_content_max_width=&#8220;100%&#8220; list_item_per_column_tablet=&#8220;&#8220; list_item_per_column_phone=&#8220;1&#8243; list_item_per_column_last_edited=&#8220;on|phone&#8220; _builder_version=&#8220;4.20.0&#8243; _module_preset=&#8220;default&#8220; width=&#8220;100%&#8220; module_alignment=&#8220;left&#8220; border_radii_child_wrapper_element=&#8220;on|5px|5px|5px|5px&#8220; border_width_all_child_wrapper_element=&#8220;1px&#8220; border_color_all_child_wrapper_element=&#8220;#e8e8e8&#8243; box_shadow_style_child_wrapper_element=&#8220;preset1&#8243; box_shadow_horizontal_child_wrapper_element=&#8220;3px&#8220; box_shadow_vertical_child_wrapper_element=&#8220;5px&#8220; box_shadow_blur_child_wrapper_element=&#8220;12px&#8220; box_shadow_spread_child_wrapper_element=&#8220;-7px&#8220; global_colors_info=&#8220;{}&#8220;][difl_iconlistitem list_item_title=&#8220;USA&#8220; list_item_icon_type=&#8220;image&#8220; list_item_image=&#8220;https:\/\/www1.theletterfilm.org\/wp-content\/uploads\/2023\/05\/usa.png&#8220; list_item_title_url=&#8220;https:\/\/drive.google.com\/drive\/folders\/1Rpm3Rh9-BQdtyqIi3NteiOTxZc2uhz9p?usp=share_link&#8220; list_item_title_url_new_window=&#8220;on&#8220; _builder_version=&#8220;4.20.0&#8243; link_option_url=&#8220;https:\/\/drive.google.com\/drive\/folders\/1Rpm3Rh9-BQdtyqIi3NteiOTxZc2uhz9p?usp=share_link&#8220; link_option_url_new_window=&#8220;on&#8220; global_colors_info=&#8220;{}&#8220;][\/difl_iconlistitem][difl_iconlistitem list_item_title=&#8220;The Philippines&#8220; list_item_icon_type=&#8220;image&#8220; list_item_image=&#8220;https:\/\/www1.theletterfilm.org\/wp-content\/uploads\/2023\/05\/philippines.png&#8220; list_item_title_url=&#8220;https:\/\/drive.google.com\/drive\/folders\/1F97sQU6eizio6BHIqkTmFDOt7kM8r9Xc?usp=share_link&#8220; list_item_title_url_new_window=&#8220;on&#8220; _builder_version=&#8220;4.20.0&#8243; link_option_url=&#8220;https:\/\/drive.google.com\/drive\/folders\/1F97sQU6eizio6BHIqkTmFDOt7kM8r9Xc?usp=share_link&#8220; link_option_url_new_window=&#8220;on&#8220; global_colors_info=&#8220;{}&#8220;][\/difl_iconlistitem][difl_iconlistitem list_item_title=&#8220;Spain&#8220; list_item_icon_type=&#8220;image&#8220; list_item_image=&#8220;https:\/\/www1.theletterfilm.org\/wp-content\/uploads\/2023\/05\/spain-2.png&#8220; list_item_title_url=&#8220;https:\/\/drive.google.com\/drive\/folders\/1d2azDVu8x6mSOGqUbWxbXC7jL7uyuCwP?usp=share_link&#8220; list_item_title_url_new_window=&#8220;on&#8220; _builder_version=&#8220;4.20.0&#8243; link_option_url=&#8220;https:\/\/drive.google.com\/drive\/folders\/1d2azDVu8x6mSOGqUbWxbXC7jL7uyuCwP?usp=share_link&#8220; link_option_url_new_window=&#8220;on&#8220; global_colors_info=&#8220;{}&#8220;][\/difl_iconlistitem][difl_iconlistitem list_item_title=&#8220;South Africa&#8220; list_item_icon_type=&#8220;image&#8220; list_item_image=&#8220;https:\/\/www1.theletterfilm.org\/wp-content\/uploads\/2023\/05\/sa.png&#8220; list_item_title_url=&#8220;https:\/\/drive.google.com\/drive\/folders\/1XFtMPa75Rt80CMxEN78mL2KHE1IF8zeW?usp=share_link&#8220; list_item_title_url_new_window=&#8220;on&#8220; _builder_version=&#8220;4.20.0&#8243; link_option_url=&#8220;https:\/\/drive.google.com\/drive\/folders\/1XFtMPa75Rt80CMxEN78mL2KHE1IF8zeW?usp=share_link&#8220; link_option_url_new_window=&#8220;on&#8220; global_colors_info=&#8220;{}&#8220;][\/difl_iconlistitem][difl_iconlistitem list_item_title=&#8220;Poland&#8220; list_item_icon_type=&#8220;image&#8220; list_item_image=&#8220;https:\/\/www1.theletterfilm.org\/wp-content\/uploads\/2023\/05\/poland.png&#8220; list_item_title_url=&#8220;https:\/\/drive.google.com\/drive\/folders\/1b742cNPXe87WdV5YVrdBXV2HIqyuwT7U?usp=share_link&#8220; list_item_title_url_new_window=&#8220;on&#8220; _builder_version=&#8220;4.20.0&#8243; link_option_url=&#8220;https:\/\/drive.google.com\/drive\/folders\/1b742cNPXe87WdV5YVrdBXV2HIqyuwT7U?usp=share_link&#8220; link_option_url_new_window=&#8220;on&#8220; global_colors_info=&#8220;{}&#8220;][\/difl_iconlistitem][difl_iconlistitem list_item_title=&#8220;Mexico&#8220; list_item_icon_type=&#8220;image&#8220; list_item_image=&#8220;https:\/\/www1.theletterfilm.org\/wp-content\/uploads\/2023\/05\/mexico.png&#8220; list_item_title_url=&#8220;https:\/\/drive.google.com\/drive\/folders\/15XpXfo9nMbVpP-Bm7K4ANzro7LTqkQ7k?usp=share_link&#8220; list_item_title_url_new_window=&#8220;on&#8220; _builder_version=&#8220;4.20.0&#8243; link_option_url=&#8220;https:\/\/drive.google.com\/drive\/folders\/15XpXfo9nMbVpP-Bm7K4ANzro7LTqkQ7k?usp=share_link&#8220; link_option_url_new_window=&#8220;on&#8220; global_colors_info=&#8220;{}&#8220;][\/difl_iconlistitem][difl_iconlistitem list_item_title=&#8220;Kenya&#8220; list_item_icon_type=&#8220;image&#8220; list_item_image=&#8220;https:\/\/www1.theletterfilm.org\/wp-content\/uploads\/2023\/05\/kenya-flag.png&#8220; list_item_title_url=&#8220;https:\/\/drive.google.com\/drive\/folders\/1H7RxNZzJaQXGyVHqh8f_MSu-0qJEfwX9?usp=share_link&#8220; list_item_title_url_new_window=&#8220;on&#8220; _builder_version=&#8220;4.20.0&#8243; link_option_url=&#8220;https:\/\/drive.google.com\/drive\/folders\/1H7RxNZzJaQXGyVHqh8f_MSu-0qJEfwX9?usp=share_link&#8220; link_option_url_new_window=&#8220;on&#8220; global_colors_info=&#8220;{}&#8220;][\/difl_iconlistitem][difl_iconlistitem list_item_title=&#8220;Italy&#8220; list_item_icon_type=&#8220;image&#8220; list_item_image=&#8220;https:\/\/www1.theletterfilm.org\/wp-content\/uploads\/2023\/05\/italy.png&#8220; list_item_title_url=&#8220;https:\/\/drive.google.com\/drive\/folders\/1NAlBLCGzeFIDU9HTN7MdgQFz3g2vJf8b?usp=share_link&#8220; list_item_title_url_new_window=&#8220;on&#8220; _builder_version=&#8220;4.20.0&#8243; link_option_url=&#8220;https:\/\/drive.google.com\/drive\/folders\/1NAlBLCGzeFIDU9HTN7MdgQFz3g2vJf8b?usp=share_link&#8220; link_option_url_new_window=&#8220;on&#8220; global_colors_info=&#8220;{}&#8220;][\/difl_iconlistitem][difl_iconlistitem list_item_title=&#8220;Ireland&#8220; list_item_icon_type=&#8220;image&#8220; list_item_image=&#8220;https:\/\/www1.theletterfilm.org\/wp-content\/uploads\/2023\/05\/ireland.png&#8220; list_item_title_url=&#8220;https:\/\/drive.google.com\/drive\/folders\/1OXP4vIfBzuBohmpVOz7ZRlsS_Qz0XIxz?usp=share_link&#8220; list_item_title_url_new_window=&#8220;on&#8220; _builder_version=&#8220;4.20.0&#8243; link_option_url=&#8220;https:\/\/drive.google.com\/drive\/folders\/1OXP4vIfBzuBohmpVOz7ZRlsS_Qz0XIxz?usp=share_link&#8220; link_option_url_new_window=&#8220;on&#8220; global_colors_info=&#8220;{}&#8220;][\/difl_iconlistitem][difl_iconlistitem list_item_title=&#8220;France&#8220; list_item_icon_type=&#8220;image&#8220; list_item_image=&#8220;https:\/\/www1.theletterfilm.org\/wp-content\/uploads\/2023\/05\/france.png&#8220; list_item_title_url=&#8220;https:\/\/drive.google.com\/drive\/folders\/1fwUWcui1MhucdcGoH_byQm-cRWwvWuZT?usp=share_link&#8220; list_item_title_url_new_window=&#8220;on&#8220; _builder_version=&#8220;4.20.0&#8243; link_option_url=&#8220;https:\/\/drive.google.com\/drive\/folders\/1fwUWcui1MhucdcGoH_byQm-cRWwvWuZT?usp=share_link&#8220; link_option_url_new_window=&#8220;on&#8220; global_colors_info=&#8220;{}&#8220;][\/difl_iconlistitem][difl_iconlistitem list_item_title=&#8220;Canada&#8220; list_item_icon_type=&#8220;image&#8220; list_item_image=&#8220;https:\/\/www1.theletterfilm.org\/wp-content\/uploads\/2023\/05\/canada.png&#8220; list_item_title_url=&#8220;https:\/\/drive.google.com\/drive\/folders\/1wTV-8VUKn21G55D5JaEZMhkdWC11HWD9?usp=share_link&#8220; list_item_title_url_new_window=&#8220;on&#8220; _builder_version=&#8220;4.20.0&#8243; link_option_url=&#8220;https:\/\/drive.google.com\/drive\/folders\/1wTV-8VUKn21G55D5JaEZMhkdWC11HWD9?usp=share_link&#8220; link_option_url_new_window=&#8220;on&#8220; global_colors_info=&#8220;{}&#8220;][\/difl_iconlistitem][difl_iconlistitem list_item_title=&#8220;Brazil&#8220; list_item_icon_type=&#8220;image&#8220; list_item_image=&#8220;https:\/\/www1.theletterfilm.org\/wp-content\/uploads\/2023\/05\/brazil.png&#8220; list_item_title_url=&#8220;https:\/\/drive.google.com\/drive\/folders\/1FxWI482t_NX02RVHv8DDfVvfJ0ag1qqw?usp=share_link&#8220; list_item_title_url_new_window=&#8220;on&#8220; _builder_version=&#8220;4.20.0&#8243; link_option_url=&#8220;https:\/\/drive.google.com\/drive\/folders\/1FxWI482t_NX02RVHv8DDfVvfJ0ag1qqw?usp=share_link&#8220; link_option_url_new_window=&#8220;on&#8220; global_colors_info=&#8220;{}&#8220;][\/difl_iconlistitem][difl_iconlistitem list_item_title=&#8220;Australia&#8220; list_item_icon_type=&#8220;image&#8220; list_item_image=&#8220;https:\/\/www1.theletterfilm.org\/wp-content\/uploads\/2023\/05\/australia-flag.png&#8220; list_item_title_url=&#8220;https:\/\/drive.google.com\/drive\/folders\/1C8-Avlt9T7Roj7PvDrcMUqcNdeVGZt0d?usp=share_link&#8220; list_item_title_url_new_window=&#8220;on&#8220; _builder_version=&#8220;4.20.0&#8243; link_option_url=&#8220;https:\/\/drive.google.com\/drive\/folders\/1C8-Avlt9T7Roj7PvDrcMUqcNdeVGZt0d?usp=share_link&#8220; link_option_url_new_window=&#8220;on&#8220; global_colors_info=&#8220;{}&#8220;][\/difl_iconlistitem][difl_iconlistitem list_item_title=&#8220;Argentina&#8220; list_item_icon_type=&#8220;image&#8220; list_item_image=&#8220;https:\/\/www1.theletterfilm.org\/wp-content\/uploads\/2023\/05\/argentina.png&#8220; list_item_title_url=&#8220;https:\/\/drive.google.com\/drive\/folders\/1b3T361hQBucI_hGG2pzbp1RMhLHk-LTV?usp=share_link&#8220; list_item_title_url_new_window=&#8220;on&#8220; _builder_version=&#8220;4.20.0&#8243; link_option_url=&#8220;https:\/\/drive.google.com\/drive\/folders\/1b3T361hQBucI_hGG2pzbp1RMhLHk-LTV?usp=share_link&#8220; link_option_url_new_window=&#8220;on&#8220; global_colors_info=&#8220;{}&#8220;][\/difl_iconlistitem][difl_iconlistitem list_item_title=&#8220;  Netherlands (Dutch)&#8220; list_item_icon_type=&#8220;image&#8220; list_item_image=&#8220;https:\/\/www1.theletterfilm.org\/wp-content\/uploads\/2023\/06\/netherlandsDutch.png&#8220; list_item_title_url=&#8220;https:\/\/drive.google.com\/drive\/folders\/10kasfRPeagRl4EynMmPoTeUzs2LSKCWW?usp=drive_link&#8220; list_item_title_url_new_window=&#8220;on&#8220; _builder_version=&#8220;4.20.0&#8243; link_option_url=&#8220;https:\/\/drive.google.com\/drive\/folders\/10kasfRPeagRl4EynMmPoTeUzs2LSKCWW?usp=drive_link&#8220; link_option_url_new_window=&#8220;on&#8220; global_colors_info=&#8220;{}&#8220;][\/difl_iconlistitem][\/difl_iconlist][\/et_pb_column][\/et_pb_row][\/et_pb_section]<\/p>\n","protected":false},"excerpt":{"rendered":"<p>The LetterFilm-RessourcenWillkommen auf unserer Seite mit Filmressourcen! Hier finden Sie alle Hilfsmittel, die Sie ben\u00f6tigen, um &#8222;The Letterf&#8220; in vollem Umfang zu erleben und Ihre Gemeinschaft zu vergr\u00f6\u00dfern. Ist Ihr Land nicht aufgef\u00fchrt? Das ist kein Problem! Diese Ressourcen sind f\u00fcr alle verf\u00fcgbar. Werfen Sie einen Blick darauf und erforschen Sie mit uns die unerz\u00e4hlten [&hellip;]<\/p>\n","protected":false},"author":3,"featured_media":0,"parent":0,"menu_order":0,"comment_status":"closed","ping_status":"closed","template":"","meta":{"_et_pb_use_builder":"on","_et_pb_old_content":"","_et_gb_content_width":"","footnotes":""},"class_list":["post-243580","page","type-page","status-publish","hentry"],"yoast_head":"<!-- This site is optimized with the Yoast SEO plugin v27.3 - https:\/\/yoast.com\/product\/yoast-seo-wordpress\/ -->\n<title>Film-Ressourcen - The Letter<\/title>\n<meta name=\"robots\" content=\"index, follow, max-snippet:-1, max-image-preview:large, max-video-preview:-1\" \/>\n<link rel=\"canonical\" href=\"https:\/\/theletterfilm.org\/de\/film-ressourcen\/\" \/>\n<meta property=\"og:locale\" content=\"de_DE\" \/>\n<meta property=\"og:type\" content=\"article\" \/>\n<meta property=\"og:title\" content=\"Film-Ressourcen - The Letter\" \/>\n<meta property=\"og:description\" content=\"The LetterFilm-RessourcenWillkommen auf unserer Seite mit Filmressourcen! Hier finden Sie alle Hilfsmittel, die Sie ben\u00f6tigen, um &quot;The Letterf&quot; in vollem Umfang zu erleben und Ihre Gemeinschaft zu vergr\u00f6\u00dfern. Ist Ihr Land nicht aufgef\u00fchrt? Das ist kein Problem! Diese Ressourcen sind f\u00fcr alle verf\u00fcgbar. Werfen Sie einen Blick darauf und erforschen Sie mit uns die unerz\u00e4hlten [&hellip;]\" \/>\n<meta property=\"og:url\" content=\"https:\/\/theletterfilm.org\/de\/film-ressourcen\/\" \/>\n<meta property=\"og:site_name\" content=\"The Letter\" \/>\n<meta property=\"article:publisher\" content=\"https:\/\/www.facebook.com\/profile.php?id=100085611172060\" \/>\n<meta property=\"article:modified_time\" content=\"2025-05-07T15:20:19+00:00\" \/>\n<meta property=\"og:image\" content=\"https:\/\/theletterfilm.org\/wp-content\/uploads\/2022\/11\/the-letter-socialmedia-share.jpg\" \/>\n\t<meta property=\"og:image:width\" content=\"1200\" \/>\n\t<meta property=\"og:image:height\" content=\"630\" \/>\n\t<meta property=\"og:image:type\" content=\"image\/jpeg\" \/>\n<meta name=\"twitter:card\" content=\"summary_large_image\" \/>\n<meta name=\"twitter:label1\" content=\"Gesch\u00e4tzte Lesezeit\" \/>\n\t<meta name=\"twitter:data1\" content=\"10\u00a0Minuten\" \/>\n<script type=\"application\/ld+json\" class=\"yoast-schema-graph\">{\"@context\":\"https:\\\/\\\/schema.org\",\"@graph\":[{\"@type\":\"WebPage\",\"@id\":\"https:\\\/\\\/theletterfilm.org\\\/de\\\/film-ressourcen\\\/\",\"url\":\"https:\\\/\\\/theletterfilm.org\\\/de\\\/film-ressourcen\\\/\",\"name\":\"Film-Ressourcen - The Letter\",\"isPartOf\":{\"@id\":\"https:\\\/\\\/theletterfilm.org\\\/#website\"},\"datePublished\":\"2023-05-10T16:05:16+00:00\",\"dateModified\":\"2025-05-07T15:20:19+00:00\",\"breadcrumb\":{\"@id\":\"https:\\\/\\\/theletterfilm.org\\\/de\\\/film-ressourcen\\\/#breadcrumb\"},\"inLanguage\":\"de\",\"potentialAction\":[{\"@type\":\"ReadAction\",\"target\":[\"https:\\\/\\\/theletterfilm.org\\\/de\\\/film-ressourcen\\\/\"]}]},{\"@type\":\"BreadcrumbList\",\"@id\":\"https:\\\/\\\/theletterfilm.org\\\/de\\\/film-ressourcen\\\/#breadcrumb\",\"itemListElement\":[{\"@type\":\"ListItem\",\"position\":1,\"name\":\"Home\",\"item\":\"https:\\\/\\\/theletterfilm.org\\\/de\\\/\"},{\"@type\":\"ListItem\",\"position\":2,\"name\":\"Film-Ressourcen\"}]},{\"@type\":\"WebSite\",\"@id\":\"https:\\\/\\\/theletterfilm.org\\\/#website\",\"url\":\"https:\\\/\\\/theletterfilm.org\\\/\",\"name\":\"The Letter\",\"description\":\"Act Now\",\"publisher\":{\"@id\":\"https:\\\/\\\/theletterfilm.org\\\/#organization\"},\"potentialAction\":[{\"@type\":\"SearchAction\",\"target\":{\"@type\":\"EntryPoint\",\"urlTemplate\":\"https:\\\/\\\/theletterfilm.org\\\/?s={search_term_string}\"},\"query-input\":{\"@type\":\"PropertyValueSpecification\",\"valueRequired\":true,\"valueName\":\"search_term_string\"}}],\"inLanguage\":\"de\"},{\"@type\":\"Organization\",\"@id\":\"https:\\\/\\\/theletterfilm.org\\\/#organization\",\"name\":\"The Letter Film\",\"url\":\"https:\\\/\\\/theletterfilm.org\\\/\",\"logo\":{\"@type\":\"ImageObject\",\"inLanguage\":\"de\",\"@id\":\"https:\\\/\\\/theletterfilm.org\\\/#\\\/schema\\\/logo\\\/image\\\/\",\"url\":\"https:\\\/\\\/www1.theletterfilm.org\\\/wp-content\\\/uploads\\\/2020\\\/09\\\/EN_Letter0.png\",\"contentUrl\":\"https:\\\/\\\/www1.theletterfilm.org\\\/wp-content\\\/uploads\\\/2020\\\/09\\\/EN_Letter0.png\",\"width\":854,\"height\":214,\"caption\":\"The Letter Film\"},\"image\":{\"@id\":\"https:\\\/\\\/theletterfilm.org\\\/#\\\/schema\\\/logo\\\/image\\\/\"},\"sameAs\":[\"https:\\\/\\\/www.facebook.com\\\/profile.php?id=100085611172060\"]}]}<\/script>\n<!-- \/ Yoast SEO plugin. -->","yoast_head_json":{"title":"Film-Ressourcen - The Letter","robots":{"index":"index","follow":"follow","max-snippet":"max-snippet:-1","max-image-preview":"max-image-preview:large","max-video-preview":"max-video-preview:-1"},"canonical":"https:\/\/theletterfilm.org\/de\/film-ressourcen\/","og_locale":"de_DE","og_type":"article","og_title":"Film-Ressourcen - The Letter","og_description":"The LetterFilm-RessourcenWillkommen auf unserer Seite mit Filmressourcen! Hier finden Sie alle Hilfsmittel, die Sie ben\u00f6tigen, um \"The Letterf\" in vollem Umfang zu erleben und Ihre Gemeinschaft zu vergr\u00f6\u00dfern. Ist Ihr Land nicht aufgef\u00fchrt? Das ist kein Problem! Diese Ressourcen sind f\u00fcr alle verf\u00fcgbar. Werfen Sie einen Blick darauf und erforschen Sie mit uns die unerz\u00e4hlten [&hellip;]","og_url":"https:\/\/theletterfilm.org\/de\/film-ressourcen\/","og_site_name":"The Letter","article_publisher":"https:\/\/www.facebook.com\/profile.php?id=100085611172060","article_modified_time":"2025-05-07T15:20:19+00:00","og_image":[{"width":1200,"height":630,"url":"https:\/\/theletterfilm.org\/wp-content\/uploads\/2022\/11\/the-letter-socialmedia-share.jpg","type":"image\/jpeg"}],"twitter_card":"summary_large_image","twitter_misc":{"Gesch\u00e4tzte Lesezeit":"10\u00a0Minuten"},"schema":{"@context":"https:\/\/schema.org","@graph":[{"@type":"WebPage","@id":"https:\/\/theletterfilm.org\/de\/film-ressourcen\/","url":"https:\/\/theletterfilm.org\/de\/film-ressourcen\/","name":"Film-Ressourcen - The Letter","isPartOf":{"@id":"https:\/\/theletterfilm.org\/#website"},"datePublished":"2023-05-10T16:05:16+00:00","dateModified":"2025-05-07T15:20:19+00:00","breadcrumb":{"@id":"https:\/\/theletterfilm.org\/de\/film-ressourcen\/#breadcrumb"},"inLanguage":"de","potentialAction":[{"@type":"ReadAction","target":["https:\/\/theletterfilm.org\/de\/film-ressourcen\/"]}]},{"@type":"BreadcrumbList","@id":"https:\/\/theletterfilm.org\/de\/film-ressourcen\/#breadcrumb","itemListElement":[{"@type":"ListItem","position":1,"name":"Home","item":"https:\/\/theletterfilm.org\/de\/"},{"@type":"ListItem","position":2,"name":"Film-Ressourcen"}]},{"@type":"WebSite","@id":"https:\/\/theletterfilm.org\/#website","url":"https:\/\/theletterfilm.org\/","name":"The Letter","description":"Act Now","publisher":{"@id":"https:\/\/theletterfilm.org\/#organization"},"potentialAction":[{"@type":"SearchAction","target":{"@type":"EntryPoint","urlTemplate":"https:\/\/theletterfilm.org\/?s={search_term_string}"},"query-input":{"@type":"PropertyValueSpecification","valueRequired":true,"valueName":"search_term_string"}}],"inLanguage":"de"},{"@type":"Organization","@id":"https:\/\/theletterfilm.org\/#organization","name":"The Letter Film","url":"https:\/\/theletterfilm.org\/","logo":{"@type":"ImageObject","inLanguage":"de","@id":"https:\/\/theletterfilm.org\/#\/schema\/logo\/image\/","url":"https:\/\/www1.theletterfilm.org\/wp-content\/uploads\/2020\/09\/EN_Letter0.png","contentUrl":"https:\/\/www1.theletterfilm.org\/wp-content\/uploads\/2020\/09\/EN_Letter0.png","width":854,"height":214,"caption":"The Letter Film"},"image":{"@id":"https:\/\/theletterfilm.org\/#\/schema\/logo\/image\/"},"sameAs":["https:\/\/www.facebook.com\/profile.php?id=100085611172060"]}]}},"_links":{"self":[{"href":"https:\/\/theletterfilm.org\/de\/wp-json\/wp\/v2\/pages\/243580","targetHints":{"allow":["GET"]}}],"collection":[{"href":"https:\/\/theletterfilm.org\/de\/wp-json\/wp\/v2\/pages"}],"about":[{"href":"https:\/\/theletterfilm.org\/de\/wp-json\/wp\/v2\/types\/page"}],"author":[{"embeddable":true,"href":"https:\/\/theletterfilm.org\/de\/wp-json\/wp\/v2\/users\/3"}],"replies":[{"embeddable":true,"href":"https:\/\/theletterfilm.org\/de\/wp-json\/wp\/v2\/comments?post=243580"}],"version-history":[{"count":1,"href":"https:\/\/theletterfilm.org\/de\/wp-json\/wp\/v2\/pages\/243580\/revisions"}],"predecessor-version":[{"id":243669,"href":"https:\/\/theletterfilm.org\/de\/wp-json\/wp\/v2\/pages\/243580\/revisions\/243669"}],"wp:attachment":[{"href":"https:\/\/theletterfilm.org\/de\/wp-json\/wp\/v2\/media?parent=243580"}],"curies":[{"name":"wp","href":"https:\/\/api.w.org\/{rel}","templated":true}]}}