{"id":243566,"date":"2022-11-02T09:56:17","date_gmt":"2022-11-02T09:56:17","guid":{"rendered":"https:\/\/www1.theletterfilm.org\/ansehen\/"},"modified":"2025-05-07T15:28:50","modified_gmt":"2025-05-07T15:28:50","slug":"ansehen","status":"publish","type":"page","link":"https:\/\/theletterfilm.org\/de\/ansehen\/","title":{"rendered":"ansehen"},"content":{"rendered":"<p>[et_pb_section fb_built=&#8220;1&#8243; _builder_version=&#8220;4.16&#8243; background_color=&#8220;rgba(255,255,255,0)&#8220; background_size=&#8220;initial&#8220; background_position=&#8220;center_left&#8220; custom_padding=&#8220;||0px||false|false&#8220; global_colors_info=&#8220;{}&#8220;][et_pb_row column_structure=&#8220;1_2,1_2&#8243; _builder_version=&#8220;4.16&#8243; custom_padding=&#8220;||11px|||&#8220; animation_style=&#8220;slide&#8220; animation_direction=&#8220;bottom&#8220; animation_duration=&#8220;800ms&#8220; animation_delay=&#8220;200ms&#8220; animation_intensity_slide=&#8220;3%&#8220; global_colors_info=&#8220;{}&#8220;][et_pb_column type=&#8220;1_2&#8243; _builder_version=&#8220;4.16&#8243; custom_padding=&#8220;100px||||false|false&#8220; custom_padding_tablet=&#8220;50px||||false|false&#8220; custom_padding_phone=&#8220;0px||||false|false&#8220; custom_padding_last_edited=&#8220;on|phone&#8220; global_colors_info=&#8220;{}&#8220; custom_padding__hover=&#8220;|||&#8220;][et_pb_text _builder_version=&#8220;4.18.1&#8243; text_font=&#8220;Herr Von Muellerhoff||||||||&#8220; text_text_color=&#8220;gcid-1c56ed07-9c3c-4423-acce-df85d285aa40&#8243; text_font_size=&#8220;60px&#8220; custom_margin=&#8220;||18px||false|false&#8220; custom_margin_tablet=&#8220;||50px||false|false&#8220; custom_margin_phone=&#8220;||25px||false|false&#8220; custom_margin_last_edited=&#8220;on|phone&#8220; text_font_size_tablet=&#8220;68px&#8220; text_font_size_phone=&#8220;48px&#8220; text_font_size_last_edited=&#8220;on|phone&#8220; global_colors_info=&#8220;{%22gcid-1c56ed07-9c3c-4423-acce-df85d285aa40%22:%91%22text_text_color%22%93}&#8220;]<\/p>\n<p>The Letter<\/p>\n<p>[\/et_pb_text][et_pb_text _builder_version=&#8220;4.18.1&#8243; header_font=&#8220;||||||||&#8220; header_2_font=&#8220;Libre Baskerville|800|||||||&#8220; header_2_text_color=&#8220;#3a1d1d&#8220; header_2_font_size=&#8220;56px&#8220; custom_margin=&#8220;||15px&#8220; header_2_font_size_tablet=&#8220;&#8220; header_2_font_size_phone=&#8220;34px&#8220; header_2_font_size_last_edited=&#8220;on|phone&#8220; global_colors_info=&#8220;{}&#8220;]<\/p>\n<h2>Eine Botschaft f\u00fcr unsere Erde<\/h2>\n<p>[\/et_pb_text][et_pb_divider color=&#8220;gcid-1c56ed07-9c3c-4423-acce-df85d285aa40&#8243; divider_style=&#8220;dotted&#8220; divider_weight=&#8220;12px&#8220; _builder_version=&#8220;4.17.4&#8243; max_width=&#8220;20%&#8220; custom_padding=&#8220;25px||||false|false&#8220; global_colors_info=&#8220;{%22gcid-1c56ed07-9c3c-4423-acce-df85d285aa40%22:%91%22color%22%93}&#8220;][\/et_pb_divider][et_pb_text _builder_version=&#8220;4.18.1&#8243; text_font=&#8220;Lora||||||||&#8220; global_colors_info=&#8220;{}&#8220;]<\/p>\n<p>The Letter t<span style=\"font-weight: 400;\">F\u00fchrungskr\u00e4ften nach Rom, um die Enzyklika Laudato Si&#8216; mit Papst Franziskus zu diskutieren. Der exklusive Dialog mit dem Papst, der im Film enthalten ist, bietet einen aufschlussreichen Einblick in die pers\u00f6nliche Geschichte von Papst Franziskus und Geschichten, die noch nie gesehen wurden, seit er Bischof von Rom ist. <\/span><\/p>\n<p>[\/et_pb_text][et_pb_text _builder_version=&#8220;4.18.1&#8243; link_font=&#8220;|700|||||||&#8220; link_text_color=&#8220;gcid-1c56ed07-9c3c-4423-acce-df85d285aa40&#8243; link_option_url=&#8220;#watch&#8220; global_colors_info=&#8220;{%22gcid-1c56ed07-9c3c-4423-acce-df85d285aa40%22:%91%22link_text_color%22%93}&#8220;]<\/p>\n<p>Watch Now<\/p>\n<p>[\/et_pb_text][\/et_pb_column][et_pb_column type=&#8220;1_2&#8243; _builder_version=&#8220;4.16&#8243; custom_padding=&#8220;|||&#8220; global_colors_info=&#8220;{}&#8220; custom_padding__hover=&#8220;|||&#8220;][et_pb_image src=&#8220;https:\/\/www1.theletterfilm.org\/wp-content\/uploads\/2022\/10\/Banner-vertical.png&#8220; title_text=&#8220;Banner-vertical&#8220; url=&#8220;#watch&#8220; align=&#8220;center&#8220; _builder_version=&#8220;4.18.1&#8243; _module_preset=&#8220;default&#8220; height=&#8220;602px&#8220; height_tablet=&#8220;602px&#8220; height_phone=&#8220;602px&#8220; height_last_edited=&#8220;on|tablet&#8220; max_height_tablet=&#8220;&#8220; max_height_phone=&#8220;&#8220; max_height_last_edited=&#8220;on|desktop&#8220; global_colors_info=&#8220;{}&#8220; transform_styles__hover_enabled=&#8220;on|hover&#8220; transform_scale__hover_enabled=&#8220;on|hover&#8220; transform_translate__hover_enabled=&#8220;on|desktop&#8220; transform_rotate__hover_enabled=&#8220;on|desktop&#8220; transform_skew__hover_enabled=&#8220;on|desktop&#8220; transform_origin__hover_enabled=&#8220;on|desktop&#8220; transform_scale__hover=&#8220;108%|108%&#8220;][\/et_pb_image][\/et_pb_column][\/et_pb_row][\/et_pb_section][et_pb_section fb_built=&#8220;1&#8243; custom_padding_last_edited=&#8220;on|phone&#8220; _builder_version=&#8220;4.16&#8243; _module_preset=&#8220;default&#8220; custom_padding=&#8220;13px||11px|||&#8220; custom_padding_tablet=&#8220;&#8220; custom_padding_phone=&#8220;0px||||false|false&#8220; global_colors_info=&#8220;{}&#8220;][et_pb_row _builder_version=&#8220;4.16&#8243; _module_preset=&#8220;default&#8220; global_colors_info=&#8220;{}&#8220;][et_pb_column type=&#8220;4_4&#8243; _builder_version=&#8220;4.16&#8243; _module_preset=&#8220;default&#8220; global_colors_info=&#8220;{}&#8220;][et_pb_text _builder_version=&#8220;4.18.1&#8243; header_font=&#8220;||||||||&#8220; header_2_font=&#8220;|800|||||||&#8220; header_2_text_align=&#8220;center&#8220; header_2_text_color=&#8220;#3a1d1d&#8220; header_2_font_size=&#8220;56px&#8220; custom_margin=&#8220;||15px&#8220; header_2_font_size_tablet=&#8220;&#8220; header_2_font_size_phone=&#8220;34px&#8220; header_2_font_size_last_edited=&#8220;on|phone&#8220; global_colors_info=&#8220;{}&#8220;]<\/p>\n<h2>Jetzt ansehen<\/h2>\n<p>[\/et_pb_text][et_pb_divider color=&#8220;gcid-1c56ed07-9c3c-4423-acce-df85d285aa40&#8243; divider_style=&#8220;dotted&#8220; divider_weight=&#8220;12px&#8220; _builder_version=&#8220;4.17.4&#8243; max_width=&#8220;150px&#8220; module_alignment=&#8220;center&#8220; custom_padding=&#8220;25px||||false|false&#8220; global_colors_info=&#8220;{%22gcid-1c56ed07-9c3c-4423-acce-df85d285aa40%22:%91%22color%22%93}&#8220;][\/et_pb_divider][et_pb_video src=&#8220;https:\/\/youtu.be\/Rps9bs85BII&#8220; module_id=&#8220;watch&#8220; _builder_version=&#8220;4.18.1&#8243; _module_preset=&#8220;default&#8220; global_colors_info=&#8220;{}&#8220;][\/et_pb_video][et_pb_text _builder_version=&#8220;4.18.1&#8243; _module_preset=&#8220;default&#8220; global_colors_info=&#8220;{}&#8220;]<\/p>\n<p><span>Der Film ist mit Untertiteln in Englisch, Spanisch, Italienisch, Portugiesisch und Franz\u00f6sisch sowie mit automatischen Untertiteln in allen anderen Sprachen verf\u00fcgbar. <\/span><\/p>\n<p><span>Synchronisierte Versionen sind auch in Spanisch, Italienisch, Portugiesisch, Deutsch und Franz\u00f6sisch verf\u00fcgbar. <\/span><\/p>\n<p>(<span>Falls erforderlich, siehe<\/span> <span>Anleitung<\/span> <a href=\"https:\/\/youtu.be\/QEWKZcKFa4s\" target=\"_blank\" rel=\"noopener\" data-saferedirecturl=\"https:\/\/www.google.com\/url?q=https:\/\/www1.theletterfilm.org\/download\/3507\/&amp;source=gmail&amp;ust=1665021621890000&amp;usg=AOvVaw2N1mU4PMfjhsukEECqVGLD\">zum \u00c4ndern der Sprachen)<\/a><\/p>\n<p>[\/et_pb_text][\/et_pb_column][\/et_pb_row][\/et_pb_section]<\/p>\n","protected":false},"excerpt":{"rendered":"<p>The LetterEine Botschaft f\u00fcr unsere ErdeThe Letter tF\u00fchrungskr\u00e4ften nach Rom, um die Enzyklika Laudato Si&#8216; mit Papst Franziskus zu diskutieren. Der exklusive Dialog mit dem Papst, der im Film enthalten ist, bietet einen aufschlussreichen Einblick in die pers\u00f6nliche Geschichte von Papst Franziskus und Geschichten, die noch nie gesehen wurden, seit er Bischof von Rom ist. [&hellip;]<\/p>\n","protected":false},"author":1,"featured_media":0,"parent":0,"menu_order":0,"comment_status":"closed","ping_status":"closed","template":"","meta":{"_et_pb_use_builder":"on","_et_pb_old_content":"","_et_gb_content_width":"","footnotes":""},"class_list":["post-243566","page","type-page","status-publish","hentry"],"yoast_head":"<!-- This site is optimized with the Yoast SEO plugin v27.3 - https:\/\/yoast.com\/product\/yoast-seo-wordpress\/ -->\n<title>ansehen - The Letter<\/title>\n<meta name=\"robots\" content=\"index, follow, max-snippet:-1, max-image-preview:large, max-video-preview:-1\" \/>\n<link rel=\"canonical\" href=\"https:\/\/theletterfilm.org\/de\/ansehen\/\" \/>\n<meta property=\"og:locale\" content=\"de_DE\" \/>\n<meta property=\"og:type\" content=\"article\" \/>\n<meta property=\"og:title\" content=\"ansehen - The Letter\" \/>\n<meta property=\"og:description\" content=\"The LetterEine Botschaft f\u00fcr unsere ErdeThe Letter tF\u00fchrungskr\u00e4ften nach Rom, um die Enzyklika Laudato Si&#039; mit Papst Franziskus zu diskutieren. Der exklusive Dialog mit dem Papst, der im Film enthalten ist, bietet einen aufschlussreichen Einblick in die pers\u00f6nliche Geschichte von Papst Franziskus und Geschichten, die noch nie gesehen wurden, seit er Bischof von Rom ist. [&hellip;]\" \/>\n<meta property=\"og:url\" content=\"https:\/\/theletterfilm.org\/de\/ansehen\/\" \/>\n<meta property=\"og:site_name\" content=\"The Letter\" \/>\n<meta property=\"article:publisher\" content=\"https:\/\/www.facebook.com\/profile.php?id=100085611172060\" \/>\n<meta property=\"article:modified_time\" content=\"2025-05-07T15:28:50+00:00\" \/>\n<meta property=\"og:image\" content=\"https:\/\/theletterfilm.org\/wp-content\/uploads\/2022\/11\/the-letter-socialmedia-share.jpg\" \/>\n\t<meta property=\"og:image:width\" content=\"1200\" \/>\n\t<meta property=\"og:image:height\" content=\"630\" \/>\n\t<meta property=\"og:image:type\" content=\"image\/jpeg\" \/>\n<meta name=\"twitter:card\" content=\"summary_large_image\" \/>\n<meta name=\"twitter:label1\" content=\"Gesch\u00e4tzte Lesezeit\" \/>\n\t<meta name=\"twitter:data1\" content=\"4\u00a0Minuten\" \/>\n<script type=\"application\/ld+json\" class=\"yoast-schema-graph\">{\"@context\":\"https:\\\/\\\/schema.org\",\"@graph\":[{\"@type\":\"WebPage\",\"@id\":\"https:\\\/\\\/theletterfilm.org\\\/de\\\/ansehen\\\/\",\"url\":\"https:\\\/\\\/theletterfilm.org\\\/de\\\/ansehen\\\/\",\"name\":\"ansehen - The Letter\",\"isPartOf\":{\"@id\":\"https:\\\/\\\/theletterfilm.org\\\/#website\"},\"datePublished\":\"2022-11-02T09:56:17+00:00\",\"dateModified\":\"2025-05-07T15:28:50+00:00\",\"breadcrumb\":{\"@id\":\"https:\\\/\\\/theletterfilm.org\\\/de\\\/ansehen\\\/#breadcrumb\"},\"inLanguage\":\"de\",\"potentialAction\":[{\"@type\":\"ReadAction\",\"target\":[\"https:\\\/\\\/theletterfilm.org\\\/de\\\/ansehen\\\/\"]}]},{\"@type\":\"BreadcrumbList\",\"@id\":\"https:\\\/\\\/theletterfilm.org\\\/de\\\/ansehen\\\/#breadcrumb\",\"itemListElement\":[{\"@type\":\"ListItem\",\"position\":1,\"name\":\"Home\",\"item\":\"https:\\\/\\\/theletterfilm.org\\\/de\\\/\"},{\"@type\":\"ListItem\",\"position\":2,\"name\":\"ansehen\"}]},{\"@type\":\"WebSite\",\"@id\":\"https:\\\/\\\/theletterfilm.org\\\/#website\",\"url\":\"https:\\\/\\\/theletterfilm.org\\\/\",\"name\":\"The Letter\",\"description\":\"Act Now\",\"publisher\":{\"@id\":\"https:\\\/\\\/theletterfilm.org\\\/#organization\"},\"potentialAction\":[{\"@type\":\"SearchAction\",\"target\":{\"@type\":\"EntryPoint\",\"urlTemplate\":\"https:\\\/\\\/theletterfilm.org\\\/?s={search_term_string}\"},\"query-input\":{\"@type\":\"PropertyValueSpecification\",\"valueRequired\":true,\"valueName\":\"search_term_string\"}}],\"inLanguage\":\"de\"},{\"@type\":\"Organization\",\"@id\":\"https:\\\/\\\/theletterfilm.org\\\/#organization\",\"name\":\"The Letter Film\",\"url\":\"https:\\\/\\\/theletterfilm.org\\\/\",\"logo\":{\"@type\":\"ImageObject\",\"inLanguage\":\"de\",\"@id\":\"https:\\\/\\\/theletterfilm.org\\\/#\\\/schema\\\/logo\\\/image\\\/\",\"url\":\"https:\\\/\\\/www1.theletterfilm.org\\\/wp-content\\\/uploads\\\/2020\\\/09\\\/EN_Letter0.png\",\"contentUrl\":\"https:\\\/\\\/www1.theletterfilm.org\\\/wp-content\\\/uploads\\\/2020\\\/09\\\/EN_Letter0.png\",\"width\":854,\"height\":214,\"caption\":\"The Letter Film\"},\"image\":{\"@id\":\"https:\\\/\\\/theletterfilm.org\\\/#\\\/schema\\\/logo\\\/image\\\/\"},\"sameAs\":[\"https:\\\/\\\/www.facebook.com\\\/profile.php?id=100085611172060\"]}]}<\/script>\n<!-- \/ Yoast SEO plugin. -->","yoast_head_json":{"title":"ansehen - The Letter","robots":{"index":"index","follow":"follow","max-snippet":"max-snippet:-1","max-image-preview":"max-image-preview:large","max-video-preview":"max-video-preview:-1"},"canonical":"https:\/\/theletterfilm.org\/de\/ansehen\/","og_locale":"de_DE","og_type":"article","og_title":"ansehen - The Letter","og_description":"The LetterEine Botschaft f\u00fcr unsere ErdeThe Letter tF\u00fchrungskr\u00e4ften nach Rom, um die Enzyklika Laudato Si' mit Papst Franziskus zu diskutieren. Der exklusive Dialog mit dem Papst, der im Film enthalten ist, bietet einen aufschlussreichen Einblick in die pers\u00f6nliche Geschichte von Papst Franziskus und Geschichten, die noch nie gesehen wurden, seit er Bischof von Rom ist. [&hellip;]","og_url":"https:\/\/theletterfilm.org\/de\/ansehen\/","og_site_name":"The Letter","article_publisher":"https:\/\/www.facebook.com\/profile.php?id=100085611172060","article_modified_time":"2025-05-07T15:28:50+00:00","og_image":[{"width":1200,"height":630,"url":"https:\/\/theletterfilm.org\/wp-content\/uploads\/2022\/11\/the-letter-socialmedia-share.jpg","type":"image\/jpeg"}],"twitter_card":"summary_large_image","twitter_misc":{"Gesch\u00e4tzte Lesezeit":"4\u00a0Minuten"},"schema":{"@context":"https:\/\/schema.org","@graph":[{"@type":"WebPage","@id":"https:\/\/theletterfilm.org\/de\/ansehen\/","url":"https:\/\/theletterfilm.org\/de\/ansehen\/","name":"ansehen - The Letter","isPartOf":{"@id":"https:\/\/theletterfilm.org\/#website"},"datePublished":"2022-11-02T09:56:17+00:00","dateModified":"2025-05-07T15:28:50+00:00","breadcrumb":{"@id":"https:\/\/theletterfilm.org\/de\/ansehen\/#breadcrumb"},"inLanguage":"de","potentialAction":[{"@type":"ReadAction","target":["https:\/\/theletterfilm.org\/de\/ansehen\/"]}]},{"@type":"BreadcrumbList","@id":"https:\/\/theletterfilm.org\/de\/ansehen\/#breadcrumb","itemListElement":[{"@type":"ListItem","position":1,"name":"Home","item":"https:\/\/theletterfilm.org\/de\/"},{"@type":"ListItem","position":2,"name":"ansehen"}]},{"@type":"WebSite","@id":"https:\/\/theletterfilm.org\/#website","url":"https:\/\/theletterfilm.org\/","name":"The Letter","description":"Act Now","publisher":{"@id":"https:\/\/theletterfilm.org\/#organization"},"potentialAction":[{"@type":"SearchAction","target":{"@type":"EntryPoint","urlTemplate":"https:\/\/theletterfilm.org\/?s={search_term_string}"},"query-input":{"@type":"PropertyValueSpecification","valueRequired":true,"valueName":"search_term_string"}}],"inLanguage":"de"},{"@type":"Organization","@id":"https:\/\/theletterfilm.org\/#organization","name":"The Letter Film","url":"https:\/\/theletterfilm.org\/","logo":{"@type":"ImageObject","inLanguage":"de","@id":"https:\/\/theletterfilm.org\/#\/schema\/logo\/image\/","url":"https:\/\/www1.theletterfilm.org\/wp-content\/uploads\/2020\/09\/EN_Letter0.png","contentUrl":"https:\/\/www1.theletterfilm.org\/wp-content\/uploads\/2020\/09\/EN_Letter0.png","width":854,"height":214,"caption":"The Letter Film"},"image":{"@id":"https:\/\/theletterfilm.org\/#\/schema\/logo\/image\/"},"sameAs":["https:\/\/www.facebook.com\/profile.php?id=100085611172060"]}]}},"_links":{"self":[{"href":"https:\/\/theletterfilm.org\/de\/wp-json\/wp\/v2\/pages\/243566","targetHints":{"allow":["GET"]}}],"collection":[{"href":"https:\/\/theletterfilm.org\/de\/wp-json\/wp\/v2\/pages"}],"about":[{"href":"https:\/\/theletterfilm.org\/de\/wp-json\/wp\/v2\/types\/page"}],"author":[{"embeddable":true,"href":"https:\/\/theletterfilm.org\/de\/wp-json\/wp\/v2\/users\/1"}],"replies":[{"embeddable":true,"href":"https:\/\/theletterfilm.org\/de\/wp-json\/wp\/v2\/comments?post=243566"}],"version-history":[{"count":1,"href":"https:\/\/theletterfilm.org\/de\/wp-json\/wp\/v2\/pages\/243566\/revisions"}],"predecessor-version":[{"id":243676,"href":"https:\/\/theletterfilm.org\/de\/wp-json\/wp\/v2\/pages\/243566\/revisions\/243676"}],"wp:attachment":[{"href":"https:\/\/theletterfilm.org\/de\/wp-json\/wp\/v2\/media?parent=243566"}],"curies":[{"name":"wp","href":"https:\/\/api.w.org\/{rel}","templated":true}]}}